{"id":51009,"date":"2015-06-08T16:17:23","date_gmt":"2015-06-08T14:17:23","guid":{"rendered":"https:\/\/www.villa-koeppe.de\/?page_id=51009"},"modified":"2019-03-11T17:37:54","modified_gmt":"2019-03-11T16:37:54","slug":"imprint-2","status":"publish","type":"page","link":"https:\/\/www.villa-koeppe.de\/en\/imprint-2\/","title":{"rendered":"Imprint &#038; Privacy Policy"},"content":{"rendered":"<div class=\"wpb-content-wrapper\">[vc_row][vc_column][vc_column_text]K\u00d6PPE CONTEMPORARY<\/p>\n<p>Inhaber: Dr. Wolfgang K\u00f6ppe<\/p>\n<p>Knausstra\u00dfe 19<br \/>\n14193 Berlin-Grunewald<\/p>\n<p>Tel: +49 (0)30 825 54 43<br \/>\nFax: +49 (0)30 826 62 12<br \/>\nMobil: +49 (0)176 \/ 23 37 92 78<\/p>\n<p><a href=\"&#109;&#x61;&#x69;&#108;&#x74;&#x6f;&#58;&#x67;&#x61;&#108;&#x65;&#x72;&#105;&#x65;&#x40;&#118;&#x69;&#x6c;&#108;&#x61;&#x2d;&#107;&#x6f;&#x65;&#112;&#x70;&#x65;&#46;&#x64;&#x65;\">&#x67;&#x61;&#x6c;&#x65;&#x72;&#x69;&#101;&#64;&#118;&#105;lla-&#x6b;&#x6f;&#x65;&#x70;&#x70;&#x65;&#46;&#100;&#101;<\/a><br \/>\n<a href=\"https:\/\/www.villa-koeppe.de\">www.villa-koeppe.de<\/a><\/p>\n<p>USt-IDNR:<br \/>\nDE815372557<br \/>\nFinanzamt Berlin Wilmersdorf<\/p>\n<p>Inhaltlich verantwortlich gem. \u00a7 55 Abs. 2 RStV:<br \/>\nDr. Wolfgang K\u00f6ppe<br \/>\nAnschrift siehe oben<\/p>\n<h3>Design &amp; Web Developement<\/h3>\n<p>FRAU KUSS &#8211; Artgerechte Gestaltung<br \/>\n<a href=\"https:\/\/www.frau-kuss.com\" target=\"_blank\" rel=\"noopener noreferrer\">frau-kuss.com<\/a><\/p>\n<h3>Privacy Policy<\/h3>\n<p>Please see <a href=\"https:\/\/www.villa-koeppe.de\/datenschutz\" target=\"_blank\" rel=\"noopener noreferrer\">german version<\/a>[\/vc_column_text][\/vc_column][\/vc_row]\n<\/div>","protected":false},"excerpt":{"rendered":"<p>[vc_row][vc_column][vc_column_text]K\u00d6PPE CONTEMPORARY Inhaber: Dr. Wolfgang K\u00f6ppe Knausstra\u00dfe 19 14193 Berlin-Grunewald&#8230;<\/p>\n","protected":false},"author":1,"featured_media":0,"parent":0,"menu_order":0,"comment_status":"closed","ping_status":"open","template":"","meta":{"footnotes":""},"class_list":["post-51009","page","type-page","status-publish","hentry"],"_links":{"self":[{"href":"https:\/\/www.villa-koeppe.de\/en\/wp-json\/wp\/v2\/pages\/51009\/"}],"collection":[{"href":"https:\/\/www.villa-koeppe.de\/en\/wp-json\/wp\/v2\/pages\/"}],"about":[{"href":"https:\/\/www.villa-koeppe.de\/en\/wp-json\/wp\/v2\/types\/page\/"}],"author":[{"embeddable":true,"href":"https:\/\/www.villa-koeppe.de\/en\/wp-json\/wp\/v2\/users\/1\/"}],"replies":[{"embeddable":true,"href":"https:\/\/www.villa-koeppe.de\/en\/wp-json\/wp\/v2\/comments\/?post=51009"}],"version-history":[{"count":8,"href":"https:\/\/www.villa-koeppe.de\/en\/wp-json\/wp\/v2\/pages\/51009\/revisions\/"}],"predecessor-version":[{"id":55374,"href":"https:\/\/www.villa-koeppe.de\/en\/wp-json\/wp\/v2\/pages\/51009\/revisions\/55374\/"}],"wp:attachment":[{"href":"https:\/\/www.villa-koeppe.de\/en\/wp-json\/wp\/v2\/media\/?parent=51009"}],"curies":[{"name":"wp","href":"https:\/\/api.w.org\/{rel}","templated":true}]}}