{"id":52221,"date":"2016-02-16T14:41:58","date_gmt":"2016-02-16T13:41:58","guid":{"rendered":"https:\/\/www.villa-koeppe.de\/artists\/arno_bojak\/"},"modified":"2022-09-16T17:39:54","modified_gmt":"2022-09-16T15:39:54","slug":"arno_bojak","status":"publish","type":"page","link":"https:\/\/www.villa-koeppe.de\/en\/artists\/arno_bojak\/","title":{"rendered":"Arno Bojak"},"content":{"rendered":"<div class=\"wpb-content-wrapper\">[vc_row type=&#8221;grid&#8221; padding_bottom=&#8221;50&#8243;][vc_column][vc_column_text]<a href=\"#text\">Text<\/a> \/ <a href=\"#biografie\">Biografie<\/a> \/ <a href=\"#Publikation\">Katalog<\/a>[\/vc_column_text][\/vc_column][\/vc_row][vc_row][vc_column]<div class='eltd_image_gallery_no_space  dark on_hover'><div class='eltd_image_gallery_holder' style='height: 500px;'><ul ><li><div style=\"height: 500px; width:437px;\"><a class=\"lightbox_single_portfolio\" rel=\"prettyPhoto[rel-1311993610]\" href=\"https:\/\/www.villa-koeppe.de\/wp-content\/uploads\/2018\/12\/Sommerloch-160-x-145-cm-Acryl-auf-Nessel-2018_web.jpg\"><span class=\"holder\" style=\"background-color: rgba(255,255,255,0.3);\"><span class=\"outer\"><span class=\"inner\"><span class=\"title\" style=\"color:#000000;font-size:20px;\">Arno Bojak | Sommerloch, 160 x 145 cm, Acryl auf Nessel, 2018_web<\/span><span class=\"separator\" style=\"background-color:#000000;opacity:1;\"><\/span><span class=\"description\" style=\"color:#000000;font-size:14px;\"><\/span><\/span><\/span><\/span><img decoding=\"async\" src=\"https:\/\/www.villa-koeppe.de\/wp-content\/uploads\/2018\/12\/Sommerloch-160-x-145-cm-Acryl-auf-Nessel-2018_web.jpg\" alt=\"Arno Bojak | Sommerloch, 160 x 145 cm, Acryl auf Nessel, 2018_web\"  \/><\/a><\/div><\/li><li><div style=\"height: 500px; width:601px;\"><a class=\"lightbox_single_portfolio\" rel=\"prettyPhoto[rel-1311993610]\" href=\"https:\/\/www.villa-koeppe.de\/wp-content\/uploads\/2021\/09\/Arno_Bojak-2021_0021-web.jpg\"><span class=\"holder\" style=\"background-color: rgba(255,255,255,0.3);\"><span class=\"outer\"><span class=\"inner\"><span class=\"title\" style=\"color:#000000;font-size:20px;\">Arno Bojak | Bettlekt\u00fcre Universum #NewOrder \u2013 120 x 120 cm, 2021, Acryl auf Nessel<\/span><span class=\"separator\" style=\"background-color:#000000;opacity:1;\"><\/span><span class=\"description\" style=\"color:#000000;font-size:14px;\"><\/span><\/span><\/span><\/span><img decoding=\"async\" src=\"https:\/\/www.villa-koeppe.de\/wp-content\/uploads\/2021\/09\/Arno_Bojak-2021_0021-web.jpg\" alt=\"Arno Bojak | Bettlekt\u00fcre Universum #NewOrder \u2013 120 x 120 cm, 2021, Acryl auf Nessel\"  \/><\/a><\/div><\/li><li><div style=\"height: 500px; width:714px;\"><a class=\"lightbox_single_portfolio\" rel=\"prettyPhoto[rel-1311993610]\" href=\"https:\/\/www.villa-koeppe.de\/wp-content\/uploads\/2021\/09\/Neulich-Kueche-Haengeschrank-130-x-185-cm-2020-Acryl-auf-Nessel-Kopie.jpg\"><span class=\"holder\" style=\"background-color: rgba(255,255,255,0.3);\"><span class=\"outer\"><span class=\"inner\"><span class=\"title\" style=\"color:#000000;font-size:20px;\">Arno Bojak | Neulich K\u00fcche H\u00e4ngeschrank, 135 x 185 cm, 2020, Acryl auf Nessel<\/span><span class=\"separator\" style=\"background-color:#000000;opacity:1;\"><\/span><span class=\"description\" style=\"color:#000000;font-size:14px;\"><\/span><\/span><\/span><\/span><img decoding=\"async\" src=\"https:\/\/www.villa-koeppe.de\/wp-content\/uploads\/2021\/09\/Neulich-Kueche-Haengeschrank-130-x-185-cm-2020-Acryl-auf-Nessel-Kopie.jpg\" alt=\"Arno Bojak | Neulich K\u00fcche H\u00e4ngeschrank, 135 x 185 cm, 2020, Acryl auf Nessel\"  \/><\/a><\/div><\/li><li><div style=\"height: 500px; width:497px;\"><a class=\"lightbox_single_portfolio\" rel=\"prettyPhoto[rel-1311993610]\" href=\"https:\/\/www.villa-koeppe.de\/wp-content\/uploads\/2021\/09\/Arno_Bojak-2021-Gewinde_ohne_Seele-Serie_NewOrder-120x120cm-Acryl_auf_Nessel.jpg\"><span class=\"holder\" style=\"background-color: rgba(255,255,255,0.3);\"><span class=\"outer\"><span class=\"inner\"><span class=\"title\" style=\"color:#000000;font-size:20px;\">Arno Bojak | Gewinde ohne Seele, 120 x 120 cm, 2021, Acryl auf Nessel<\/span><span class=\"separator\" style=\"background-color:#000000;opacity:1;\"><\/span><span class=\"description\" style=\"color:#000000;font-size:14px;\"><\/span><\/span><\/span><\/span><img decoding=\"async\" src=\"https:\/\/www.villa-koeppe.de\/wp-content\/uploads\/2021\/09\/Arno_Bojak-2021-Gewinde_ohne_Seele-Serie_NewOrder-120x120cm-Acryl_auf_Nessel.jpg\" alt=\"Arno Bojak | Gewinde ohne Seele, 120 x 120 cm, 2021, Acryl auf Nessel\"  \/><\/a><\/div><\/li><li><div style=\"height: 500px; width:499px;\"><a class=\"lightbox_single_portfolio\" rel=\"prettyPhoto[rel-1311993610]\" href=\"https:\/\/www.villa-koeppe.de\/wp-content\/uploads\/2021\/09\/Arno_Bojak-2021_0037.jpg\"><span class=\"holder\" style=\"background-color: rgba(255,255,255,0.3);\"><span class=\"outer\"><span class=\"inner\"><span class=\"title\" style=\"color:#000000;font-size:20px;\">Arno Bojak | Irgendwie Tunisreise #NewOrder, 140 x 140 cm, 2021, Acryl auf Nessel<\/span><span class=\"separator\" style=\"background-color:#000000;opacity:1;\"><\/span><span class=\"description\" style=\"color:#000000;font-size:14px;\"><\/span><\/span><\/span><\/span><img decoding=\"async\" src=\"https:\/\/www.villa-koeppe.de\/wp-content\/uploads\/2021\/09\/Arno_Bojak-2021_0037.jpg\" alt=\"Arno Bojak | Irgendwie Tunisreise #NewOrder, 140 x 140 cm, 2021, Acryl auf Nessel\"  \/><\/a><\/div><\/li><li><div style=\"height: 500px; width:402px;\"><a class=\"lightbox_single_portfolio\" rel=\"prettyPhoto[rel-1311993610]\" href=\"https:\/\/www.villa-koeppe.de\/wp-content\/uploads\/2021\/09\/Jugendstyle-NewOrder-185-x-195-cm-2020-Acryl-auf-Nessel-Kopie.jpg\"><span class=\"holder\" style=\"background-color: rgba(255,255,255,0.3);\"><span class=\"outer\"><span class=\"inner\"><span class=\"title\" style=\"color:#000000;font-size:20px;\">Arno Bojak | Jugendstyle #NewOrder, 185 x 195 cm, 2020, Acryl auf Nessel<\/span><span class=\"separator\" style=\"background-color:#000000;opacity:1;\"><\/span><span class=\"description\" style=\"color:#000000;font-size:14px;\"><\/span><\/span><\/span><\/span><img decoding=\"async\" src=\"https:\/\/www.villa-koeppe.de\/wp-content\/uploads\/2021\/09\/Jugendstyle-NewOrder-185-x-195-cm-2020-Acryl-auf-Nessel-Kopie.jpg\" alt=\"Arno Bojak | Jugendstyle #NewOrder, 185 x 195 cm, 2020, Acryl auf Nessel\"  \/><\/a><\/div><\/li><li><div style=\"height: 500px; width:751px;\"><a class=\"lightbox_single_portfolio\" rel=\"prettyPhoto[rel-1311993610]\" href=\"https:\/\/www.villa-koeppe.de\/wp-content\/uploads\/2021\/09\/Arno_Bojak-2021_0094.jpg\"><span class=\"holder\" style=\"background-color: rgba(255,255,255,0.3);\"><span class=\"outer\"><span class=\"inner\"><span class=\"title\" style=\"color:#000000;font-size:20px;\">Arno Bojak Portrait<\/span><span class=\"separator\" style=\"background-color:#000000;opacity:1;\"><\/span><span class=\"description\" style=\"color:#000000;font-size:14px;\"><\/span><\/span><\/span><\/span><img decoding=\"async\" src=\"https:\/\/www.villa-koeppe.de\/wp-content\/uploads\/2021\/09\/Arno_Bojak-2021_0094.jpg\" alt=\"\"  \/><\/a><\/div><\/li><\/ul><\/div><div class=\"controls\"><a class=\"prev-slide\" href=\"#\"><span class=\"arrow_carrot-left\"><\/span><\/a><a class=\"next-slide\" href=\"#\"><span class=\"arrow_carrot-right\"><\/span><\/a><\/div><\/div>[vc_empty_space height=&#8221;75&#8243;][\/vc_column][\/vc_row][vc_row type=&#8221;grid&#8221;][vc_column][vc_column_text]\n<h1 style=\"text-align: left;\"><a id=\"text\"><\/a>Arno Bojak<\/h1>\n[\/vc_column_text][vc_empty_space height=&#8221;30&#8243;][vc_column_text]\n[\/vc_column_text][\/vc_column][\/vc_row][vc_row type=&#8221;grid&#8221;][vc_column][vc_column_text]\n<p style=\"text-align: justify;\"><strong>Arno Bojak | New Order<\/strong><\/p>\n<p style=\"text-align: justify;\">Arno Bojak, 1974 in Wuppertal geboren, begann 1995 sein Studium an der Kunstakademie D\u00fcsseldorf. Er studierte unter anderem bei den Professoren Markus L\u00fcpertz und Dieter Krieg. 1999 schlo\u00df er sein Studium als Meistersch\u00fcler bei Dieter Krieg ab. Das Phantastische, das Absurde und Monstr\u00f6se, Deformationen, Metamorphosen und Transformationen sowie Bez\u00fcge zu Trag\u00f6die und Kom\u00f6die als auch zur Kunst und Literatur spielen in Bojaks Kunst eine prim\u00e4re Rolle.<\/p>\n<p style=\"text-align: justify;\">In der j\u00fcngsten 2020 begonnenen Werkphase \u201eNew Order\u201c tritt ein weiteres Merkmal der Kunst von Arno Bojak in den Vordergrund \u2013 die Camouflage. Das Figurative, Gegenst\u00e4ndliche und Beschreibende seiner fr\u00fcheren Werkphasen wird in der neuen Werkserie zwar nicht vollkommen aufgegeben, ist jedoch stark verr\u00e4tselt bzw. scheint unverf\u00fcgbar unter Oberfl\u00e4chen oder Strukturen verborgen. Arno Bojak verdichtet die sinn-stiftende gegenst\u00e4ndliche Erz\u00e4hlstruktur seiner Bildmotive derart, dass sie sich einer abstrakten Oberfl\u00e4che ann\u00e4hert. \u00dcbrig bleiben camouflageartig versteckte Assoziationen des Gegenst\u00e4ndlichen. \u201eDie Farbe hat sich aus den Objekten zur\u00fcckgezogen. Sie will nicht mehr beschreiben, vielmehr verdichtet sie sich in Fl\u00e4chen und f\u00fchrt ein Eigenleben\u201c, so der K\u00fcnstler selbst.<\/p>\n<p style=\"text-align: justify;\">Auch die Werkserie \u201eNew Order\u201c, auf den die Ausstellung den Fokus legt, ist \u2013 obwohl sie st\u00e4rker als zuvor durch lineare Strukturen und signalhafte Farbkontraste bestimmt ist \u2013 charakterisiert durch Arno Bojaks einzigartige Bildsprache. Kennern seines Werks wird vieles vertraut sein. Etwa die unverwechselbare Farb\u00e4sthetik seiner Bilder und die typische Art, wie Bojak mit Farbe moduliert oder mit welcher Raffinesse er Strukturen in die noch frische Farbmasse \u201eeinschreibt\u201c. Doch die Gestalten, R\u00e4ume und Gegenst\u00e4nde, die der K\u00fcnstler um sein Kernthema Mensch herum formt, sind kein sicherer Besitz mehr. Sie bleiben ungewi\u00df, sind nur noch vage Andeutungen an einstige Momente oder Zust\u00e4nde. Sie durchdringen und \u00fcberlagern sich gegenseitig, was an Vorg\u00e4nge in der Natur oder an kosmische Prozesse erinnert, in welchen sich Verdichtung, Verfl\u00fcchtigung, Entmaterialisierung und endg\u00fcltige Aufl\u00f6sung im ewigen Kreislauf bedingen.<\/p>\n<p style=\"text-align: justify;\">Andr\u00e9 Lindhorst, 2021<\/p>\n<div id=\"pressrelease-link-52221\" class=\"sh-link pressrelease-link sh-hide\"><a href=\"#\" onclick=\"showhide_toggle('pressrelease', 52221, 'Weiterlesen ...', 'Einklappen'); return false;\" aria-expanded=\"false\"><span id=\"pressrelease-toggle-52221\">Weiterlesen ...<\/span><\/a><\/div><div id=\"pressrelease-content-52221\" class=\"sh-content pressrelease-content sh-hide\" style=\"display: none;\">\n<p><span style=\"font-family: Calibri; font-size: medium;\"><\/div><\/span><\/p>\n<p><em>Andr\u00e9 Lindhorst, Juli 2016 <\/em><br \/>\n<em>Galerie K\u00d6PPE CONTEMPORARY<\/em>[\/vc_column_text][vc_empty_space height=&#8221;50&#8243;][vc_column_text]\n[\/vc_column_text][\/vc_column][\/vc_row][vc_row type=&#8221;grid&#8221;][vc_column][vc_column_text]\n<h1 style=\"text-align: left;\"><a id=\"biografie\"><\/a>Biografie<\/h1>\n[\/vc_column_text][vc_empty_space height=&#8221;50&#8243;][vc_column_text]\n<h2 style=\"text-align: left;\">Vita<\/h2>\n<p>2014<br \/>\nGastprofessur BTU Cottbus &#8211; Senftenberg<\/p>\n<p>2002<br \/>\n1. Folge von \u00bbWelcome to the Paint\u00ab<\/p>\n<p>2000<br \/>\nAkademiebrief<\/p>\n<p>1999<br \/>\nMeistersch\u00fcler<\/p>\n<p>1997<br \/>\nStudent bei Prof. Dieter Krieg<\/p>\n<p>1995<br \/>\nStudent bei Prof. Markus L\u00fcpertz<\/p>\n<p>1994<br \/>\nBeginn des Studiums an der Kunstakademie D\u00fcsseldorf<\/p>\n<p>1974<br \/>\nin Wuppertal geboren<\/p>\n<h4><\/h4>\n<h4>Stipendien \/ Preise<\/h4>\n<p>2021<br \/>\nKunstpreis Neuk\u00f6lln 2. Platz<\/p>\n<p>2005<br \/>\nStiftung Kunstfonds, Bonn<br \/>\nKonrad Adenauer Stiftung (Else-Heiliger-Fonds), Berlin<\/p>\n<p>2003<br \/>\nStiftung Kulturfonds (Arbeitsstipendium)<\/p>\n<p>2002<br \/>\nHerrenhaus Edenkoben<\/p>\n<p>2000<br \/>\nWilhelm-Fabry-F\u00f6rderpreis der Stadt Hilden<br \/>\nGaststipendium im K\u00fcnstlerdorf Sch\u00f6ppingen<\/p>\n<p>1998<br \/>\nReisestipendium des Kunstvereins D\u00fcsseldorf[\/vc_column_text][vc_empty_space height=&#8221;50&#8243;][vc_column_text]\n<h2 style=\"text-align: left;\">Ausstellungen<\/h2>\n[\/vc_column_text][vc_empty_space height=&#8221;20&#8243;][vc_column_text]\n<p style=\"text-align: left;\"><div class=\"bg-margin-for-link\"><input type='hidden' bg_collapse_expand='69ddf88fca2dc5073594675' value='69ddf88fca2dc5073594675'><input type='hidden' id='bg-show-more-text-69ddf88fca2dc5073594675' value='Ausklappen'><input type='hidden' id='bg-show-less-text-69ddf88fca2dc5073594675' value='Einklappen'><a id='bg-showmore-action-69ddf88fca2dc5073594675' class='bg-showmore-plg-link  '  style=\" color:#e0310d;;\" href='#'>Ausklappen<\/a><div id='bg-showmore-hidden-69ddf88fca2dc5073594675' >\n<h4 style=\"text-align: left\">Einzelausstellungen (Auswahl)<\/h4>\n<p>2022<br \/>\n\u00bbvon allen seiten auf allen vieren\u00ab, Artae Galerie, Leipzig<\/p>\n<p>2021<br \/>\n\u00bbNew Order\u00ab, K\u00f6ppe Contemporary, Berlin<br \/>\n\u00bbUnstern vs. Unixtag\u00ab, Artae Galerie, Leipzig<\/p>\n<p>2019<br \/>\n\u00bbGebilde Gewinde\u00ab, Artae Galerie, Leipzig<\/p>\n<p>2018<br \/>\n\u00bbBlack Nympheas\u00ab, K\u00f6ppe Contemporary, Berlin<\/p>\n<p>2017<br \/>\n\u00bbDimmerung in Dadaland\u00ab, Artae Galerie, Leipzig<\/p>\n<p>2016<br \/>\n\u00bbei, Monstrum, ei\u00ab, K\u00f6ppe Contemporary, Berlin<br \/>\n\u00bbhornhaut umbra\u00ab, Kunsthalle Neuwerk, Konstanz<br \/>\n\u00bbDie Letzten ihrer Art\u00ab, Kunstverein Dessau (Orangerie der Gem\u00e4ldegalerie)<\/p>\n<p>2015<br \/>\n\u00bbNeue Mythen\u00ab, Artae Galerie, Leipzig<\/p>\n<p>2014<br \/>\n\u00bbVIP RIP\u00ab, Raw Draw in Leipzig, Artae Galerie, Leipzig<\/p>\n<p>2013<br \/>\n\u00bbBild aus, Licht an &amp; Schnipsel, die die Welt bedeuten\u00ab, artae galerie, Leipzig<\/p>\n<p>2011<br \/>\n\u00bbMorgen letzter Tag\u00ab, Museum f\u00fcr junge Kunst, Packhof, Frankfurt Oder<br \/>\n\u00bbmy body is over the ocean\u00ab, artae galerie, Leipzig<br \/>\n\u00bbJutro ostatni dzien\u00ab, Galeria BWA, Zielona Gora, Polen<\/p>\n<p>2010<br \/>\n\u00bbBilder ohne Worte\u00ab, Kunstraum Dr. Thaler, Berlin<\/p>\n<p>2009<br \/>\n\u00bbGr\u00fcsse aus Methamorphosika\u00ab, Komet Berlin, Berlin<\/p>\n<p>2007<br \/>\n\u00bbICH GROSSE GRUPPE\u00ab, Komet Berlin, Berlin<\/p>\n<p>2006<br \/>\n\u00bbProjektgruppe Babylon\u00ab, Galerie R\u00f6hr &amp; Ripken, Berlin<br \/>\n\u00bbDer Bau der Grossen Rampe\u00ab, projektraum neuenhausen, Berlin<\/p>\n<p>2005<br \/>\n\u00bbMassaker- Die Sixtinische Kapelle des 21. Jahrhunderts\u00ab, Kunstverein<\/p>\n<p>2004<br \/>\n\u00bbNasse Pappe. Ein Kosmos, selbstgeklebt.\u00ab, Artae-Langmann, Jena G\u00e4stezimmer e.V., Stuttgart<\/p>\n<p>2003<br \/>\n\u00bbSexy M\u00f6rtel &#8211; Heimwerkerbauart\u00ab, art agents gallery, Hamburg<\/p>\n<p>2002<br \/>\n\u00bbNachlassversteigerung: Der Maler R.Dietrich\u00ab, Galerie Tedden, D\u00fcsseldorf<br \/>\nWilhelm Fabry Museum, Hilden<br \/>\n\u00bbSieg durch Routine\u00ab, Kunstverein Greven<br \/>\n\u00bbWeltmalerei\u00ab, Herrenhaus Edenkoben<br \/>\n\u00bbBock auf D\u00fcbeln\u00ab, Galerie Tedden, D\u00fcsseldorf<\/p>\n<p>2001<br \/>\n\u00bbEiszeit\u00ab, R.Dietrich in Eggerode<\/p>\n<p>2000<br \/>\nVilla de Bank, Enschede, Holland<br \/>\n\u00bbUntermieter\u00ab, Galerie Tedden, D\u00fcsseldorf<\/p>\n<p>1998<br \/>\nGalerie Tedden, D\u00fcsseldorf<\/p>\n<p style=\"text-align: left\"><strong>Gruppenausstellungen (Auswahl)<\/strong><\/p>\n<p>2019<br \/>\n\u00bb25. Leipziger Jahresausstellung\u00ab, Spinnerei, Leipzig<\/p>\n<p>2017<br \/>\n\u00bbalte weisse m\u00e4nner\u00ab, Artae Galerie, Leipzig<br \/>\n\u00bbHinter dem Himmel wartet der Mond\u00ab, Artae Galerie, Leipzig<\/p>\n<p>2016<br \/>\n\u00bbBlau auf blasser Haut &#8211; Tattoo in der zeitgen\u00f6ssischen Kunst\u00ab, Kunstverein Dessau<\/p>\n<p>2015<br \/>\n\u00bbInterne Ph\u00e4nomene\u00ab, Alte Schule Adlershof, Berlin<br \/>\n\u00bbCasablanca\u00ab, Rumbalotte, Berlin<br \/>\n\u00bbBlind Date\u00ab, alabama sir, Leipzig<br \/>\n\u00bbNocture\u00ab, Kunsthalle der Stadtsparkasse Leipzig<br \/>\n\u00bbAUA \u2013 Auf Und Ab im Kunstmarkt\u00ab, KUNSTHALLE am Hamburger Platz im Westwerk, Hamburg<\/p>\n<p>2014<br \/>\n\u00bbLast in 2014, Hauptquartier\u00ab, Galerie Franzkowiak, Berlin<br \/>\n\u00bbviel ARBEIT_wenig ROT\u00ab, Salon Hansa, ROSALUX Berlin<br \/>\n\u00bbEarly this morning\u00ab, Kreuzberg Pavillion, Berlin<br \/>\n\u00bbSicht\/Beton\/Ung 9.2\u00ab, Zentralkwerk, Dresden<br \/>\n\u00bbXIII\u00ab, Galerie Franzkowiak, Berlin<br \/>\n\u00bbSuper\u00ab, Salon Hansa, Berlin<br \/>\n\u00bbUTA\u00ab, Art Weissensee, Berlin<\/p>\n<p>2013<br \/>\n\u00bbSicht\/Beton\/Ung 8\u00ab, Friedrichstadtzentral, Dresden<br \/>\n\u00bbmay line is my line\u00ab, Alte Schule Adlershof, Berlin<br \/>\n\u00bb20. Leipziger Jahresausstellung\u00ab, Leipzig<\/p>\n<p>2012<br \/>\n\u00bb* Sag dem Ziel, es soll sich bewegen\u00ab, Alte Schule Adlershof, Berlin (mit Kata Unger und Frank Diersch)<br \/>\n\u00bbEHF\u00ab, Konrad Adenauer Stiftung, Berlin<br \/>\n\u00bbPapier\u00ab Arbeiten, Kunstsaele, Berlin<\/p>\n<p>2008<br \/>\n\u00bbHolmes\u00ab, Komet Berlin, Berlin<\/p>\n<p>2007<br \/>\n\u00bbHotel Kerberos\u00ab, KIT \u2013 Kunst im Tunnel, Kunsthalle D\u00fcsseldorf<br \/>\n\u00bbZ\u00fcndung\u00ab, Komet Berlin, (Rakete Berlin)<\/p>\n<p>2005<br \/>\n\u00bbFamilienbilder \u2013 Projektionen eines Idylls\u00ab, Konrad Adenauer Stiftung, Berlin (mit Corinna Schnitt)<br \/>\n\u00bbEHF\u00ab, Tr\u00e4ger des Else-Heiliger-Fonds 2005, Konrad Adenauer Stiftung, Berlin<\/p>\n<p>2004<br \/>\n\u00bb Der erotische Durchschnitt\u00ab, Salonl\u00f6we, Berlin<br \/>\n\u00bbDie J\u00e4gerpr\u00fcfung\u00ab, Galerie Tedden, Oberhausen<br \/>\n\u00bbMeisterwerke \u2013 wir sind doch nicht bl\u00f6d\u00ab, Galerie Tedden, D\u00fcsseldorf (mit Leon Kleinbaum)<\/p>\n<p>2003<br \/>\nGalerie Wittenbrink, M\u00fcnchen<br \/>\nTrendw\u00e4nde 2003, D\u00fcsseldorf<br \/>\n\u00bbCash\u00ab, Villa de Bank, Enschede, Holland (mit Judith Samen)<\/p>\n<p>2001<br \/>\n\u00bbAcryl auf Nessel\u00ab, art agents gallery, Hamburg (mit SvenKroner, Robert Kl\u00fcmpen)<br \/>\n\u00bbpaperjam\u00ab, Museum Waldhof, Kunstverein Bielefeld<br \/>\n\u00bbMalerei-Anstrich\u00ab, Galerie Tedden, D\u00fcsseldorf (mit R. Kl\u00fcmpen)<br \/>\n\u00bb Millionaires and Teaddy Bears\u00ab, Galerie Klinkhammer und Metzner<br \/>\n\u00bbTM Malerei\u00ab, Atelier L\u00f6rick, D\u00fcsseldorf<br \/>\n\u00bb10 Jahre Kunstverein Solingen\u00ab, Museum Baden, Solingen<\/p>\n<p>2000<br \/>\n\u00bbVon Chaos und Ordnung der Seele II\u00ab, Landesklinik Mainz<br \/>\n\u00bbGarage\u00ab, Kunstverein Oberhausen<br \/>\n\u00bbTeures Billig\u00ab, McKinsey &amp; Comp., D\u00fcsseldorf (mit Robert Kl\u00fcmpen)<br \/>\n\u00bbVon Chaos und\u2026\u00ab, Kunstbunker, Forum f\u00fcr zeitgen\u00f6ssische Kunst, N\u00fcrnberg<br \/>\n\u00bbTop Hits 7\u00ab, Atelier L\u00f6rick, D\u00fcsseldorf<\/p>\n<p>1999<br \/>\n\u00bbH\u00f6he x Breite\u00ab, Bayerische Landesbank, Luxemburg<br \/>\n\u00bbN\u00e4chster Halt Bahnhof Solingen Ohligs\u00ab, Kunstverein Solingen<\/p>\n<p>1998<br \/>\nD\u00fcsseldorfer Akzente, Nordstern Versicherungs-AG, K\u00f6ln<br \/>\n\u00bbAuf den Hund gekommen\u00ab, Galerie Tedden, D\u00fcsseldorf<\/p>\n<\/div><\/div>[\/vc_column_text][vc_empty_space height=&#8221;50&#8243;][vc_column_text][\/vc_column_text][\/vc_column][\/vc_row][vc_row type=&#8221;grid&#8221;][vc_column][vc_column_text]\n<h2><a id=\"Publikation\"><\/a>Brosch\u00fcre<\/h2>\n[\/vc_column_text][\/vc_column][\/vc_row][vc_row][vc_column][vc_empty_space height=&#8221;30&#8243;][\/vc_column][\/vc_row][vc_row type=&#8221;grid&#8221;][vc_column width=&#8221;1\/6&#8243;][no_elements_holder][no_elements_holder_item][vc_single_image image=&#8221;57893&#8243; img_size=&#8221;141&#215;200&#8243; onclick=&#8221;custom_link&#8221; img_link_target=&#8221;_blank&#8221; link=&#8221;https:\/\/www.villa-koeppe.de\/wp-content\/uploads\/2022\/09\/ArnoBojak-KoeppeContemporary-2021-web.pdf&#8221;][\/no_elements_holder_item][\/no_elements_holder][\/vc_column][vc_column width=&#8221;2\/3&#8243;][vc_column_text]<strong>New Order<\/strong><\/p>\n<p>Brosch\u00fcre zur Ausstellung in der Galerie K\u00f6ppe Contemporary<\/p>\n<p>2021<\/p>\n<p><a href=\"https:\/\/www.villa-koeppe.de\/wp-content\/uploads\/2022\/09\/ArnoBojak-KoeppeContemporary-2021-web.pdfhttps:\/\/www.villa-koeppe.de\/wp-content\/uploads\/2022\/09\/ArnoBojak-KoeppeContemporary-2021-web.pdf\">PDF<\/a> (Download)[\/vc_column_text][\/vc_column][vc_column width=&#8221;1\/6&#8243;][\/vc_column][vc_column][vc_empty_space][\/vc_column][\/vc_row][vc_row type=&#8221;grid&#8221;][vc_column width=&#8221;1\/6&#8243;][no_elements_holder][no_elements_holder_item][vc_single_image image=&#8221;57002&#8243; img_size=&#8221;141&#215;200&#8243; onclick=&#8221;custom_link&#8221; img_link_target=&#8221;_blank&#8221; link=&#8221;https:\/\/www.villa-koeppe.de\/wp-content\/uploads\/2021\/02\/ArnoBojak_Broschuere2018_v2-DS.pdf&#8221;][\/no_elements_holder_item][\/no_elements_holder][\/vc_column][vc_column width=&#8221;2\/3&#8243;][vc_column_text]<strong>Black Nympheas<\/strong><\/p>\n<p>Katalog der Galerie K\u00d6PPE CONTEMPORARY.<\/p>\n<p>2018<\/p>\n<p><a href=\"https:\/\/www.villa-koeppe.de\/wp-content\/uploads\/2021\/02\/ArnoBojak_Broschuere2018_v2-DS.pdf\">PDF<\/a> (Download)[\/vc_column_text][\/vc_column][vc_column width=&#8221;1\/6&#8243;][\/vc_column][vc_column][\/vc_column][\/vc_row]\n<\/div>","protected":false},"excerpt":{"rendered":"<p>[vc_row type=&#8221;grid&#8221; padding_bottom=&#8221;50&#8243;][vc_column][vc_column_text]Text \/ Biografie \/ Katalog[\/vc_column_text][\/vc_column][\/vc_row][vc_row][vc_column][vc_empty_space height=&#8221;75&#8243;][\/vc_column][\/vc_row][vc_row type=&#8221;grid&#8221;][vc_column][vc_column_text] Arno&#8230;<\/p>\n","protected":false},"author":3,"featured_media":0,"parent":51001,"menu_order":1,"comment_status":"closed","ping_status":"closed","template":"full_width.php","meta":{"footnotes":""},"class_list":["post-52221","page","type-page","status-publish","hentry"],"_links":{"self":[{"href":"https:\/\/www.villa-koeppe.de\/en\/wp-json\/wp\/v2\/pages\/52221\/"}],"collection":[{"href":"https:\/\/www.villa-koeppe.de\/en\/wp-json\/wp\/v2\/pages\/"}],"about":[{"href":"https:\/\/www.villa-koeppe.de\/en\/wp-json\/wp\/v2\/types\/page\/"}],"author":[{"embeddable":true,"href":"https:\/\/www.villa-koeppe.de\/en\/wp-json\/wp\/v2\/users\/3\/"}],"replies":[{"embeddable":true,"href":"https:\/\/www.villa-koeppe.de\/en\/wp-json\/wp\/v2\/comments\/?post=52221"}],"version-history":[{"count":21,"href":"https:\/\/www.villa-koeppe.de\/en\/wp-json\/wp\/v2\/pages\/52221\/revisions\/"}],"predecessor-version":[{"id":57898,"href":"https:\/\/www.villa-koeppe.de\/en\/wp-json\/wp\/v2\/pages\/52221\/revisions\/57898\/"}],"up":[{"embeddable":true,"href":"https:\/\/www.villa-koeppe.de\/en\/wp-json\/wp\/v2\/pages\/51001\/"}],"wp:attachment":[{"href":"https:\/\/www.villa-koeppe.de\/en\/wp-json\/wp\/v2\/media\/?parent=52221"}],"curies":[{"name":"wp","href":"https:\/\/api.w.org\/{rel}","templated":true}]}}