{"id":52260,"date":"2015-08-27T16:26:51","date_gmt":"2015-08-27T14:26:51","guid":{"rendered":"https:\/\/www.villa-koeppe.de\/artists\/francois-du-plessis\/"},"modified":"2016-02-22T13:42:12","modified_gmt":"2016-02-22T12:42:12","slug":"francois-du-plessis","status":"publish","type":"page","link":"https:\/\/www.villa-koeppe.de\/en\/artists\/francois-du-plessis\/","title":{"rendered":"Fran\u00e7ois du Plessis"},"content":{"rendered":"<div class=\"wpb-content-wrapper\">[vc_row row_type=&#8221;row&#8221; use_row_as_full_screen_section=&#8221;no&#8221; type=&#8221;full_width&#8221; header_style=&#8221;&#8221; anchor=&#8221;&#8221; in_content_menu=&#8221;&#8221; content_menu_title=&#8221;&#8221; icon_pack=&#8221;font_awesome&#8221; content_menu_fa_icon=&#8221;&#8221; content_menu_fe_icon=&#8221;&#8221; content_menu_ion_icon=&#8221;&#8221; content_menu_linea_icon=&#8221;&#8221; text_align=&#8221;left&#8221; video=&#8221;&#8221; video_overlay=&#8221;&#8221; video_overlay_image=&#8221;&#8221; video_webm=&#8221;&#8221; video_mp4=&#8221;&#8221; video_ogv=&#8221;&#8221; video_image=&#8221;&#8221; background_image=&#8221;&#8221; pattern_background=&#8221;&#8221; full_screen_section_height=&#8221;no&#8221; vertically_align_content_in_middle=&#8221;no&#8221; section_height=&#8221;&#8221; use_as_box=&#8221;&#8221; parallax_speed=&#8221;&#8221; background_color=&#8221;&#8221; logo_in_content_menu=&#8221;&#8221; custom_widget_area=&#8221;&#8221; content_menu_border_bottom=&#8221;&#8221; content_menu_border_color=&#8221;&#8221; content_menu_border_style=&#8221;solid&#8221; border_top_color=&#8221;&#8221; border_color=&#8221;&#8221; side_padding=&#8221;&#8221; padding_top=&#8221;&#8221; padding_bottom=&#8221;&#8221; color=&#8221;&#8221; hover_color=&#8221;&#8221; more_button_label=&#8221;&#8221; less_button_label=&#8221;&#8221; button_position=&#8221;&#8221; css_animation=&#8221;&#8221; transition_delay=&#8221;&#8221; box_shadow_on_row=&#8221;no&#8221; box_shadow_color=&#8221;&#8221; horizontal_offset=&#8221;&#8221; vertical_offset=&#8221;&#8221; box_shadow_blur=&#8221;&#8221; box_shadow_spread=&#8221;&#8221;][vc_column width=&#8221;1\/1&#8243;]<div class='eltd_image_gallery_no_space  dark on_hover'><div class='eltd_image_gallery_holder' style='height: 500px;'><ul ><li><div style=\"height: 500px; width:422px;\"><a class=\"lightbox_single_portfolio\" rel=\"prettyPhoto[rel-1233418434]\" href=\"https:\/\/www.villa-koeppe.de\/wp-content\/uploads\/2015\/08\/francois_du_plessis_bild-1.jpg\"><span class=\"holder\" style=\"background-color: rgba(255,255,255,0.3);\"><span class=\"outer\"><span class=\"inner\"><span class=\"title\" style=\"color:#000000;font-size:20px;\">Fran\u00e7ois du Plessis | Bayle<\/span><span class=\"separator\" style=\"background-color:#000000;opacity:1;\"><\/span><span class=\"description\" style=\"color:#000000;font-size:14px;\">2014, 60 x 60 x 6 cm, B\u00fccher, Textilien, Schrauben<\/span><\/span><\/span><\/span><img decoding=\"async\" src=\"https:\/\/www.villa-koeppe.de\/wp-content\/uploads\/2015\/08\/francois_du_plessis_bild-1.jpg\" alt=\"Fran\u00e7ois du Plessis | Bayle\"  \/><\/a><\/div><\/li><li><div style=\"height: 500px; width:393px;\"><a class=\"lightbox_single_portfolio\" rel=\"prettyPhoto[rel-1233418434]\" href=\"https:\/\/www.villa-koeppe.de\/wp-content\/uploads\/2015\/08\/francois_du_plessis_bild-2.jpg\"><span class=\"holder\" style=\"background-color: rgba(255,255,255,0.3);\"><span class=\"outer\"><span class=\"inner\"><span class=\"title\" style=\"color:#000000;font-size:20px;\">Fran\u00e7ois du Plessis | Robinson Crusoe<\/span><span class=\"separator\" style=\"background-color:#000000;opacity:1;\"><\/span><span class=\"description\" style=\"color:#000000;font-size:14px;\">2013, 61 x 52 x 6 cm, B\u00fccher, Textilien, Schrauben<\/span><\/span><\/span><\/span><img decoding=\"async\" src=\"https:\/\/www.villa-koeppe.de\/wp-content\/uploads\/2015\/08\/francois_du_plessis_bild-2.jpg\" alt=\"Fran\u00e7ois du Plessis | Robinson Crusoe\"  \/><\/a><\/div><\/li><li><div style=\"height: 500px; width:649px;\"><a class=\"lightbox_single_portfolio\" rel=\"prettyPhoto[rel-1233418434]\" href=\"https:\/\/www.villa-koeppe.de\/wp-content\/uploads\/2015\/08\/MG_6165_web.jpg\"><span class=\"holder\" style=\"background-color: rgba(255,255,255,0.3);\"><span class=\"outer\"><span class=\"inner\"><span class=\"title\" style=\"color:#000000;font-size:20px;\">Francois de Plessis | Goethe &#8211; Faust 1.Teil<\/span><span class=\"separator\" style=\"background-color:#000000;opacity:1;\"><\/span><span class=\"description\" style=\"color:#000000;font-size:14px;\">2015, D 40 x 6 cm, B\u00fccher auf Holz<\/span><\/span><\/span><\/span><img decoding=\"async\" src=\"https:\/\/www.villa-koeppe.de\/wp-content\/uploads\/2015\/08\/MG_6165_web.jpg\" alt=\"Francois de Plessis | Goethe - Faust 1.Teil\"  \/><\/a><\/div><\/li><li><div style=\"height: 500px; width:500px;\"><a class=\"lightbox_single_portfolio\" rel=\"prettyPhoto[rel-1233418434]\" href=\"https:\/\/www.villa-koeppe.de\/wp-content\/uploads\/2015\/08\/francois_du_plessis_bild-3.jpg\"><span class=\"holder\" style=\"background-color: rgba(255,255,255,0.3);\"><span class=\"outer\"><span class=\"inner\"><span class=\"title\" style=\"color:#000000;font-size:20px;\">Fran\u00e7ois du Plessis | Art unlimited<\/span><span class=\"separator\" style=\"background-color:#000000;opacity:1;\"><\/span><span class=\"description\" style=\"color:#000000;font-size:14px;\">2011, 62 x 62 x 6 cm, Zeitschriften, Acryl, Textil<\/span><\/span><\/span><\/span><img decoding=\"async\" src=\"https:\/\/www.villa-koeppe.de\/wp-content\/uploads\/2015\/08\/francois_du_plessis_bild-3.jpg\" alt=\"Fran\u00e7ois du Plessis | Art unlimited\"  \/><\/a><\/div><\/li><\/ul><\/div><div class=\"controls\"><a class=\"prev-slide\" href=\"#\"><span class=\"arrow_carrot-left\"><\/span><\/a><a class=\"next-slide\" href=\"#\"><span class=\"arrow_carrot-right\"><\/span><\/a><\/div><\/div>[\/vc_column][\/vc_row][vc_row row_type=&#8221;row&#8221; use_row_as_full_screen_section=&#8221;no&#8221; type=&#8221;grid&#8221; header_style=&#8221;&#8221; anchor=&#8221;&#8221; in_content_menu=&#8221;&#8221; content_menu_title=&#8221;&#8221; icon_pack=&#8221;font_awesome&#8221; content_menu_fa_icon=&#8221;&#8221; content_menu_fe_icon=&#8221;&#8221; content_menu_ion_icon=&#8221;&#8221; content_menu_linea_icon=&#8221;&#8221; text_align=&#8221;left&#8221; video=&#8221;&#8221; video_overlay=&#8221;&#8221; video_overlay_image=&#8221;&#8221; video_webm=&#8221;&#8221; video_mp4=&#8221;&#8221; video_ogv=&#8221;&#8221; video_image=&#8221;&#8221; background_image=&#8221;&#8221; pattern_background=&#8221;&#8221; full_screen_section_height=&#8221;no&#8221; vertically_align_content_in_middle=&#8221;no&#8221; section_height=&#8221;&#8221; use_as_box=&#8221;&#8221; parallax_speed=&#8221;&#8221; background_color=&#8221;&#8221; logo_in_content_menu=&#8221;&#8221; custom_widget_area=&#8221;&#8221; content_menu_border_bottom=&#8221;&#8221; content_menu_border_color=&#8221;&#8221; content_menu_border_style=&#8221;solid&#8221; border_top_color=&#8221;&#8221; border_color=&#8221;&#8221; side_padding=&#8221;&#8221; padding_top=&#8221;&#8221; padding_bottom=&#8221;50&#8243; color=&#8221;&#8221; hover_color=&#8221;&#8221; more_button_label=&#8221;&#8221; less_button_label=&#8221;&#8221; button_position=&#8221;&#8221; css_animation=&#8221;&#8221; transition_delay=&#8221;&#8221; box_shadow_on_row=&#8221;no&#8221; box_shadow_color=&#8221;&#8221; horizontal_offset=&#8221;&#8221; vertical_offset=&#8221;&#8221; box_shadow_blur=&#8221;&#8221; box_shadow_spread=&#8221;&#8221;][vc_column width=&#8221;1\/1&#8243;][vc_column_text]\n<p><a href=\"#text\">Text<\/a> \/ <a href=\"#biografie\">Biografie<\/a> \/ <a href=\"#katalog\">Katalog<\/a><\/p>\n[\/vc_column_text][\/vc_column][\/vc_row][vc_row row_type=&#8221;row&#8221; use_row_as_full_screen_section=&#8221;no&#8221; type=&#8221;grid&#8221; in_content_menu=&#8221;&#8221; icon_pack=&#8221;font_awesome&#8221; text_align=&#8221;left&#8221; pattern_background=&#8221;&#8221; full_screen_section_height=&#8221;no&#8221; vertically_align_content_in_middle=&#8221;no&#8221; use_as_box=&#8221;&#8221; logo_in_content_menu=&#8221;&#8221; content_menu_border_bottom=&#8221;&#8221; content_menu_border_style=&#8221;solid&#8221; box_shadow_on_row=&#8221;no&#8221;][vc_column width=&#8221;1\/1&#8243;][vc_column_text]\n<h1 style=\"text-align: left;\"><a id=\"text\"><\/a>Fran\u00e7ois du Plessis<\/h1>\n[\/vc_column_text][vc_empty_space height=&#8221;30&#8243; image_repeat=&#8221;no-repeat&#8221;][vc_column_text]\n<p style=\"text-align: justify;\">Fran\u00e7ois du Plessis ist Objektk\u00fcnstler. Die Verwendung kraftvoller Farben und zeichenhafter Formen wie Kreise oder Spiralen sowie die \u00dcberf\u00fchrung des Gegenst\u00e4ndlichen in die Formensprache der abstrakt-symbolistischen modernen Kunst stellen Plessis in die N\u00e4he von K\u00fcnstlern wie beispielsweise Joan Mir\u00f3. Wie Mir\u00f3 schafft Plessis einen eigenen geheimnisvollen Kosmos voller Poesie. Ausgangspunkt seiner Kunst sind Fundst\u00fccke wie die H\u00f6lzer einstiger M\u00f6belst\u00fccke oder Ger\u00e4tschaften, Zinkbleche, Textilien, B\u00fccher und Zeitschriften oder auch Materialien aus dem Baumarkt (z.B. Schrauben, Klammern). Experimentierfreude und handwerkliche K\u00f6nnen sp\u00fcrt man in jedem Werk des K\u00fcnstlers.<\/p>\n<p style=\"text-align: justify;\">Besonders Augenf\u00e4llig ist in Du Plessis Werk die Verbindung von Kunst und Literatur. B\u00fccher als Material seiner Kunst besorgt sich der K\u00fcnstler von Flohm\u00e4rkten, aus Antiquariaten oder direkt von Verlagen. Der K\u00fcnstler nutzt das Buch in allen Varianten angefangen vom einfachen Taschenbuch \u00fcber das Gesangbuch mit Goldschnitt bis zum Bildband \u00fcber Designklassiker (Dr. Kathrin Reeckmann). Das Buch als in Sprache festgehaltene Zeit, als Wissensschatz oder als kollektive Erinnerung, wird bei Du Plessis zum Objekt oder zur papiernen Skulptur. Oftmals sind die Buchr\u00fccken mit ihren Autoren\/Titeln innerhalb eines Objektes erkennbar und der Betrachter assoziiert durch Farben oder grafische Muster beispielsweise Bez\u00fcge zu den vom K\u00fcnstler gew\u00e4hlten Buchthemen (z.B. Nelson Mandela, Das gro\u00dfe Buch der Indianer). Einige seiner Buchobjekte erinnern jedoch auch an Regale oder Depots geistigen Inhalts. Die Kombination von zumeist pastos aufgetragener Farbe und ausdruckstarken farbigen Gegenst\u00e4nden (Buchr\u00fccken) erinnert in ihrer k\u00fcnstlerischen Ausgestaltung, ihrem Symbolismus und ihren Naturbez\u00fcgen an die r\u00e4tselhafte Formensprache vorgeschichtlicher oder fr\u00fcherer indianischer Kulturen mit ihren komplexen Systemen ineinander wirkender ornamentalen Zeichen und Symbole.<\/p>\n<p style=\"text-align: justify;\">Die Themen Erinnerung, Geschichte, Natur und Zeit und spielen in Du Plessis Werken eine zentrale Rolle. Beispielsweise arrangiert der K\u00fcnstler Papierschichten so, dass sie Assoziationen an die Jahresringe von Baumst\u00e4mmen wecken. Oder er kombiniert geschnittene B\u00fccher, Textilien und Schrauben zu halbabstrakten, halbfigurativen Objekten die ganze W\u00e4nde besetzten und die an naturhaftes &#8211; wie V\u00f6gel oder Insekten \u2013 erinnern.<\/p>\n<p style=\"text-align: right;\">Andr\u00e9 Lindhorst, 2015<\/p>\n<p>\u00a0[\/vc_column_text][vc_empty_space height=&#8221;50&#8243; background_image=&#8221;&#8221; image_repeat=&#8221;no-repeat&#8221;][\/vc_column][\/vc_row][vc_row row_type=&#8221;row&#8221; use_row_as_full_screen_section=&#8221;no&#8221; type=&#8221;grid&#8221; in_content_menu=&#8221;&#8221; icon_pack=&#8221;font_awesome&#8221; text_align=&#8221;left&#8221; pattern_background=&#8221;&#8221; full_screen_section_height=&#8221;no&#8221; vertically_align_content_in_middle=&#8221;no&#8221; use_as_box=&#8221;&#8221; logo_in_content_menu=&#8221;&#8221; content_menu_border_bottom=&#8221;&#8221; content_menu_border_style=&#8221;solid&#8221; box_shadow_on_row=&#8221;no&#8221;][vc_column width=&#8221;1\/1&#8243;][vc_column_text]\n<h1 style=\"text-align: left;\"><a id=\"biografie\"><\/a>Biografie<\/h1>\n[\/vc_column_text][vc_empty_space height=&#8221;50&#8243; image_repeat=&#8221;no-repeat&#8221;][vc_column_text]\n<h2 style=\"text-align: left;\">Vita<\/h2>\n<p>Geboren 1961 in Simbabwe<br \/>\nAufgewachsen in S\u00fcdafrika<br \/>\nVerlie\u00df S\u00fcdafrika 1985 im Alter von 24 Jahren wegen der Apartheidpolitik<br \/>\nBereiste drei Jahre lang Europa und den Mittleren Osten bevor er sich 1988 in der Bundesrepublik Deutschland niederlie\u00df.<br \/>\nLebt und arbeitet in Aachen<br \/>\nAutodidakt[\/vc_column_text][vc_empty_space height=&#8221;50&#8243; image_repeat=&#8221;no-repeat&#8221;][vc_column_text]\n<h2 style=\"text-align: left;\">Ausstellungen &amp; Messen<\/h2>\n<p style=\"text-align: left;\">(seit 2010)<\/p>\n<p><strong>2015<\/strong><br \/>\n&#8220;Miniaturen&#8221;- Galerie Freitag 18.30, Aachen<br \/>\n&#8220;Affordable Art Fair&#8221;- Hamburg, Galerie Chiefs and Spirits, Den Haag\/NL<br \/>\n&#8220;Affordable Art Fair&#8221;- Amsterdam, Galerie Chiefs and Spirits, Den Haag\/NL<br \/>\n&#8220;Art The Hague&#8221;- Galerie Chiefs and Spirits, Den Haag\/NL<br \/>\n&#8220;Zweiteilig- Michael Kravagna\/Francois du Plessis&#8221;- Galerie Freitag 18.30, Aachen\/D<br \/>\n&#8220;Rentr\u00e9e Anticip\u00e9e&#8221;- Monos Art Gallery, L\u00fcttich\/B<br \/>\n&#8220;Art Fair 21&#8221;- K\u00f6ln, Galerie Freitag 18.30, Aachen\/D<br \/>\n&#8220;Positions Art Fair&#8221;- Berlin, Galerie Villa K\u00f6ppe, Berlin\/D<br \/>\n&#8220;Kunst RAI Amsterdam&#8221;- Galerie Chiefs and Spirits, Den Haag\/NL<br \/>\n&#8220;Affordable Art Fair&#8221;- Maastricht, Galerie Chiefs and Spirits, Den Haag\/NL<br \/>\n&#8220;Art Breda&#8221;- Breda, Galerie Chiefs and Spirits, Den Haag\/NL<br \/>\n&#8220;Art Karlsruhe&#8221;- Karlsruhe, Galerie Chiefs and Spirits, Den Haag\/NL<br \/>\n&#8220;Livres D`Artistes&#8221;- Espace Saint Mengold, Huy\/B<br \/>\n&#8220;Affordable Art Fair&#8221;- Br\u00fcssel, Galerie Chiefs and Spirits, Den Haag\/NL<br \/>\n&#8220;Rotterdam Contemporary Art Fair&#8221; &#8211; Rotterdam, Galerie Chiefs and Spirits, Den Haag\/NL<br \/>\n&#8220;Realisme Kunstbeurs&#8221;- Amsterdam, Galerie Chiefs and Spirits, Den Haag\/NL<br \/>\n&#8220;Rote Faden&#8221;- Galerie Stern-Wywiol, Hamburg\/D<\/p>\n<p><strong>2014<\/strong><br \/>\n&#8220;Miniaturen&#8221;- Galerie Freitag 18.30, Aachen\/D<br \/>\n&#8220;Affordable Art Fair&#8221;- Hamburg, Galerie Chiefs and Spirits, Den Haag\/NL<br \/>\n&#8220;Affordable Art Fair&#8221;- Amsterdam, Galerie Chiefs and Spirits, Den Haag\/NL<br \/>\n&#8220;Aus_schnitte&#8221;- mit Lilith Lindner, Galerie Freitag 18.30, Aachen\/D<br \/>\n&#8220;Art Fair 21&#8221;- K\u00f6ln, Galerie Freitag 18.30, Aachen\/D<br \/>\n&#8220;MAP&#8221;- mit Maja Marx und Pitika Ntuli, Richmond\/ZA<br \/>\n&#8220;Art The Hague&#8221;- Galerie Chiefs and Spirits, Den Haag\/N<br \/>\n&#8220;Kunst RAI Amsterdam&#8221;- Galerie Chiefs and Spirits, Den Haag\/NL<br \/>\n&#8220;Papier Biennale 2014&#8221;- Museum Rijswijk, Rijswijk\/NL<br \/>\n&#8220;Experimentelle 18&#8221;- Galerie Titus Koch, Gottmadingen\/D<br \/>\n&#8220;Point of Departure&#8221;- Gallery Lizamore, Johannesburg\/ZA<br \/>\n&#8220;Cologne Paper Art Fair&#8221;- K\u00f6ln, Galerie Chiefs and Spirits, Den Haag\/NL<br \/>\n&#8220;Affordable Art Fair&#8221;- Maastricht, Galerie Chiefs and Spirits, Den Haag\/NL<br \/>\n&#8220;Art 2014&#8221;- Breda, Galerie Chiefs and Spirits, Den Haag\/NL<br \/>\n&#8220;Art Karlsruhe&#8221;- Karlsruhe (Solo Show), Galerie Chiefs and Spirits, Den Haag\/NL<br \/>\n&#8220;Affordable Art Fair&#8221;- Br\u00fcssel, Galerie Chiefs and Spirits, Den Haag\/NL<br \/>\n&#8220;Raw Art Fair&#8221;- Rotterdam (Solo Show), Galerie Chiefs and Spirits, Den Haag\/NL<\/p>\n<p><strong>2013<\/strong><br \/>\n&#8220;Art Gent&#8221;- Gent\/Belgien, Galerie Chiefs and Spirits, Den Haag\/NL<br \/>\n&#8220;Miniaturen&#8221; &#8211; Galerie Freitag 18.30, Aachen\/D<br \/>\n&#8220;Affordable Art Fair&#8221;- Hamburg, Galerie Chiefs and Spirits, Den Haag\/NL<br \/>\n&#8220;Dix de Der&#8221;- MAMAC (Musee de L`Art Modern et de L\u00b4Art Contemporain) und Monos Art Gallery,L\u00fcttich\/B<br \/>\nTrent Art Gallery &#8211; Pretoria\/ZA<br \/>\n&#8220;Affordable Art Fair&#8221; &#8211; Amsterdam, Galerie Chiefs and Spirits, Den Haag\/NL<br \/>\n&#8220;Book Stories&#8221; &#8211; Kunstverein Xanten\/D<br \/>\n&#8220;Berliner Liste&#8221; &#8211; Berlin, Galerie Chiefs and Spirits, Den Haag\/NL<br \/>\n&#8220;Cool Silicone Art Award&#8221; &#8211; (Ostrale), Dresden\/D<br \/>\n&#8220;Das Grosse Fressen&#8221; &#8211; Galerie Freitag 18.30, Aachen\/D<br \/>\n&#8220;Kunst Rai Amsterdam&#8221; &#8211; Galerie Chiefs and Spirits, Den Haag\/NL<br \/>\n&#8220;Book Stories&#8221; &#8211; Galerie Negen Punt Negen, Roeselare\/B<br \/>\n&#8220;ART 2013 Art Fair&#8221; &#8211; Utrecht, Galerie Chiefs and Spirits, Den Haag\/NL<br \/>\n&#8220;Book Stories&#8221; &#8211; Galerie Freitag 18.30, Aachen\/D<br \/>\n&#8220;Reactivation&#8221; &#8211; Betonbox, D\u00fcsseldorf\/D<br \/>\n&#8220;DIE GROSSE Kunstausstellung NRW D\u00fcsseldorf&#8221; &#8211; Museum Kunst Palast, D\u00fcsseldorf\/D<br \/>\n&#8220;Affordable Art Fair&#8221; &#8211; Br\u00fcssel, Belgien, Galerie Chiefs and Spirits, Den Haag\/NL<\/p>\n<p><strong>2012<\/strong><br \/>\n&#8220;Miniaturen&#8221; &#8211; Galerie Freitag 18.30, Aachen\/D<br \/>\n&#8220;Affordable Art Fair&#8221; &#8211; Hamburg, Galerie Chiefs and Spirits, Den Haag\/NL<br \/>\n&#8220;Affordable Art Fair&#8221; &#8211; Amsterdam, Galerie Chiefs and Spirits, Den Haag\/NL<br \/>\n&#8220;Arti 12 Art Fair&#8221; &#8211; Galerie Chiefs and Spirits, Den Haag\/NL<br \/>\n&#8220;Gruppenausstellung&#8221;- Galerie T, Middelburg\/NL<br \/>\n&#8220;Art Ulm &#8211; Int. Kunstmesse&#8221;- Artco Galerie, Herzogenrath\/D<br \/>\n&#8220;Open Art Fair&#8221; &#8211; Utrecht, Galerie Chiefs and Spirits, Den Haag\/NL<br \/>\n&#8220;Ostrale&#8221;- Ostragehege, Dresden\/D<br \/>\n&#8220;Zeitgen\u00f6ssische afrikanische K\u00fcnstler in der Sammlung&#8221;- (Kindermann Sammlung), Pfalzmuseum Forchheim\/D<br \/>\n&#8220;Art and Antique Fair&#8221;- Rosmalen, Galerie Chiefs and Spirits, Den Haag\/NL<br \/>\n&#8220;Livres D\u00b4 id\u00e9\u00e9s de Livres&#8221;- Mus\u00e9e des Beaux-Arts, Verviers\/B<br \/>\n&#8220;Gastarbeiten&#8221;- Nadel Fabrik, Aachen\/D<br \/>\n&#8220;DIE GROSSE Kunstausstellung NRW D\u00fcsseldorf&#8221;- Museum Kunst Palast, D\u00fcsseldorf\/D<br \/>\n&#8220;Neue Positionen&#8221; &#8211; In Situ, Maastricht\/NL<\/p>\n<p><strong>2011<\/strong><br \/>\n&#8220;Miniaturen&#8221; &#8211; Galerie Freitag 18.30, Aachen\/D<br \/>\n&#8220;Small is Beautiful&#8221; &#8211; Monos Art Gallery, L\u00fcttich\/B<br \/>\n&#8220;Arti 11 Art Fair&#8221; &#8211; Galerie Chiefs and Spirits, Den Haag\/NL<br \/>\n&#8220;Alternate Current&#8221; &#8211; Slib, Hasselt\/B<br \/>\n&#8220;Carte Blanche mit Didier Bourgignoun&#8221;- Galerie Juvenal, Huy\/B<br \/>\n&#8220;Just one&#8221;- Artco Galerie, Herzogenrath\/D<br \/>\n&#8220;1&#8221;- Galerie Freitag 18.30, Aachen\/D<br \/>\n&#8220;Ostrale&#8221; &#8211; Ostragehege, Dresden\/D<br \/>\n&#8220;Art Focus Euregio&#8221; &#8211; Theater aan het Vrijthof, Maastricht\/NL<br \/>\n&#8220;Book Stories&#8221; &#8211; KUNSTRAUM NO.10, M\u00f6nchengladbach\/D<br \/>\n&#8220;Art and Antique Fair&#8221; &#8211; Hertogenbosch, Galerie Chiefs and Spirits, Den Haag\/NL<br \/>\n&#8220;Positionen, Sammlung Kindermann&#8221; &#8211; Artco Galerie, Herzogenrath\/D<br \/>\n&#8220;Affordable Art Fair&#8221; &#8211; Br\u00fcssel, Belgien, Galerie Chiefs and Spirits, Den Haag\/NL<br \/>\n&#8220;Kunst Salon&#8221; &#8211; Eindhoven, Galerie Chiefs and Spirits, Den Haag\/NL<br \/>\nFine Art- Nice Price&#8221; &#8211; Artco Galerie, Herzogenrath\/D<br \/>\n&#8220;Miniaturen&#8221; &#8211; Galerie Freitag 18.30, Aachen\/D<br \/>\n&#8220;Arti 10 Art Fair&#8221; &#8211; Galerie Chiefs and Spirits, Den Haag\/NL<br \/>\n&#8220;Affordable Art Fair &#8221; &#8211; Amsterdam, Galerie Chiefs and Spirits, Den Haag\/NL<\/p>\n<p><strong>2010<\/strong><br \/>\n&#8220;Pas des deux&#8221;, mit Annette Besgen &#8211; Galerie Freitag 18.30, Aachen\/D<br \/>\n&#8220;Open Art Fair&#8221; &#8211; Utrecht, Galerie Chiefs and Spirits, Den Haag\/NL<br \/>\n&#8220;Umgekehrt&#8221; &#8211; Galerie Freitag 18.30, Aachen\/D<br \/>\n&#8220;Untitled&#8221; &#8211; Monos Art Gallery, L\u00fcttich\/B<br \/>\n&#8220;Made in Germany&#8221; &#8211; Henn Art Exhibitions, Maastricht\/NL<br \/>\n&#8220;Joburg Art Fair&#8221; &#8211; Johannesburg, Sud Afrika, Artco Galerie, Herzogenrath\/D<br \/>\n&#8220;A propos d`ecriture(s)&#8221; &#8211; Maison de la Culture, March-en-Fammene\/Belgien<br \/>\n&#8220;Affordable Art Fair&#8221; &#8211; Br\u00fcssel, Belgien, Galerie Chiefs and Spirits, Den Haag\/NL[\/vc_column_text][vc_empty_space height=&#8221;100&#8243; image_repeat=&#8221;no-repeat&#8221;][\/vc_column][\/vc_row]\n<\/div>","protected":false},"excerpt":{"rendered":"<p>[vc_row row_type=&#8221;row&#8221; use_row_as_full_screen_section=&#8221;no&#8221; type=&#8221;full_width&#8221; header_style=&#8221;&#8221; anchor=&#8221;&#8221; in_content_menu=&#8221;&#8221; content_menu_title=&#8221;&#8221; icon_pack=&#8221;font_awesome&#8221; content_menu_fa_icon=&#8221;&#8221;&#8230;<\/p>\n","protected":false},"author":3,"featured_media":0,"parent":51001,"menu_order":1,"comment_status":"closed","ping_status":"closed","template":"full_width.php","meta":{"footnotes":""},"class_list":["post-52260","page","type-page","status-publish","hentry"],"_links":{"self":[{"href":"https:\/\/www.villa-koeppe.de\/en\/wp-json\/wp\/v2\/pages\/52260\/"}],"collection":[{"href":"https:\/\/www.villa-koeppe.de\/en\/wp-json\/wp\/v2\/pages\/"}],"about":[{"href":"https:\/\/www.villa-koeppe.de\/en\/wp-json\/wp\/v2\/types\/page\/"}],"author":[{"embeddable":true,"href":"https:\/\/www.villa-koeppe.de\/en\/wp-json\/wp\/v2\/users\/3\/"}],"replies":[{"embeddable":true,"href":"https:\/\/www.villa-koeppe.de\/en\/wp-json\/wp\/v2\/comments\/?post=52260"}],"version-history":[{"count":1,"href":"https:\/\/www.villa-koeppe.de\/en\/wp-json\/wp\/v2\/pages\/52260\/revisions\/"}],"predecessor-version":[{"id":52293,"href":"https:\/\/www.villa-koeppe.de\/en\/wp-json\/wp\/v2\/pages\/52260\/revisions\/52293\/"}],"up":[{"embeddable":true,"href":"https:\/\/www.villa-koeppe.de\/en\/wp-json\/wp\/v2\/pages\/51001\/"}],"wp:attachment":[{"href":"https:\/\/www.villa-koeppe.de\/en\/wp-json\/wp\/v2\/media\/?parent=52260"}],"curies":[{"name":"wp","href":"https:\/\/api.w.org\/{rel}","templated":true}]}}