{"id":52265,"date":"2015-08-26T13:15:44","date_gmt":"2015-08-26T11:15:44","guid":{"rendered":"https:\/\/www.villa-koeppe.de\/artists\/gerhard_kehl\/"},"modified":"2016-02-22T13:41:22","modified_gmt":"2016-02-22T12:41:22","slug":"gerhard_kehl","status":"publish","type":"page","link":"https:\/\/www.villa-koeppe.de\/en\/artists\/gerhard_kehl\/","title":{"rendered":"Gerhard Kehl"},"content":{"rendered":"<div class=\"wpb-content-wrapper\">[vc_row row_type=&#8221;row&#8221; use_row_as_full_screen_section=&#8221;no&#8221; type=&#8221;full_width&#8221; header_style=&#8221;&#8221; anchor=&#8221;&#8221; in_content_menu=&#8221;&#8221; content_menu_title=&#8221;&#8221; icon_pack=&#8221;font_awesome&#8221; content_menu_fa_icon=&#8221;&#8221; content_menu_fe_icon=&#8221;&#8221; content_menu_ion_icon=&#8221;&#8221; content_menu_linea_icon=&#8221;&#8221; text_align=&#8221;left&#8221; video=&#8221;&#8221; video_overlay=&#8221;&#8221; video_overlay_image=&#8221;&#8221; video_webm=&#8221;&#8221; video_mp4=&#8221;&#8221; video_ogv=&#8221;&#8221; video_image=&#8221;&#8221; background_image=&#8221;&#8221; pattern_background=&#8221;&#8221; full_screen_section_height=&#8221;no&#8221; vertically_align_content_in_middle=&#8221;no&#8221; section_height=&#8221;&#8221; use_as_box=&#8221;&#8221; parallax_speed=&#8221;&#8221; background_color=&#8221;&#8221; logo_in_content_menu=&#8221;&#8221; custom_widget_area=&#8221;&#8221; content_menu_border_bottom=&#8221;&#8221; content_menu_border_color=&#8221;&#8221; content_menu_border_style=&#8221;solid&#8221; border_top_color=&#8221;&#8221; border_color=&#8221;&#8221; side_padding=&#8221;&#8221; padding_top=&#8221;&#8221; padding_bottom=&#8221;&#8221; color=&#8221;&#8221; hover_color=&#8221;&#8221; more_button_label=&#8221;&#8221; less_button_label=&#8221;&#8221; button_position=&#8221;&#8221; css_animation=&#8221;&#8221; transition_delay=&#8221;&#8221; box_shadow_on_row=&#8221;no&#8221; box_shadow_color=&#8221;&#8221; horizontal_offset=&#8221;&#8221; vertical_offset=&#8221;&#8221; box_shadow_blur=&#8221;&#8221; box_shadow_spread=&#8221;&#8221;][vc_column width=&#8221;1\/1&#8243;]<div class='eltd_image_gallery_no_space  dark on_hover'><div class='eltd_image_gallery_holder' style='height: 500px;'><ul ><li><div style=\"height: 500px; width:302px;\"><a class=\"lightbox_single_portfolio\" rel=\"prettyPhoto[rel-1494537297]\" href=\"https:\/\/www.villa-koeppe.de\/wp-content\/uploads\/2015\/08\/gerhard_kehl_bild-6.jpg\"><span class=\"holder\" style=\"background-color: rgba(255,255,255,0.3);\"><span class=\"outer\"><span class=\"inner\"><span class=\"title\" style=\"color:#000000;font-size:20px;\">Gerhard Kehl | Peep!<\/span><span class=\"separator\" style=\"background-color:#000000;opacity:1;\"><\/span><span class=\"description\" style=\"color:#000000;font-size:14px;\">2014\nH\u00f6he 37 cm, Lindenholz, geschnitzt und lackiert, Spieldose<\/span><\/span><\/span><\/span><img decoding=\"async\" src=\"https:\/\/www.villa-koeppe.de\/wp-content\/uploads\/2015\/08\/gerhard_kehl_bild-6.jpg\" alt=\"Gerhard Kehl | Peep!\"  \/><\/a><\/div><\/li><li><div style=\"height: 500px; width:591px;\"><a class=\"lightbox_single_portfolio\" rel=\"prettyPhoto[rel-1494537297]\" href=\"https:\/\/www.villa-koeppe.de\/wp-content\/uploads\/2015\/08\/gerhard_kehl_bild-10.jpg\"><span class=\"holder\" style=\"background-color: rgba(255,255,255,0.3);\"><span class=\"outer\"><span class=\"inner\"><span class=\"title\" style=\"color:#000000;font-size:20px;\">Gerhard Kehl | Baseballkopf<\/span><span class=\"separator\" style=\"background-color:#000000;opacity:1;\"><\/span><span class=\"description\" style=\"color:#000000;font-size:14px;\">2012, 120 x 100 cm, \u00d6l \/ Leinen<\/span><\/span><\/span><\/span><img decoding=\"async\" src=\"https:\/\/www.villa-koeppe.de\/wp-content\/uploads\/2015\/08\/gerhard_kehl_bild-10.jpg\" alt=\"Gerhard Kehl | Baseballkopf\"  \/><\/a><\/div><\/li><li><div style=\"height: 500px; width:545px;\"><a class=\"lightbox_single_portfolio\" rel=\"prettyPhoto[rel-1494537297]\" href=\"https:\/\/www.villa-koeppe.de\/wp-content\/uploads\/2015\/08\/gerhard_kehl_bild-11.jpg\"><span class=\"holder\" style=\"background-color: rgba(255,255,255,0.3);\"><span class=\"outer\"><span class=\"inner\"><span class=\"title\" style=\"color:#000000;font-size:20px;\">Gerhard Kehl | Bust (Exotic) I<\/span><span class=\"separator\" style=\"background-color:#000000;opacity:1;\"><\/span><span class=\"description\" style=\"color:#000000;font-size:14px;\">2012, H\u00f6he ca. 60 cm, \nLindenholz, bemalt<\/span><\/span><\/span><\/span><img decoding=\"async\" src=\"https:\/\/www.villa-koeppe.de\/wp-content\/uploads\/2015\/08\/gerhard_kehl_bild-11.jpg\" alt=\"Gerhard Kehl | Bust (Exotic) I\"  \/><\/a><\/div><\/li><\/ul><\/div><div class=\"controls\"><a class=\"prev-slide\" href=\"#\"><span class=\"arrow_carrot-left\"><\/span><\/a><a class=\"next-slide\" href=\"#\"><span class=\"arrow_carrot-right\"><\/span><\/a><\/div><\/div>[vc_empty_space height=&#8221;75&#8243; image_repeat=&#8221;no-repeat&#8221;][\/vc_column][\/vc_row][vc_row row_type=&#8221;row&#8221; use_row_as_full_screen_section=&#8221;no&#8221; type=&#8221;grid&#8221; header_style=&#8221;&#8221; anchor=&#8221;&#8221; in_content_menu=&#8221;&#8221; content_menu_title=&#8221;&#8221; icon_pack=&#8221;font_awesome&#8221; content_menu_fa_icon=&#8221;&#8221; content_menu_fe_icon=&#8221;&#8221; content_menu_ion_icon=&#8221;&#8221; content_menu_linea_icon=&#8221;&#8221; text_align=&#8221;left&#8221; video=&#8221;&#8221; video_overlay=&#8221;&#8221; video_overlay_image=&#8221;&#8221; video_webm=&#8221;&#8221; video_mp4=&#8221;&#8221; video_ogv=&#8221;&#8221; video_image=&#8221;&#8221; background_image=&#8221;&#8221; pattern_background=&#8221;&#8221; full_screen_section_height=&#8221;no&#8221; vertically_align_content_in_middle=&#8221;no&#8221; section_height=&#8221;&#8221; use_as_box=&#8221;&#8221; parallax_speed=&#8221;&#8221; background_color=&#8221;&#8221; logo_in_content_menu=&#8221;&#8221; custom_widget_area=&#8221;&#8221; content_menu_border_bottom=&#8221;&#8221; content_menu_border_color=&#8221;&#8221; content_menu_border_style=&#8221;solid&#8221; border_top_color=&#8221;&#8221; border_color=&#8221;&#8221; side_padding=&#8221;&#8221; padding_top=&#8221;&#8221; padding_bottom=&#8221;50&#8243; color=&#8221;&#8221; hover_color=&#8221;&#8221; more_button_label=&#8221;&#8221; less_button_label=&#8221;&#8221; button_position=&#8221;&#8221; css_animation=&#8221;&#8221; transition_delay=&#8221;&#8221; box_shadow_on_row=&#8221;no&#8221; box_shadow_color=&#8221;&#8221; horizontal_offset=&#8221;&#8221; vertical_offset=&#8221;&#8221; box_shadow_blur=&#8221;&#8221; box_shadow_spread=&#8221;&#8221;][vc_column width=&#8221;1\/1&#8243;][vc_column_text]\n<p><a href=\"#text\">Text<\/a> \/ <a href=\"#biografie\">Biografie<\/a> \/ <a href=\"#katalog\">Katalog<\/a><\/p>\n[\/vc_column_text][\/vc_column][\/vc_row][vc_row row_type=&#8221;row&#8221; use_row_as_full_screen_section=&#8221;no&#8221; type=&#8221;grid&#8221; in_content_menu=&#8221;&#8221; icon_pack=&#8221;font_awesome&#8221; text_align=&#8221;left&#8221; pattern_background=&#8221;&#8221; full_screen_section_height=&#8221;no&#8221; vertically_align_content_in_middle=&#8221;no&#8221; use_as_box=&#8221;&#8221; logo_in_content_menu=&#8221;&#8221; content_menu_border_bottom=&#8221;&#8221; content_menu_border_style=&#8221;solid&#8221; box_shadow_on_row=&#8221;no&#8221;][vc_column width=&#8221;1\/1&#8243;][vc_column_text]\n<h1 style=\"text-align: left;\"><a id=\"text\"><\/a>Gerhard Kehl<\/h1>\n[\/vc_column_text][vc_empty_space height=&#8221;50&#8243; image_repeat=&#8221;no-repeat&#8221;][vc_column_text]<strong>Gerhard Kehl \u2013 Nefertiti 2.0<\/strong><\/p>\n<p>Mit Gerhard Kehl, 1964 in Wissen \/ Westerwald geborenen, stellt die Galerie Villa K\u00f6ppe einen zeitgen\u00f6ssischen international bekannten Objektk\u00fcnstler und Maler vor. W\u00e4hrend seines Studiums in Berlin und San Francisco besch\u00e4ftigte sich Kehl neben Kommunikationswissenschaft und Amerikanistik auch mit der Geschichte trivialer Medien, zum Beispiel Comics, und arbeitete in der Projektentwicklung eines Zeichentrickstudios. Hierdurch inspiriert, startete Gerhard Kehl seine Kunstkarriere 1992 \u00fcber Ausstellungen von stark farbigen, dem Comic und der Pop-Art nahestehenden Figurationen bzw. Gem\u00e4lden in Hochglanzlack.<\/p>\n<p>Die mit feiner Ironie und philosophischer Reflexion auf gesellschaftliche Normen und Zw\u00e4nge aufgeladenen Werke des K\u00fcnstlers begr\u00fcndete Anfang der 1990er Jahre Gerhard Kehls Ruf als \u201eShootingstar der Berliner Kunstszene\u201c.<\/p>\n<p>Seit 2001 arbeitet Gerhard Kehl als Objekt- und Skulpturenk\u00fcnstler. Holzkunsthandwerk aus dem Erzgebirge inspirierten den K\u00fcnstler mit einheimischen Schnitzern und Drechslern zusammenzuarbeiten. Er lie\u00df Werke nach eigenen Entw\u00fcrfen anfertigen, die er dann selbst lackierte oder bemalte.<\/p>\n<p>Gerhard Kehls Bezug zur Pop-Art und seine neue Sicht auf das Thema Skulptur wurde durch zahlreiche Ausstellungen im In- und Ausland gew\u00fcrdigt. Bereits 2005 \/ 2006 nahm der K\u00fcnstler in der Kunsthalle Emden, dem St\u00e4dtischen Museum Heilbronn und dem Liner Museum in Appenzell mit Werken von K\u00fcnstlern wie Auguste Rodin, Pablo Picasso, Markus L\u00fcpertz und Jonathan Meese an der Ausstellung \u201eDie obere H\u00e4lfte\u201c teil, in der die k\u00fcnstlerische Entwicklung der B\u00fcste thematisiert wurden.<\/p>\n<p>In seiner aktuellen Ausstellung in der Villa K\u00f6ppe f\u00fchrt Gerhard Kehl die Bandbreite seiner Kunst mit einer repr\u00e4sentativen Auswahl von Arbeiten eindrucksvoll vor. Grundmotive, wie Menschen- und Tiergestalten oder das Ei, ziehen sich seit langem durch seine Arbeit \u2013 aufges\u00e4gte Vogeleier beispielsweise, die erlauben, in das eigentlich verborgene Innere zu blicken. \u201eMit dem Ei als Motiv kann ich ein wichtiges Thema auf den Punkt bringen: Die Frage nach unserer genetischen Vorbestimmtheit einerseits sowie den Zw\u00e4ngen und Werten unserer Gesellschaft andererseits.\u201c In Themen wie diesen spielt das Gef\u00fchl von eingeengt sein ebenso hinein, wie das Bed\u00fcrfnis nach Geborgenheit.<\/p>\n<p>Mit Tierfiguren, die menschliche Eigenheiten glossieren, oder menschlichen Figurationen, die in hochgl\u00e4nzendem Outfit und in Bl\u00fcmchenkleidern kokettieren, nimmt Gerhard Kehl Aufgeblasenheit, Eitelkeit und Narzissmus augenzwinkernd aufs Korn. Introvertiert und w\u00fcrdevoll dagegen die Interpretation seiner Nofretete, einer lebensgro\u00dfen Frauenb\u00fcste, die speziell f\u00fcr das Ausstellungsprojekt in der Villa K\u00f6ppe entstand.<\/p>\n<p>J\u00fcngst hat sich Gerhard Kehl von Kugelschreiberskizzen des Mannheimer Art-Brut-K\u00fcnstlers Ernst Kolb inspirieren lassen. In der Villa K\u00f6ppe werden Skulpturen gezeigt, die sich als eine Hommage auf Kolbs Werk verstehen und die deutlich machen, wie sehr sich das Schaffen Gerhard Kehls gerade auch auf \u00e4sthetische Formensprachen richtet, die sich au\u00dferhalb des konditionierten Systems der Bildenden Kunst entwickeln.<\/p>\n<p><em>\u00a9 K\u00f6ppe Contemporary, Andr\u00e9 Lindhorst, 2015<\/em>[\/vc_column_text][vc_empty_space height=&#8221;100&#8243; image_repeat=&#8221;no-repeat&#8221;][\/vc_column][\/vc_row][vc_row row_type=&#8221;row&#8221; use_row_as_full_screen_section=&#8221;no&#8221; type=&#8221;grid&#8221; in_content_menu=&#8221;&#8221; icon_pack=&#8221;font_awesome&#8221; text_align=&#8221;left&#8221; pattern_background=&#8221;&#8221; full_screen_section_height=&#8221;no&#8221; vertically_align_content_in_middle=&#8221;no&#8221; use_as_box=&#8221;&#8221; logo_in_content_menu=&#8221;&#8221; content_menu_border_bottom=&#8221;&#8221; content_menu_border_style=&#8221;solid&#8221; box_shadow_on_row=&#8221;no&#8221;][vc_column width=&#8221;1\/1&#8243;][vc_column_text]\n<h1 style=\"text-align: left;\"><a id=\"biografie\"><\/a>Biografie<\/h1>\n[\/vc_column_text][vc_empty_space height=&#8221;50&#8243; image_repeat=&#8221;no-repeat&#8221;][vc_column_text]\n<h2 style=\"text-align: left;\">Vita<\/h2>\n<p>1964<br \/>\ngeboren in Wissen an der Sieg<\/p>\n<p>Studium der\u00a0Kommunikationswissenschaften an der Freien Universit\u00e4t<\/p>\n<p>Lebt und arbeitet in Berlin.<\/p>\n[\/vc_column_text][vc_empty_space height=&#8221;50&#8243; image_repeat=&#8221;no-repeat&#8221;][vc_column_text]\n<h2 style=\"text-align: left;\">Ausstellungen<\/h2>\n<p style=\"padding-left: 30px;\"><strong>Einzelausstellungen Auswahl ab 2000<\/strong><\/p>\n<p><strong>2000 \u00a0<\/strong><br \/>\n&#8220;Freedom of Choice&#8221;, mit Holger B\u00e4r, Galerie Deschler, Berlin<\/p>\n<p><strong>2001<\/strong><br \/>\n&#8220;Volkskunst&#8221;, Kunsthalle Dominikanerkirche, Osnabr\u00fcck<\/p>\n<p><strong>2002 \u00a0\u00a0<\/strong><br \/>\n&#8220;Volkskunst&#8221;, Galerie Deschler Berlin<\/p>\n<p><strong>2005 \u00a0\u00a0\u00a0\u00a0<\/strong><br \/>\n&#8220;Come on over&#8221; im Forum f\u00fcr Kunst, Heidelberg<\/p>\n<p><strong>2006<\/strong><br \/>\n&#8220;I believe I can fly&#8221;, Galerie Deschler, Berlin<\/p>\n<p><strong>2008 \u00a0\u00a0<\/strong><br \/>\n&#8220;Erblich vorbelastet &#8211; It runs in the family&#8221;, Galerie Deschler, Berlin<\/p>\n<p><strong>2012 \u00a0\u00a0\u00a0\u00a0<\/strong><br \/>\n&#8220;IM ERNST &#8211; Das Ernst-Kolb-Projekt\u201c Haus am L\u00fctzowplatz, Berlin<\/p>\n<p><strong>2015<\/strong><br \/>\n&#8220;Nefertiti 2.0&#8221;, K\u00f6ppe Contemporary, Berlin<\/p>\n<p style=\"padding-left: 30px;\"><strong>Gruppenausstellungen &#8211; (Auswahl ab 2000)<\/strong><\/p>\n<p><strong>2001 \u00a0\u00a0\u00a0<\/strong><br \/>\nKunstverein Hamburg Harburg, Kunstverein Bad Salzdetfurth, Schloss Bodenburg<\/p>\n<p><strong>2003<\/strong><br \/>\n&#8220;Rechte Hand, linke Hand&#8221;, 798 Art Space, Peking, China<\/p>\n<p><strong>2004 \u00a0\u00a0\u00a0<\/strong><br \/>\n&#8220;All about Berlin I+II&#8221;, White Box, M\u00fcnchen<\/p>\n<p><strong>2005<\/strong><br \/>\n&#8220;Il fait beau&#8221;, Les amis du mus\u00e9e Fabre, Montpellier, Frankreich<br \/>\n&#8220;Die B\u00fcste von Rodin bis Funakoshi&#8221;, Kunsthalle Emden<br \/>\n&#8220;Die B\u00fcste im 20. Jahrhundert&#8221;, Skulpturenmuseum Heilbronn<\/p>\n<p><strong>2006<\/strong><br \/>\n&#8220;Die obere H\u00e4lfte &#8211; Die B\u00fcste von Rodin bis Jeff Koons&#8221;, Museum Liner, Appenzell, Schweiz<\/p>\n<p><strong>2008 \u00a0<\/strong><br \/>\n&#8220;Einblicke&#8221;, Galerie Supper, Karlsruhe<\/p>\n<p><strong>2009 \u00a0<\/strong><br \/>\n&#8220;Aus dem Stamm &#8211; Holzskulptur heute&#8221;, Kunstverein Wilhelmsh\u00f6he und St\u00e4dtisches Kunstmuseum Singen<\/p>\n<p><strong>2010<\/strong><br \/>\n&#8220;Animal Magnetism&#8221;, Galerie Deschler, Berlin<\/p>\n<p><strong>2010 \u00a0\u00a0\u00a0\u00a0<\/strong><br \/>\n&#8220;Walking the Dog&#8221;, Kunsthalle Osnabr\u00fcck<\/p>\n<p><strong>2013 \u00a0<\/strong><br \/>\n\u201eangekommen\u201c, Galerie Supper, Baden-Baden<\/p>\n<p><strong>2014<\/strong><br \/>\n\u201eAlle Tiere sind gleich\u201c, St\u00e4dtische Galerie Pforzheim<\/p>\n<p>&nbsp;<\/p>\n<h6 style=\"text-align: left;\"><\/h6>\n[\/vc_column_text][vc_empty_space height=&#8221;100&#8243; image_repeat=&#8221;no-repeat&#8221;][\/vc_column][\/vc_row]\n<\/div>","protected":false},"excerpt":{"rendered":"<p>[vc_row row_type=&#8221;row&#8221; use_row_as_full_screen_section=&#8221;no&#8221; type=&#8221;full_width&#8221; header_style=&#8221;&#8221; anchor=&#8221;&#8221; in_content_menu=&#8221;&#8221; content_menu_title=&#8221;&#8221; icon_pack=&#8221;font_awesome&#8221; content_menu_fa_icon=&#8221;&#8221;&#8230;<\/p>\n","protected":false},"author":3,"featured_media":0,"parent":51001,"menu_order":1,"comment_status":"closed","ping_status":"closed","template":"full_width.php","meta":{"footnotes":""},"class_list":["post-52265","page","type-page","status-publish","hentry"],"_links":{"self":[{"href":"https:\/\/www.villa-koeppe.de\/en\/wp-json\/wp\/v2\/pages\/52265\/"}],"collection":[{"href":"https:\/\/www.villa-koeppe.de\/en\/wp-json\/wp\/v2\/pages\/"}],"about":[{"href":"https:\/\/www.villa-koeppe.de\/en\/wp-json\/wp\/v2\/types\/page\/"}],"author":[{"embeddable":true,"href":"https:\/\/www.villa-koeppe.de\/en\/wp-json\/wp\/v2\/users\/3\/"}],"replies":[{"embeddable":true,"href":"https:\/\/www.villa-koeppe.de\/en\/wp-json\/wp\/v2\/comments\/?post=52265"}],"version-history":[{"count":1,"href":"https:\/\/www.villa-koeppe.de\/en\/wp-json\/wp\/v2\/pages\/52265\/revisions\/"}],"predecessor-version":[{"id":52288,"href":"https:\/\/www.villa-koeppe.de\/en\/wp-json\/wp\/v2\/pages\/52265\/revisions\/52288\/"}],"up":[{"embeddable":true,"href":"https:\/\/www.villa-koeppe.de\/en\/wp-json\/wp\/v2\/pages\/51001\/"}],"wp:attachment":[{"href":"https:\/\/www.villa-koeppe.de\/en\/wp-json\/wp\/v2\/media\/?parent=52265"}],"curies":[{"name":"wp","href":"https:\/\/api.w.org\/{rel}","templated":true}]}}