{"id":52269,"date":"2015-08-26T10:58:11","date_gmt":"2015-08-26T08:58:11","guid":{"rendered":"https:\/\/www.villa-koeppe.de\/artists\/gisela_krohn\/"},"modified":"2016-05-07T15:10:05","modified_gmt":"2016-05-07T13:10:05","slug":"gisela_krohn","status":"publish","type":"page","link":"https:\/\/www.villa-koeppe.de\/en\/artists\/gisela_krohn\/","title":{"rendered":"Gisela Krohn"},"content":{"rendered":"<div class=\"wpb-content-wrapper\">[vc_row row_type=&#8221;row&#8221; use_row_as_full_screen_section=&#8221;no&#8221; type=&#8221;full_width&#8221; header_style=&#8221;&#8221; anchor=&#8221;&#8221; in_content_menu=&#8221;&#8221; content_menu_title=&#8221;&#8221; icon_pack=&#8221;font_awesome&#8221; content_menu_fa_icon=&#8221;&#8221; content_menu_fe_icon=&#8221;&#8221; content_menu_ion_icon=&#8221;&#8221; content_menu_linea_icon=&#8221;&#8221; text_align=&#8221;left&#8221; video=&#8221;&#8221; video_overlay=&#8221;&#8221; video_overlay_image=&#8221;&#8221; video_webm=&#8221;&#8221; video_mp4=&#8221;&#8221; video_ogv=&#8221;&#8221; video_image=&#8221;&#8221; background_image=&#8221;&#8221; pattern_background=&#8221;&#8221; full_screen_section_height=&#8221;no&#8221; vertically_align_content_in_middle=&#8221;no&#8221; section_height=&#8221;&#8221; use_as_box=&#8221;&#8221; parallax_speed=&#8221;&#8221; background_color=&#8221;&#8221; logo_in_content_menu=&#8221;&#8221; custom_widget_area=&#8221;&#8221; content_menu_border_bottom=&#8221;&#8221; content_menu_border_color=&#8221;&#8221; content_menu_border_style=&#8221;solid&#8221; border_top_color=&#8221;&#8221; border_color=&#8221;&#8221; side_padding=&#8221;&#8221; padding_top=&#8221;&#8221; padding_bottom=&#8221;&#8221; color=&#8221;&#8221; hover_color=&#8221;&#8221; more_button_label=&#8221;&#8221; less_button_label=&#8221;&#8221; button_position=&#8221;&#8221; css_animation=&#8221;&#8221; transition_delay=&#8221;&#8221; box_shadow_on_row=&#8221;no&#8221; box_shadow_color=&#8221;&#8221; horizontal_offset=&#8221;&#8221; vertical_offset=&#8221;&#8221; box_shadow_blur=&#8221;&#8221; box_shadow_spread=&#8221;&#8221;][vc_column width=&#8221;1\/1&#8243;]<div class='eltd_image_gallery_no_space  dark on_hover'><div class='eltd_image_gallery_holder' style='height: 500px;'><ul ><li><div style=\"height: 500px; width:800px;\"><a class=\"lightbox_single_portfolio\" rel=\"prettyPhoto[rel-986192196]\" href=\"https:\/\/www.villa-koeppe.de\/wp-content\/uploads\/2016\/02\/gisela_krohn-passion-190x300cm-2015OelLw1.jpg\"><span class=\"holder\" style=\"background-color: rgba(255,255,255,0.3);\"><span class=\"outer\"><span class=\"inner\"><span class=\"title\" style=\"color:#000000;font-size:20px;\">Passion \u2013 190 x 300 cm, 2015, \u00d6l \/ Lw<\/span><span class=\"separator\" style=\"background-color:#000000;opacity:1;\"><\/span><span class=\"description\" style=\"color:#000000;font-size:14px;\"><\/span><\/span><\/span><\/span><img decoding=\"async\" src=\"https:\/\/www.villa-koeppe.de\/wp-content\/uploads\/2016\/02\/gisela_krohn-passion-190x300cm-2015OelLw1.jpg\" alt=\"Passion \u2013 190 x 300 cm, 2015, \u00d6l \/ Lw\"  \/><\/a><\/div><\/li><li><div style=\"height: 500px; width:339px;\"><a class=\"lightbox_single_portfolio\" rel=\"prettyPhoto[rel-986192196]\" href=\"https:\/\/www.villa-koeppe.de\/wp-content\/uploads\/2016\/02\/gisela_krohn-Ueberlebenskuenstler-2015-OelLw1.jpg\"><span class=\"holder\" style=\"background-color: rgba(255,255,255,0.3);\"><span class=\"outer\"><span class=\"inner\"><span class=\"title\" style=\"color:#000000;font-size:20px;\">Gisela Krohn \u2013 \u00dcberlebensk\u00fcnstler, 2015, \u00d6l \/Lw<\/span><span class=\"separator\" style=\"background-color:#000000;opacity:1;\"><\/span><span class=\"description\" style=\"color:#000000;font-size:14px;\"><\/span><\/span><\/span><\/span><img decoding=\"async\" src=\"https:\/\/www.villa-koeppe.de\/wp-content\/uploads\/2016\/02\/gisela_krohn-Ueberlebenskuenstler-2015-OelLw1.jpg\" alt=\"Gisela Krohn \u2013 \u00dcberlebensk\u00fcnstler, 2015, \u00d6l \/Lw\"  \/><\/a><\/div><\/li><li><div style=\"height: 500px; width:767px;\"><a class=\"lightbox_single_portfolio\" rel=\"prettyPhoto[rel-986192196]\" href=\"https:\/\/www.villa-koeppe.de\/wp-content\/uploads\/2016\/02\/gisela_krohn-oben_und_unten-170x260cm-2015-OelLw1.jpg\"><span class=\"holder\" style=\"background-color: rgba(255,255,255,0.3);\"><span class=\"outer\"><span class=\"inner\"><span class=\"title\" style=\"color:#000000;font-size:20px;\">Oben und unten \u2013 170 x 260 cm, 2015, \u00d6l \/ Lw<\/span><span class=\"separator\" style=\"background-color:#000000;opacity:1;\"><\/span><span class=\"description\" style=\"color:#000000;font-size:14px;\"><\/span><\/span><\/span><\/span><img decoding=\"async\" src=\"https:\/\/www.villa-koeppe.de\/wp-content\/uploads\/2016\/02\/gisela_krohn-oben_und_unten-170x260cm-2015-OelLw1.jpg\" alt=\"Oben und unten \u2013 170 x 260 cm, 2015, \u00d6l \/ Lw\"  \/><\/a><\/div><\/li><li><div style=\"height: 500px; width:904px;\"><a class=\"lightbox_single_portfolio\" rel=\"prettyPhoto[rel-986192196]\" href=\"https:\/\/www.villa-koeppe.de\/wp-content\/uploads\/2015\/08\/Big-Vic-Fall-2_.jpg\"><span class=\"holder\" style=\"background-color: rgba(255,255,255,0.3);\"><span class=\"outer\"><span class=\"inner\"><span class=\"title\" style=\"color:#000000;font-size:20px;\">Big Vic Fall 2 &#8211; 150 x 260 cm, 2015, \u00d6l \/ Lw<\/span><span class=\"separator\" style=\"background-color:#000000;opacity:1;\"><\/span><span class=\"description\" style=\"color:#000000;font-size:14px;\"><\/span><\/span><\/span><\/span><img decoding=\"async\" src=\"https:\/\/www.villa-koeppe.de\/wp-content\/uploads\/2015\/08\/Big-Vic-Fall-2_.jpg\" alt=\"erican Express Karten +49 (0)69 9797 - 1000\"  \/><\/a><\/div><\/li><li><div style=\"height: 500px; width:671px;\"><a class=\"lightbox_single_portfolio\" rel=\"prettyPhoto[rel-986192196]\" href=\"https:\/\/www.villa-koeppe.de\/wp-content\/uploads\/2015\/08\/blauer-Wendepunkt.jpg\"><span class=\"holder\" style=\"background-color: rgba(255,255,255,0.3);\"><span class=\"outer\"><span class=\"inner\"><span class=\"title\" style=\"color:#000000;font-size:20px;\">Blauer Wendepunkt &#8211; Blauer Wendepunkt, 2014, 140 x 240 cm, \u00d6l \/ Lw<\/span><span class=\"separator\" style=\"background-color:#000000;opacity:1;\"><\/span><span class=\"description\" style=\"color:#000000;font-size:14px;\"><\/span><\/span><\/span><\/span><img decoding=\"async\" src=\"https:\/\/www.villa-koeppe.de\/wp-content\/uploads\/2015\/08\/blauer-Wendepunkt.jpg\" alt=\"Blauer Wendepunkt - Blauer Wendepunkt, 2014, 140 x 240 cm, \u00d6l \/ Lw\"  \/><\/a><\/div><\/li><li><div style=\"height: 500px; width:550px;\"><a class=\"lightbox_single_portfolio\" rel=\"prettyPhoto[rel-986192196]\" href=\"https:\/\/www.villa-koeppe.de\/wp-content\/uploads\/2015\/08\/Linumhorster-Allee-180-cm-x-180-cm-2012.jpg\"><span class=\"holder\" style=\"background-color: rgba(255,255,255,0.3);\"><span class=\"outer\"><span class=\"inner\"><span class=\"title\" style=\"color:#000000;font-size:20px;\">Linumhorster Allee 180 cm x 180 cm 2012<\/span><span class=\"separator\" style=\"background-color:#000000;opacity:1;\"><\/span><span class=\"description\" style=\"color:#000000;font-size:14px;\"><\/span><\/span><\/span><\/span><img decoding=\"async\" src=\"https:\/\/www.villa-koeppe.de\/wp-content\/uploads\/2015\/08\/Linumhorster-Allee-180-cm-x-180-cm-2012.jpg\" alt=\"\"  \/><\/a><\/div><\/li><li><div style=\"height: 500px; width:879px;\"><a class=\"lightbox_single_portfolio\" rel=\"prettyPhoto[rel-986192196]\" href=\"https:\/\/www.villa-koeppe.de\/wp-content\/uploads\/2015\/08\/Gisela_Krohn-The_Mirrow-130x230cm1.jpg\"><span class=\"holder\" style=\"background-color: rgba(255,255,255,0.3);\"><span class=\"outer\"><span class=\"inner\"><span class=\"title\" style=\"color:#000000;font-size:20px;\">The Mirrow &#8211; 130 x 230 cm, 2015, \u00d6l \/ Lw<\/span><span class=\"separator\" style=\"background-color:#000000;opacity:1;\"><\/span><span class=\"description\" style=\"color:#000000;font-size:14px;\"><\/span><\/span><\/span><\/span><img decoding=\"async\" src=\"https:\/\/www.villa-koeppe.de\/wp-content\/uploads\/2015\/08\/Gisela_Krohn-The_Mirrow-130x230cm1.jpg\" alt=\"\"  \/><\/a><\/div><\/li><\/ul><\/div><div class=\"controls\"><a class=\"prev-slide\" href=\"#\"><span class=\"arrow_carrot-left\"><\/span><\/a><a class=\"next-slide\" href=\"#\"><span class=\"arrow_carrot-right\"><\/span><\/a><\/div><\/div>[vc_empty_space height=&#8221;75&#8243; image_repeat=&#8221;no-repeat&#8221;][\/vc_column][\/vc_row][vc_row row_type=&#8221;row&#8221; use_row_as_full_screen_section=&#8221;no&#8221; type=&#8221;grid&#8221; header_style=&#8221;&#8221; anchor=&#8221;&#8221; in_content_menu=&#8221;&#8221; content_menu_title=&#8221;&#8221; icon_pack=&#8221;font_awesome&#8221; content_menu_fa_icon=&#8221;&#8221; content_menu_fe_icon=&#8221;&#8221; content_menu_ion_icon=&#8221;&#8221; content_menu_linea_icon=&#8221;&#8221; text_align=&#8221;left&#8221; video=&#8221;&#8221; video_overlay=&#8221;&#8221; video_overlay_image=&#8221;&#8221; video_webm=&#8221;&#8221; video_mp4=&#8221;&#8221; video_ogv=&#8221;&#8221; video_image=&#8221;&#8221; background_image=&#8221;&#8221; pattern_background=&#8221;&#8221; full_screen_section_height=&#8221;no&#8221; vertically_align_content_in_middle=&#8221;no&#8221; section_height=&#8221;&#8221; use_as_box=&#8221;&#8221; parallax_speed=&#8221;&#8221; background_color=&#8221;&#8221; logo_in_content_menu=&#8221;&#8221; custom_widget_area=&#8221;&#8221; content_menu_border_bottom=&#8221;&#8221; content_menu_border_color=&#8221;&#8221; content_menu_border_style=&#8221;solid&#8221; border_top_color=&#8221;&#8221; border_color=&#8221;&#8221; side_padding=&#8221;&#8221; padding_top=&#8221;&#8221; padding_bottom=&#8221;50&#8243; color=&#8221;&#8221; hover_color=&#8221;&#8221; more_button_label=&#8221;&#8221; less_button_label=&#8221;&#8221; button_position=&#8221;&#8221; css_animation=&#8221;&#8221; transition_delay=&#8221;&#8221; box_shadow_on_row=&#8221;no&#8221; box_shadow_color=&#8221;&#8221; horizontal_offset=&#8221;&#8221; vertical_offset=&#8221;&#8221; box_shadow_blur=&#8221;&#8221; box_shadow_spread=&#8221;&#8221;][vc_column width=&#8221;1\/1&#8243;][vc_column_text]\n<p><a href=\"#text\">Text<\/a> \/ <a href=\"#biografie\">Biografie<\/a> \/ <a href=\"#katalog\">Katalog<\/a><\/p>\n[\/vc_column_text][\/vc_column][\/vc_row][vc_row row_type=&#8221;row&#8221; use_row_as_full_screen_section=&#8221;no&#8221; type=&#8221;grid&#8221; in_content_menu=&#8221;&#8221; icon_pack=&#8221;font_awesome&#8221; text_align=&#8221;left&#8221; pattern_background=&#8221;&#8221; full_screen_section_height=&#8221;no&#8221; vertically_align_content_in_middle=&#8221;no&#8221; use_as_box=&#8221;&#8221; logo_in_content_menu=&#8221;&#8221; content_menu_border_bottom=&#8221;&#8221; content_menu_border_style=&#8221;solid&#8221; box_shadow_on_row=&#8221;no&#8221;][vc_column width=&#8221;1\/1&#8243;][vc_column_text]\n<h1 style=\"text-align: left;\"><a id=\"text\"><\/a>Gisela Krohn<\/h1>\n[\/vc_column_text][vc_empty_space height=&#8221;50&#8243; image_repeat=&#8221;no-repeat&#8221;][vc_column_text]Die Malerin Gisela Krohn studierte an der Kunsthochschule Berlin-Weissensee bei Prof. Werner Liebmann und Hanns Schimansky sowie in Bordeaux. Ihre erste Ausstellung hatte die K\u00fcnstlerin 1986. Ihr k\u00fcnstlerisches Empfinden des Raumes und ihr Beherrschen gro\u00dfformatiger Leinw\u00e4nde hat Gisela Krohn als langj\u00e4hrige Theater-Malerin geschult. Ihr Werk konzentriert sich auf das Sujet der Landschaft.<\/p>\n<p>Das Thema der gef\u00e4hrdeten Natur zieht sich wie ein roter Faden durch ihr \u0152uvre. \u201eMir geht es um die intime Durchdringung von Natur und menschlicher Kultur. Ich denke, dass meine Bilder so etwas wie einen Riss bezeichnen, der durch die Natur und den Menschen gleicherma\u00dfen hindurchgeht\u201c, sagt die K\u00fcnstlerin.<\/p>\n<p>Naturerfahrung ist seit der Renaissance ein epochen- und generations\u00fcbergreifendes Thema. Moderne K\u00fcnstler wie Gisela Krohn setzen sich mit Natur und Landschaft doppel-deutig auseinander: melancholisch-romantische Aspekte und traumverlorene Stimmung stehen neben Empfindungen der Entfremdung von der Natur und der zunehmenden Ignoranz des Menschen gegen\u00fcber Naturzerst\u00f6rung und der Bedrohung von Natur \u00fcberall auf der Welt. Zu diesem Aspekt kommt hinzu, dass besonders das Waldsujet eine meta-physische Auseinandersetzung mit Themen wie Verg\u00e4nglichkeit und Unbest\u00e4ndigkeit sowie dem steten Wechsel von Werden und Vergehen erm\u00f6glicht.<\/p>\n<p>Auch wenn in Gisela Krohns Bildern Menschen nur indirekt vorkommen, beispielsweise durch Wege, Pfade oder T\u00fcrme in der Waldlandschaft, so entsteht doch immer eine Synthese von Au\u00dfen- und Innenwelt. Und ob die K\u00fcnstlerin ihr \u201eAtelier\u201c in den winterlichen W\u00e4ldern Kanadas oder in der bayrischen Bergwelt aufschl\u00e4gt, um sich, wie Gisela Krohn selbst sagt \u201eder Realit\u00e4t zu stellen\u201c, so scheint in ihren Arbeiten doch immer eine tiefere Dimension auf: In ihrer organischen Struktur, Fragilit\u00e4t und Verletzlichkeit gleicht die Natur dem Menschen.<\/p>\n<p>In subtilem Farbenspiel und faszinierenden Kompositionen gelingt es Gisela Krohn, die Sch\u00f6nheit der Natur und deren Bedrohung gleicherma\u00dfen zu thematisieren.<\/p>\n<p><em>\u00a9 K\u00f6ppe Contemporary \/ Andr\u00e9 Lindhorst, 2014<\/em>[\/vc_column_text][vc_empty_space height=&#8221;100&#8243; image_repeat=&#8221;no-repeat&#8221;][\/vc_column][\/vc_row][vc_row row_type=&#8221;row&#8221; use_row_as_full_screen_section=&#8221;no&#8221; type=&#8221;grid&#8221; in_content_menu=&#8221;&#8221; icon_pack=&#8221;font_awesome&#8221; text_align=&#8221;left&#8221; pattern_background=&#8221;&#8221; full_screen_section_height=&#8221;no&#8221; vertically_align_content_in_middle=&#8221;no&#8221; use_as_box=&#8221;&#8221; logo_in_content_menu=&#8221;&#8221; content_menu_border_bottom=&#8221;&#8221; content_menu_border_style=&#8221;solid&#8221; box_shadow_on_row=&#8221;no&#8221;][vc_column width=&#8221;1\/1&#8243;][vc_column_text]\n<h1 style=\"text-align: left;\"><a id=\"biografie\"><\/a>Biografie<\/h1>\n[\/vc_column_text][vc_empty_space height=&#8221;50&#8243; image_repeat=&#8221;no-repeat&#8221;][vc_column_text]\n<h2 style=\"text-align: left;\">Vita<\/h2>\n<p><strong>seit 2001<\/strong><br \/>\nAtelier in Berlin und zeitweise Bayern<\/p>\n<p><strong>2011-2013<\/strong><br \/>\nEinladung\/Stipendium f\u00fcr mehrere Aufenthalte in Polen &#8211; Kloster Marianowo<\/p>\n<p><strong>2010<\/strong><br \/>\nStudienreise und Einladung nach S\u00fcdafrika \/ Victoria Wasserf\u00e4lle<\/p>\n<p><strong>2007<\/strong><br \/>\nStudienreise Costa Rica<\/p>\n<p><strong>2004-2007<\/strong><br \/>\nStudienaufenthalte in Frankreich, Portugal und Italien<\/p>\n<p><strong>2001<\/strong><br \/>\nDiplom der Malerei, Kunsthochschule Berlin-Wei\u00dfensee bei H. Schimansky<\/p>\n<p><strong>2000<\/strong><br \/>\nErasmus Stipendium, Bordeaux, Frankreich<br \/>\nGreen Card USA:\u00a0Studienreise in NYC und Neuengland<\/p>\n<p><strong>1995-2001<\/strong><br \/>\nStudium der Malerei an der Kunsthochschule Berlin<\/p>\n<p><strong>1991-1995<\/strong><br \/>\nAusbildung zur Theatermalerin an der Deutschen Oper Berlin<\/p>\n<p><strong>1988-1989<\/strong><br \/>\nEinj\u00e4hriger Studienaufenthalt in Quebec, Kanada<\/p>\n<p><strong>1986<\/strong><br \/>\nFachabitur in Grafik und Design<\/p>\n<p><strong>1966<\/strong><br \/>\nin K\u00f6ln geboren<\/p>\n[\/vc_column_text][vc_empty_space height=&#8221;50&#8243; image_repeat=&#8221;no-repeat&#8221;][vc_column_text]\n<h2 style=\"text-align: left;\">Ausstellungen<\/h2>\n<p style=\"text-align: left;\">(E) Einzel\u00a0 (G) Gruppe<\/p>\n[\/vc_column_text][vc_column_text]<strong>2016<\/strong><br \/>\nin Vorbereitung Galerie Villa K\u00f6ppe Berlin E.A, Galerie Peter Frey Wien<\/p>\n<p><strong>2015<\/strong><br \/>\nGalerie Peter Frey, Salzburg (E)<br \/>\nGalerie Biesenbach, K\u00f6ln\u00a0 (E)<\/p>\n<p><strong>2014<\/strong><br \/>\nGalerie Peter Frey, Salzburg \u2013 Austria<br \/>\n&#8220;Mythos Wald&#8221;, Zeitgen\u00f6ssische und historische Interpretationen zum Thema Wald, Haus Beda, Bitburg\u00a0 (G)<br \/>\nGalerie Art Affair, Regensburg (E)<br \/>\nGalerie Biesenbach, K\u00f6ln (G)<\/p>\n<p><strong>2013<\/strong><br \/>\nARD Hauptstadtstudio, Berlin (E)<br \/>\n\u201eopen secret\u201c, Galerie Wittenbrink, M\u00fcnchen\u00a0 (E)<\/p>\n<p><strong>2012<\/strong><br \/>\n\u201e100 Jahre Landschaft\u201c, Hubertus Melsheimer Kunsthandel, K\u00f6ln<br \/>\nDSV Kunstkontor Stuttgart, my memories are like water, Bilder vom Victoria Fall, Zimbabwe Afrika (E)<\/p>\n<p><strong>2011<\/strong><br \/>\nXII International Workshop of Visual Arts and Artists Meeting in Marianowo, Poland<br \/>\nHubertus Melsheimer Kunsthandel, K\u00f6ln, Art Karlsruhe<\/p>\n<p><strong>2009<\/strong><br \/>\n\u201eHinter dem Liebnitzsee\u201c, Kunstamt Berlin\/Kreuzberg\u00a0 (E)<br \/>\n\u201erasende Stille\u201c Galerie Wittenbrink, M\u00fcnchen (E)<\/p>\n<p><strong>2007<\/strong><br \/>\nLa Biennale du Prieur\u00e9, Belgien<br \/>\nArt Cologne, Galerie Wittenbrink M\u00fcnchen<\/p>\n<p><strong>2006<\/strong><br \/>\nHubertus Melsheimer Kunsthandel, K\u00f6ln (Kunstmesse Karlsruhe)<br \/>\nAudi-Forum Berlin<\/p>\n<p><strong>2005<\/strong><br \/>\nGalerie im K\u00f6rnerpark Berlin<\/p>\n<p><strong>2004<\/strong><br \/>\n\u201eTimberland\u201c, Galerie Wittenbrink, M\u00fcnchen (E)<br \/>\nStift Neuzelle, deutsch-polnisches Stipendium des Landes Brandenburg<\/p>\n<p><strong>2003<\/strong><br \/>\n\u201ePositionen neuer Malerei\u201c, Galerie Wittenbrink, M\u00fcnchen\u00a0 (G)<br \/>\n\u201eNeue Landschaftsbilder\u201c, Galerie Bago, Berlin\u00a0 (E)<\/p>\n<p><strong>2001<\/strong><br \/>\n\u201eAlleen\u201c, Kunsthochschule Berlin, Diplomausstellung<\/p>\n<p><strong>2000<\/strong><br \/>\n\u201edans le jardin de mon ami\u201c, Goethe-Institut Bordeaux, Frankreich\u00a0 (E)[\/vc_column_text][vc_empty_space height=&#8221;60px&#8221; image_repeat=&#8221;no-repeat&#8221;][\/vc_column][\/vc_row][vc_row row_type=&#8221;row&#8221; use_row_as_full_screen_section=&#8221;no&#8221; type=&#8221;grid&#8221; in_content_menu=&#8221;&#8221; icon_pack=&#8221;font_awesome&#8221; text_align=&#8221;left&#8221; pattern_background=&#8221;&#8221; full_screen_section_height=&#8221;no&#8221; vertically_align_content_in_middle=&#8221;no&#8221; use_as_box=&#8221;&#8221; logo_in_content_menu=&#8221;&#8221; content_menu_border_bottom=&#8221;&#8221; content_menu_border_style=&#8221;solid&#8221; box_shadow_on_row=&#8221;no&#8221;][vc_column width=&#8221;1\/1&#8243;][vc_column_text]\n<h1 style=\"text-align: left;\"><span style=\"color: #000000;\"><a id=\"katalog\"><\/a>Katalog<\/span><\/h1>\n[\/vc_column_text][vc_empty_space height=&#8221;20px&#8221; image_repeat=&#8221;no-repeat&#8221;][no_elements_holder number_of_columns=&#8221;three_columns&#8221; items_float_left=&#8221;yes&#8221;][no_elements_holder_item aligment=&#8221;left&#8221; advanced_animations=&#8221;no&#8221; start_position=&#8221;bottom&#8221; end_position=&#8221;center&#8221;][vc_single_image image=&#8221;52758&#8243; border_color=&#8221;grey&#8221; img_link_large=&#8221;&#8221; img_link_target=&#8221;_blank&#8221; link=&#8221;http:\/\/issuu.com\/galerievillakoeppe\/docs\/katalog_giselakrohn_web&#8221; img_size=&#8221;300 x 300&#8243;][vc_empty_space height=&#8221;5px&#8221; image_repeat=&#8221;no-repeat&#8221;][vc_column_text]Katalog Gisela Krohn<br \/>\n&#8220;Wald als emotionale Landschaft&#8221;<\/p>\n<p>32 Seiten, 2016[\/vc_column_text][\/no_elements_holder_item][\/no_elements_holder][\/vc_column][\/vc_row]\n<\/div>","protected":false},"excerpt":{"rendered":"<p>[vc_row row_type=&#8221;row&#8221; use_row_as_full_screen_section=&#8221;no&#8221; type=&#8221;full_width&#8221; header_style=&#8221;&#8221; anchor=&#8221;&#8221; in_content_menu=&#8221;&#8221; content_menu_title=&#8221;&#8221; icon_pack=&#8221;font_awesome&#8221; content_menu_fa_icon=&#8221;&#8221;&#8230;<\/p>\n","protected":false},"author":3,"featured_media":0,"parent":51001,"menu_order":1,"comment_status":"closed","ping_status":"closed","template":"full_width.php","meta":{"footnotes":""},"class_list":["post-52269","page","type-page","status-publish","hentry"],"_links":{"self":[{"href":"https:\/\/www.villa-koeppe.de\/en\/wp-json\/wp\/v2\/pages\/52269\/"}],"collection":[{"href":"https:\/\/www.villa-koeppe.de\/en\/wp-json\/wp\/v2\/pages\/"}],"about":[{"href":"https:\/\/www.villa-koeppe.de\/en\/wp-json\/wp\/v2\/types\/page\/"}],"author":[{"embeddable":true,"href":"https:\/\/www.villa-koeppe.de\/en\/wp-json\/wp\/v2\/users\/3\/"}],"replies":[{"embeddable":true,"href":"https:\/\/www.villa-koeppe.de\/en\/wp-json\/wp\/v2\/comments\/?post=52269"}],"version-history":[{"count":7,"href":"https:\/\/www.villa-koeppe.de\/en\/wp-json\/wp\/v2\/pages\/52269\/revisions\/"}],"predecessor-version":[{"id":52767,"href":"https:\/\/www.villa-koeppe.de\/en\/wp-json\/wp\/v2\/pages\/52269\/revisions\/52767\/"}],"up":[{"embeddable":true,"href":"https:\/\/www.villa-koeppe.de\/en\/wp-json\/wp\/v2\/pages\/51001\/"}],"wp:attachment":[{"href":"https:\/\/www.villa-koeppe.de\/en\/wp-json\/wp\/v2\/media\/?parent=52269"}],"curies":[{"name":"wp","href":"https:\/\/api.w.org\/{rel}","templated":true}]}}