{"id":52277,"date":"2015-08-28T00:56:06","date_gmt":"2015-08-27T22:56:06","guid":{"rendered":"https:\/\/www.villa-koeppe.de\/artists\/helle-jetzig\/"},"modified":"2016-02-22T13:41:33","modified_gmt":"2016-02-22T12:41:33","slug":"helle-jetzig","status":"publish","type":"page","link":"https:\/\/www.villa-koeppe.de\/en\/artists\/helle-jetzig\/","title":{"rendered":"Helle Jetzig"},"content":{"rendered":"<div class=\"wpb-content-wrapper\">[vc_row row_type=&#8221;row&#8221; use_row_as_full_screen_section=&#8221;no&#8221; type=&#8221;full_width&#8221; header_style=&#8221;&#8221; anchor=&#8221;&#8221; in_content_menu=&#8221;&#8221; content_menu_title=&#8221;&#8221; icon_pack=&#8221;font_awesome&#8221; content_menu_fa_icon=&#8221;&#8221; content_menu_fe_icon=&#8221;&#8221; content_menu_ion_icon=&#8221;&#8221; content_menu_linea_icon=&#8221;&#8221; text_align=&#8221;left&#8221; video=&#8221;&#8221; video_overlay=&#8221;&#8221; video_overlay_image=&#8221;&#8221; video_webm=&#8221;&#8221; video_mp4=&#8221;&#8221; video_ogv=&#8221;&#8221; video_image=&#8221;&#8221; background_image=&#8221;&#8221; pattern_background=&#8221;&#8221; full_screen_section_height=&#8221;no&#8221; vertically_align_content_in_middle=&#8221;no&#8221; section_height=&#8221;&#8221; use_as_box=&#8221;&#8221; parallax_speed=&#8221;&#8221; background_color=&#8221;&#8221; logo_in_content_menu=&#8221;&#8221; custom_widget_area=&#8221;&#8221; content_menu_border_bottom=&#8221;&#8221; content_menu_border_color=&#8221;&#8221; content_menu_border_style=&#8221;solid&#8221; border_top_color=&#8221;&#8221; border_color=&#8221;&#8221; side_padding=&#8221;&#8221; padding_top=&#8221;&#8221; padding_bottom=&#8221;&#8221; color=&#8221;&#8221; hover_color=&#8221;&#8221; more_button_label=&#8221;&#8221; less_button_label=&#8221;&#8221; button_position=&#8221;&#8221; css_animation=&#8221;&#8221; transition_delay=&#8221;&#8221; box_shadow_on_row=&#8221;no&#8221; box_shadow_color=&#8221;&#8221; horizontal_offset=&#8221;&#8221; vertical_offset=&#8221;&#8221; box_shadow_blur=&#8221;&#8221; box_shadow_spread=&#8221;&#8221;][vc_column width=&#8221;1\/1&#8243;]<div class='eltd_image_gallery_no_space  dark on_hover'><div class='eltd_image_gallery_holder' style='height: 500px;'><ul ><li><div style=\"height: 500px; width:334px;\"><a class=\"lightbox_single_portfolio\" rel=\"prettyPhoto[rel-1462339935]\" href=\"https:\/\/www.villa-koeppe.de\/wp-content\/uploads\/2015\/08\/helle_jetzig_bild-1.jpg\"><span class=\"holder\" style=\"background-color: rgba(255,255,255,0.3);\"><span class=\"outer\"><span class=\"inner\"><span class=\"title\" style=\"color:#000000;font-size:20px;\">Helle Jetzig | Reflections D 2<\/span><span class=\"separator\" style=\"background-color:#000000;opacity:1;\"><\/span><span class=\"description\" style=\"color:#000000;font-size:14px;\">2005, 180 x 120 x 5 cm, Malerei und Siebdruck auf Schwarzwei\u00dffotografie<\/span><\/span><\/span><\/span><img decoding=\"async\" src=\"https:\/\/www.villa-koeppe.de\/wp-content\/uploads\/2015\/08\/helle_jetzig_bild-1.jpg\" alt=\"Helle Jetzig | Reflections D 2\"  \/><\/a><\/div><\/li><li><div style=\"height: 500px; width:625px;\"><a class=\"lightbox_single_portfolio\" rel=\"prettyPhoto[rel-1462339935]\" href=\"https:\/\/www.villa-koeppe.de\/wp-content\/uploads\/2015\/08\/helle_jetzig_bild-2.jpg\"><span class=\"holder\" style=\"background-color: rgba(255,255,255,0.3);\"><span class=\"outer\"><span class=\"inner\"><span class=\"title\" style=\"color:#000000;font-size:20px;\">Helle Jetzig | Aufrecht tr\u00e4umen<\/span><span class=\"separator\" style=\"background-color:#000000;opacity:1;\"><\/span><span class=\"description\" style=\"color:#000000;font-size:14px;\">2006, 120 x 150 x 4 cm, Malerei und Siebdruck auf Schwarzwei\u00dffotografie<\/span><\/span><\/span><\/span><img decoding=\"async\" src=\"https:\/\/www.villa-koeppe.de\/wp-content\/uploads\/2015\/08\/helle_jetzig_bild-2.jpg\" alt=\"Helle Jetzig | Aufrecht tr\u00e4umen\"  \/><\/a><\/div><\/li><li><div style=\"height: 500px; width:626px;\"><a class=\"lightbox_single_portfolio\" rel=\"prettyPhoto[rel-1462339935]\" href=\"https:\/\/www.villa-koeppe.de\/wp-content\/uploads\/2015\/08\/Two-Ways-A-1-120-x-150.jpg\"><span class=\"holder\" style=\"background-color: rgba(255,255,255,0.3);\"><span class=\"outer\"><span class=\"inner\"><span class=\"title\" style=\"color:#000000;font-size:20px;\">Helle Jetzig | Two Ways A 1<\/span><span class=\"separator\" style=\"background-color:#000000;opacity:1;\"><\/span><span class=\"description\" style=\"color:#000000;font-size:14px;\">2006, Malerei und Siebdruck auf Schwarzwei\u00dffotografie, 120 x 150 x 4 cm<\/span><\/span><\/span><\/span><img decoding=\"async\" src=\"https:\/\/www.villa-koeppe.de\/wp-content\/uploads\/2015\/08\/Two-Ways-A-1-120-x-150.jpg\" alt=\"Helle Jetzig | Two Ways A 1\"  \/><\/a><\/div><\/li><li><div style=\"height: 500px; width:278px;\"><a class=\"lightbox_single_portfolio\" rel=\"prettyPhoto[rel-1462339935]\" href=\"https:\/\/www.villa-koeppe.de\/wp-content\/uploads\/2015\/08\/helle_jetzig_bild-3.jpg\"><span class=\"holder\" style=\"background-color: rgba(255,255,255,0.3);\"><span class=\"outer\"><span class=\"inner\"><span class=\"title\" style=\"color:#000000;font-size:20px;\">Helle Jetzig | Buildings Talking (To Me) B 2<\/span><span class=\"separator\" style=\"background-color:#000000;opacity:1;\"><\/span><span class=\"description\" style=\"color:#000000;font-size:14px;\">2006, 180 x 100 x 4 cm, Malerei und Siebdruck auf Schwarzwei\u00dffotografie<\/span><\/span><\/span><\/span><img decoding=\"async\" src=\"https:\/\/www.villa-koeppe.de\/wp-content\/uploads\/2015\/08\/helle_jetzig_bild-3.jpg\" alt=\"Helle Jetzig | Buildings Talking (To Me) B 2\"  \/><\/a><\/div><\/li><li><div style=\"height: 500px; width:400px;\"><a class=\"lightbox_single_portfolio\" rel=\"prettyPhoto[rel-1462339935]\" href=\"https:\/\/www.villa-koeppe.de\/wp-content\/uploads\/2015\/08\/GMH-A-4.jpg\"><span class=\"holder\" style=\"background-color: rgba(255,255,255,0.3);\"><span class=\"outer\"><span class=\"inner\"><span class=\"title\" style=\"color:#000000;font-size:20px;\">Helle Jetzig | GMH A 4<\/span><span class=\"separator\" style=\"background-color:#000000;opacity:1;\"><\/span><span class=\"description\" style=\"color:#000000;font-size:14px;\">2012, Malerei auf Fotografie, gerahmt, 125 x 100 cm<\/span><\/span><\/span><\/span><img decoding=\"async\" src=\"https:\/\/www.villa-koeppe.de\/wp-content\/uploads\/2015\/08\/GMH-A-4.jpg\" alt=\"Helle Jetzig | GMH A 4\"  \/><\/a><\/div><\/li><\/ul><\/div><div class=\"controls\"><a class=\"prev-slide\" href=\"#\"><span class=\"arrow_carrot-left\"><\/span><\/a><a class=\"next-slide\" href=\"#\"><span class=\"arrow_carrot-right\"><\/span><\/a><\/div><\/div>[vc_empty_space height=&#8221;75&#8243; image_repeat=&#8221;no-repeat&#8221;][\/vc_column][\/vc_row][vc_row row_type=&#8221;row&#8221; use_row_as_full_screen_section=&#8221;no&#8221; type=&#8221;grid&#8221; header_style=&#8221;&#8221; anchor=&#8221;&#8221; in_content_menu=&#8221;&#8221; content_menu_title=&#8221;&#8221; icon_pack=&#8221;font_awesome&#8221; content_menu_fa_icon=&#8221;&#8221; content_menu_fe_icon=&#8221;&#8221; content_menu_ion_icon=&#8221;&#8221; content_menu_linea_icon=&#8221;&#8221; text_align=&#8221;left&#8221; video=&#8221;&#8221; video_overlay=&#8221;&#8221; video_overlay_image=&#8221;&#8221; video_webm=&#8221;&#8221; video_mp4=&#8221;&#8221; video_ogv=&#8221;&#8221; video_image=&#8221;&#8221; background_image=&#8221;&#8221; pattern_background=&#8221;&#8221; full_screen_section_height=&#8221;no&#8221; vertically_align_content_in_middle=&#8221;no&#8221; section_height=&#8221;&#8221; use_as_box=&#8221;&#8221; parallax_speed=&#8221;&#8221; background_color=&#8221;&#8221; logo_in_content_menu=&#8221;&#8221; custom_widget_area=&#8221;&#8221; content_menu_border_bottom=&#8221;&#8221; content_menu_border_color=&#8221;&#8221; content_menu_border_style=&#8221;solid&#8221; border_top_color=&#8221;&#8221; border_color=&#8221;&#8221; side_padding=&#8221;&#8221; padding_top=&#8221;&#8221; padding_bottom=&#8221;50&#8243; color=&#8221;&#8221; hover_color=&#8221;&#8221; more_button_label=&#8221;&#8221; less_button_label=&#8221;&#8221; button_position=&#8221;&#8221; css_animation=&#8221;&#8221; transition_delay=&#8221;&#8221; box_shadow_on_row=&#8221;no&#8221; box_shadow_color=&#8221;&#8221; horizontal_offset=&#8221;&#8221; vertical_offset=&#8221;&#8221; box_shadow_blur=&#8221;&#8221; box_shadow_spread=&#8221;&#8221;][vc_column width=&#8221;1\/1&#8243;][vc_column_text]\n<p><a href=\"#text\">Text<\/a> \/ <a href=\"#biografie\">Biografie<\/a> \/ <a href=\"#katalog\">Katalog<\/a><\/p>\n[\/vc_column_text][\/vc_column][\/vc_row][vc_row row_type=&#8221;row&#8221; use_row_as_full_screen_section=&#8221;no&#8221; type=&#8221;grid&#8221; in_content_menu=&#8221;&#8221; icon_pack=&#8221;font_awesome&#8221; text_align=&#8221;left&#8221; pattern_background=&#8221;&#8221; full_screen_section_height=&#8221;no&#8221; vertically_align_content_in_middle=&#8221;no&#8221; use_as_box=&#8221;&#8221; logo_in_content_menu=&#8221;&#8221; content_menu_border_bottom=&#8221;&#8221; content_menu_border_style=&#8221;solid&#8221; box_shadow_on_row=&#8221;no&#8221;][vc_column width=&#8221;1\/1&#8243;][vc_column_text]\n<h1 style=\"text-align: left;\"><a id=\"text\"><\/a>Helle Jetzig<\/h1>\n[\/vc_column_text][vc_column_text]Helle Jetzig vertritt mit seinem Werk eine k\u00fcnstlerische Einzelposition, die sich den g\u00e4ngigen Zuordnungen zu Gattungen, Schulen, Stilen oder Kunstrichtungen verweigert. Obwohl eindeutig fotografischen Ursprungs, beruht die eigenartige Magie seiner Bilder aber vor allem auf einer vielschichtigen transparenten Malerei, die zudem mit vielen Lackschichten versehen ist.<\/p>\n<p>Brillant leuchtende Farben, hochgl\u00e4nzend lackierte Oberfl\u00e4chen, unterschiedliche fotografische Motive, Perspektiven und Ausschnitte, farbige fotografische, fast zeichenhafte Bildbestandteile, Werbefl\u00e4chen, Gro\u00dfst\u00e4dte, Industrieanlagen. Ein Dickicht aus Farben und Formen, das zu beinahe surrealen Szenerien zusammenw\u00e4chst: unverkennbar Arbeiten von Helle Jetzig. Einzigartig ist die spezielle, selbst entwickelte Technik, ein sehr komplexer und zeitintensiver Werkprozess mit unterschiedlichen Medien und Techniken, die der K\u00fcnstler einfach &#8220;Malerei und Siebdruck auf Schwarzwei\u00dffotografie&#8221; oder &#8220;Malerei und Siebdruck auf Fotografie&#8221; nennt, je nachdem, ob es sich um analoge oder digitale Fotovorlagen handelt.<\/p>\n<p>Die Motive f\u00fcr seine Bilder findet der K\u00fcnstler zumeist in New York oder den Gro\u00dfst\u00e4dten Europas. In seinen Werken geht es ihm aber nicht um Stadtportr\u00e4ts oder bestimmte bildliche Aussagen, sondern vornehmlich um \u00e4sthetische Qualit\u00e4ten, um eine kunstimmanente Reflektion \u00fcber Bildmedien wie Malerei und Fotografie, Gegenst\u00e4ndlichkeit und Abstraktion, Wahrnehmung und Realit\u00e4t oder das In-Frage-Stellen von Sehweisen. Gleichwohl laden die Arbeiten mit ihrem Detailreichtum und ihrer \u00fcberbordenden Farbigkeit zu einer individuellen inhaltlichen Deutung geradezu ein.<\/p>\n<p>Es geht Helle Jetzig nicht um eine fotorealistische Darstellung. Sein in\u00adhaltli\u00adches Programm ist die Vielschichtigkeit, die auch schon den prakti\u00adschen Prozess be\u00adstimmt. Seine Bilder funktionieren auf verschiedenen Ebenen, sie sind subjektive gesti\u00adsche Malerei, meditative Farbr\u00e4ume und kalkulierte Konstruk\u00adtionen zugleich. Wie in ihnen unter\u00adschied\u00adliche Mo\u00adtive malerisch zu einem Bild werden, so geht es dem K\u00fcnstler um die Diskussion und Zusammenf\u00fchrung verschiedener Bildwelten. Es ist sein Unbe\u00adhagen am sch\u00f6\u00adnen Schein und Hochglanz unserer verf\u00fchrerischen Medienwelt, das ihn dazu treibt, die Wirklichkeit, die Wahrheit und den Gehalt der verschiedenen Medien zu hinterfra\u00adgen und im Arbeitsprozess auszuloten.[\/vc_column_text][vc_empty_space height=&#8221;100&#8243; image_repeat=&#8221;no-repeat&#8221;][\/vc_column][\/vc_row][vc_row row_type=&#8221;row&#8221; use_row_as_full_screen_section=&#8221;no&#8221; type=&#8221;grid&#8221; in_content_menu=&#8221;&#8221; icon_pack=&#8221;font_awesome&#8221; text_align=&#8221;left&#8221; pattern_background=&#8221;&#8221; full_screen_section_height=&#8221;no&#8221; vertically_align_content_in_middle=&#8221;no&#8221; use_as_box=&#8221;&#8221; logo_in_content_menu=&#8221;&#8221; content_menu_border_bottom=&#8221;&#8221; content_menu_border_style=&#8221;solid&#8221; box_shadow_on_row=&#8221;no&#8221;][vc_column width=&#8221;1\/1&#8243;][vc_column_text]\n<h1 style=\"text-align: left;\"><a id=\"biografie\"><\/a>Biografie<\/h1>\n[\/vc_column_text][vc_empty_space height=&#8221;50&#8243; image_repeat=&#8221;no-repeat&#8221;][vc_column_text]\n<h2 style=\"text-align: left;\">Vita<\/h2>\n<p>Lebt und arbeitet in Osnabr\u00fcck, Deutschland[\/vc_column_text][vc_empty_space height=&#8221;50&#8243; image_repeat=&#8221;no-repeat&#8221;][vc_column_text]\n<h2 style=\"text-align: left;\">Ausstellungen<\/h2>\n<p>Einzelausstellungen seit 2000<\/p>\n<p>2014<br \/>\nMatthias K\u00fcper Galleries, Stuttgart, Top View<br \/>\nGalerie Schmalfuss Berlin, Berlin, mit Carlo Borer<\/p>\n<p>2013<br \/>\nGalerie Barbara von Stechow, Frankfurt M., Top View<br \/>\nGalerie Peter Borchardt, Hamburg, romantic 2.0<\/p>\n<p>2012<br \/>\nMatthias K\u00fcper Galleries, Stuttgart, Recent Works<br \/>\nGalerie schwarz I wei\u00df, Osnabr\u00fcck, romantic 2.0 (mit Stefan Kaluza, Die Natur des Dahinter)<\/p>\n<p>2011<br \/>\nGalerie von Braunbehrens, M\u00fcnchen, True enough!<br \/>\nGaler\u00eda Alonso Vidal, Barcelona (E), UNREAL<br \/>\nGalerie Barbara von Stechow, Frankfurt M., True enough!<\/p>\n<p>2010<br \/>\nGalerie Borchardt, Hamburg, &#8220;Barocco&#8221;<\/p>\n<p>2009<br \/>\nGalerie Barbara von Stechow, Frankurt a.M., &#8220;Wahrnehmung und Wirklichkeit&#8221;<br \/>\nGalerie von Braunbehrens, M\u00fcnchen, &#8220;Wahrnehmung und Wirklichkeit&#8221;<\/p>\n<p>2008<br \/>\nLausberg Contemporary, Toronto (CA), &#8220;Realities&#8221;<br \/>\nGalerie Peter Borchardt, Hamburg, 4. Triennale der Photographie<br \/>\nGaleria Alonso Vidal, Barcelona (ES), &#8220;Realities&#8221;<\/p>\n<p>2007<br \/>\nKunsthalle Dominikanerkirche, Osnabr\u00fcck, &#8220;Realities&#8221;<br \/>\nDirigo Contemporary Gallery, Kapstadt (ZA), &#8220;Helle Jetzig 2004 \u2013\u00a02007<br \/>\nGalerie Peter Borchardt, Hamburg, &#8220;Realities&#8221;<br \/>\nGalerie Barbara von Stechow, Frankfurt, &#8220;Level Dancing&#8221;<br \/>\nKunsthalle Dominikanerkirche, Osnabr\u00fcck, &#8220;Realities&#8221;<\/p>\n<p>2006<br \/>\nKashya Hildebrand Gallery, New York (US), &#8220;Realities&#8221;<br \/>\nGalerie Kashya Hildebrand, Z\u00fcrich (CH), &#8220;Realities&#8221;<br \/>\nGalerie von Braunbehrens, M\u00fcnchen, &#8220;Works 2004-2006&#8221;<\/p>\n<p>2005<br \/>\nKunsthalle Arnstadt, Arnstadt<br \/>\nGalerie Peter Borchardt, Hamburg, &#8220;Both Sides Now&#8221;<\/p>\n<p>2004<br \/>\nGalerie von Braunbehrens, M\u00fcnchen, &#8221; Works 1999-2004&#8243;<br \/>\nArt Frankfurt \/ Galerie von Braunbehrens \u2013 One Artist Show<br \/>\nGalerie Wild, Frankfurt, &#8220;Realities&#8221;<br \/>\nStadtgalerie Osnabr\u00fcck, &#8220;Identity&#8221; (mit Tessa Verder)<\/p>\n<p>2003<br \/>\nGalerie von Braunbehrens, M\u00fcnchen, &#8220;Marks&#8221;<br \/>\nArt Frankfurt \/ Galerie von Braunbehrens &#8211; One-Artist-Show<br \/>\nGalerie Peter Borchardt, Hamburg, &#8220;Earthbound&#8221;<br \/>\nEuropean Art Expo, D\u00fcsseldorf \/ Galerie Peter Borchardt\u2013 One Artist Show<br \/>\nGalerie Michael W. Schmalfuss, Marburg, &#8220;Paris meets Berlin &#8230;&#8221;<br \/>\nKunstverein Bayreuth, &#8220;Urban Structures&#8221;<\/p>\n<p>2002<br \/>\nStockholm Art Fair (SE) \/ Galerie Blickensdorff &#8211; One Artist Show<br \/>\nGalerie Blickensdorff, Berlin, &#8220;Urban Structures&#8221;<br \/>\nTriennale der Photographie \/ Galerie Peter Borchardt, Hamburg, &#8220;Global City&#8221;<br \/>\nNds. Lottostiftung, Galerie &#8220;Vom Zufall und vom Gl\u00fcck&#8221;, Hannover<br \/>\nGaleria Berini, Barcelona (ES), &#8220;I Love NY&#8221;<\/p>\n<p>2001<br \/>\nGaleria Berini, Barcelona (ES), &#8220;Uncertain Places III&#8221;<br \/>\nKunstK\u00f6ln \/ Galerie Peter Borchardt &#8211; One Artist Show<br \/>\nGalerie Peter Borchardt, Hamburg, &#8220;You Are Here Now&#8221;<br \/>\nGalerie Wild, Frankfurt<\/p>\n<p>2000<br \/>\nGalerie Tammen &amp; Busch, Berlin, &#8220;Falschwelt&#8221;<br \/>\nKunstK\u00f6ln \/ Galerie Peter Borchardt &#8211; One Artist Show<br \/>\nKunstverein Rotenburg\/W., &#8220;Visible World&#8221;<\/p>\n<h3>Messebeteiligungen (seit 2000, Auswahl)<\/h3>\n<p>2014<br \/>\nKunst Z\u00fcrich (CH) \/ Galerie Barbara von Stechow<br \/>\nArt Fair K\u00f6ln \/ Galerie Barbara von Stechow<br \/>\nart Karlsruhe \/ Galerie Barbara von Stechow<\/p>\n<p>2013<br \/>\nArt.Fair K\u00f6ln \/ Galerie Barbara von Stechow<br \/>\nScope Basel (CH) \/ Galerie Van Der Planken<br \/>\nSCOPE New York (USA) \/ Galerie Van der Planken<br \/>\nart Karlsruhe \/ Galerie Barbara von Stechow<\/p>\n<p>2012<br \/>\nART.FAIR K\u00f6ln \/ Galerie Barbara von Stechow<br \/>\nROOM ART FAIR, Madrid (E) \/ Galer\u00eda Alonso Vidal<br \/>\nart Karlsruhe \/ Galerie Barbara von Stechow<\/p>\n<p>2011<br \/>\nArt.Fair K\u00f6ln \/ Galerie von Braunbehrens, Galerie Barbara von Stechow<br \/>\nArte Lisboa (PT) \/ Galeria Alonso Vidal<br \/>\nst-art, Strasbourg (F) \/ Galeria Alonso Vidal<br \/>\nArt Miami (USA) \/ Galerie von Braunbehrens<br \/>\nSCOPE New York (USA) \/ Galerie von Braunbehrens<br \/>\nthe solo project, Basel (CH) \/ Galerie Barbara von Stechow<br \/>\nart madrid (ES) \/ Galer\u00eda Alonso Vidal<br \/>\nart KARLSRUHE \/ Galerie Barbara von Stechow<\/p>\n<p>2010<br \/>\nArt Miami (USA) \/ Galerie von Braunbehrens<br \/>\nArte Lisboa (PT) \/ Galer\u00eda Alonso Vidal<br \/>\nKunst Z\u00fcrich (CH) \/ Galerie von Braunbehrens, Galerie Barbara von Stechow<br \/>\nart.fair K\u00f6ln \/ Galerie von Braunbehrens, Galerie Barbara von Stechow<br \/>\nKIAF Seoul (KR) \/ Galerie von Braunbehrens<br \/>\nselection artfair Basel (CH) \/ Galerie Leonhard R\u00fcthm\u00fcller<br \/>\nviennafair Wien (AT) \/ Galerie von Braunbehrens<br \/>\nArt Karlsruhe \/ Galerie Barbara von Stechow<br \/>\nCIRCA Puerto Rico &#8217;10 \/ Galerie von Braunbehrens<br \/>\nART MADRID, Madrid (ES) \/ Galer\u00eda Alonso Vidal<br \/>\nSCOPE, New York (USA) \/ Galerie von Braunbehrens<\/p>\n<p>2009<br \/>\nKIAF, Seoul (KR) \/ Galerie von Braunbehrens<br \/>\nArt Miami, Miami FL (US) \/ Lausberg Contemporary, Galerie von Braunbehrens<br \/>\nKUNST Z\u00fcrich, Z\u00fcrich (CH) \/ Galerie von Braunbehrens<br \/>\nArt Toronto, Toronto (CA) \/ Lausberg Contemporary<br \/>\nart.fair K\u00f6ln \/ Galerie von Braunbehrens, Galerie Barbara von Stechow<br \/>\nArte Lisboa (PT) \/ Galer\u00eda Alonso Vidal<br \/>\nViennafair, Wien (AT) \/ Galerie von Braunbehrens<br \/>\nArt Chicago, Chicago IL (US) \/ Galerie Barbara von Stechow<br \/>\nArt Karlsruhe \/ Galerie Barbara von Stechow<br \/>\nART MADRID, Madrid (ES) \/ Galer\u00eda Alonso Vidal<br \/>\npalmbeach3, West Palm Beach, FL (US) \/ Galerie Barbara von Stechow, Lausberg Contemporary<\/p>\n<p>2008<br \/>\nART MIAMI, Miami, FL (US) \/ Galerie Barbara von Stechow<br \/>\nart selection moscow, Moskau (RU) \/ Galerie Barbara von Stechow<br \/>\nKunst-Messe M\u00fcnchen \/ Galerie von Braunbehrens<br \/>\nArte Lisboa, Lissabon (PT) \/ Galer\u00eda Alonso Vidal<br \/>\nKUNST Z\u00fcrich (CH) \/ Galerie von Braunbehrens, Galerie Peter Borchardt<br \/>\nart.fair 21, K\u00f6ln \/ Galerie Barbara von Stechow, Galerie von Braunbehrens<br \/>\nTIAF, Toronto (CA) \/ Lausberg Contemporary<br \/>\nKIAF, Seoul (KR) \/ Galerie von Braunbehrens<br \/>\nfiart Val\u00e9ncia (ES) \/ Galer\u00eda Alonso Vidal<br \/>\nArte Santander (ES) \/ Galer\u00eda Alonso Vidal<br \/>\nArt Santa Fe (US) \/ Lausberg Contemporary<br \/>\npalmbeach3, Palm Beach (US) \/ Galerie Barbara von Stechow<br \/>\nArt Karlsruhe \/ Galerie Barbara von Stechow<\/p>\n<p>2007<br \/>\nArt Karlsruhe \/ Galerie Peter Borchardt, Galerie von Braunbehrens<br \/>\nKIAF Seoul (KR) \/ Galerie von Braunbehrens<br \/>\nCornice Art Fair, Venedig (IT) \/ Galerie von Braunbehrens<br \/>\nArt.Fair, K\u00f6ln \/ Galerie von Braunbehrens<br \/>\nFine Art Cologne, K\u00f6ln \/ Galerie Barbara von Stechow<br \/>\nKunst Z\u00fcrich (CH) \/ Galerie Peter Borchardt, Galerie von Braunbehrens<\/p>\n<p>2006<br \/>\npalmbeach3, Palm Beach (US) \/ Galerie von Braunbehrens<br \/>\nKIAF Seoul (KR) \/ Galerie von Braunbehrens<br \/>\nCologne Fine Art, K\u00f6ln \/ Galerie Peter Borchardt<br \/>\nMiArt, Mailand (IT) \/ Galerie Kashya Hildebrand<br \/>\nArt Amsterdam (NL) \/ Galerie Jorg Hasenbach<\/p>\n<p>2005<br \/>\nKunstK\u00f6ln \/ Galerie Peter Borchardt<br \/>\nArt Karlsruhe \/ Galerie Peter Borchardt, Galerie von Braunbehrens<br \/>\nArt Frankfurt \/ Galerie Peter Borchardt, Galerie von Braunbehrens<br \/>\nKIAF Seoul (KR) \/ Galerie von Braunbehrens<br \/>\nart.fair K\u00f6ln \/ Galerie von Braunbehrens<br \/>\nKunst Z\u00fcrich (CH) \/ Galerie von Braunbehrens<br \/>\nPAN Amsterdam (NL) \/ Galerie Jorg Hasenbac<\/p>\n<p>2004<br \/>\nArt Frankfurt \/ Galerie von Braunbehrens \u2013 One Artist Show<br \/>\nKunstK\u00f6ln \/ Galerie Peter Borchardt<br \/>\nArt Frankfurt \/ Galerie Peter Borchardt<br \/>\nArt Cologne \/ Galerie von Braunbehrens<br \/>\nArt Fair, K\u00f6ln \/ Galerie Wild<br \/>\nKunst Wien (AT)\/ Galerie Peter Borchardt<br \/>\nKunst Z\u00fcrich (CH) \/ Galerie von Braunbehrens<\/p>\n<p>2003<br \/>\nArt Frankfurt \/ Galerie von Braunbehrens &#8211; One-Artist-Show<br \/>\nEuropean Art Expo, D\u00fcsseldorf \/ Galerie Peter Borchardt\u2013 One Artist Show<br \/>\nARCO Madrid (ES) \/ Galerie von Braunbehrens<br \/>\nArte Fiera Bologna (IT) \/ Galerie von Braunbehrens<br \/>\nKunstK\u00f6ln \/ Galerie Peter Borchardt<br \/>\nArt Frankfurt \/ Galerie Peter Borchardt<br \/>\nArt Cologne \/ Galerie von Braunbehrens<\/p>\n<p>2002<br \/>\nStockholm Art Fair (SE) \/ Galerie Blickensdorff &#8211; One Artist Show<br \/>\nArt Miami (US) \/ Galerie Peter Borchardt<br \/>\nARCO Madrid (ES) \/ Galeria Berini<br \/>\nKunstK\u00f6ln \/ Galerie Peter Borchardt<br \/>\nKunst Z\u00fcrich (CH) \/ Galerie Wild<br \/>\nArt Frankfurt \/ Galerie Peter Borchardt<\/p>\n<h3>Arbeiten in \u00f6ffentlichen und privaten Sammlungen (Auswahl)<\/h3>\n<p>Accenture, Amsterdam (NL)<br \/>\nADAC, M\u00fcnchen<br \/>\nArchitektenkammer Niedersachsen, Hannover<br \/>\nArs Vivendi Art Consulting OHG, D\u00fcsseldorf<br \/>\nAxa Colonia, K\u00f6ln<br \/>\nBMW Niederlassung Frankfurt<br \/>\nCommerzbank, Frankfurt<br \/>\nDresdner Bank, Frankfurt<br \/>\nHelvetia, Z\u00fcrich (CH)<br \/>\nKarmann, Osnabr\u00fcck<br \/>\nLandeszentralbank Hessen, Gie\u00dfen<br \/>\nMorgan Stanley, Frankfurt \/ Z\u00fcrich (CH)<br \/>\nMS Nieuw Amsterdam, Holland America Line<br \/>\nMuseo Municipal de Arte Contempor\u00e1neo de Madrid (ES)<br \/>\nOldenburgische Landesbank, Oldenburg<br \/>\nPiepenbrock, Berlin<br \/>\nPh\u00f6nix AG, Z\u00fcrich (CH)<br \/>\nSignum bei Jette Joop Design, Hamburg<br \/>\nSparkasse Osnabr\u00fcck<br \/>\nStadt Osnabr\u00fcck<br \/>\nColleci\u00f3 Olor Visual Ernesto Vent\u00f3s, &#8220;ess\u00e8ncies&#8221;, Barcelona (ES)<\/p>\n<h4>Preise<\/h4>\n<p>1969<br \/>\n\u201eKunstpreis Junger Westen\u201c, Recklinghausen<\/p>\n<p>1970<br \/>\n\u201eRuhrpreis Kunst und Wissenschaft\u201c der Stadt M\u00fclheim an der Ruhr<\/p>\n<p>1980<br \/>\n\u201eKunstpreis Schlesien\u201c des Landes Niedersachsen (F\u00f6rderpreis)[\/vc_column_text][vc_empty_space height=&#8221;100&#8243; image_repeat=&#8221;no-repeat&#8221;][\/vc_column][\/vc_row]\n<\/div>","protected":false},"excerpt":{"rendered":"<p>[vc_row row_type=&#8221;row&#8221; use_row_as_full_screen_section=&#8221;no&#8221; type=&#8221;full_width&#8221; header_style=&#8221;&#8221; anchor=&#8221;&#8221; in_content_menu=&#8221;&#8221; content_menu_title=&#8221;&#8221; icon_pack=&#8221;font_awesome&#8221; content_menu_fa_icon=&#8221;&#8221;&#8230;<\/p>\n","protected":false},"author":3,"featured_media":0,"parent":51001,"menu_order":1,"comment_status":"closed","ping_status":"closed","template":"full_width.php","meta":{"footnotes":""},"class_list":["post-52277","page","type-page","status-publish","hentry"],"_links":{"self":[{"href":"https:\/\/www.villa-koeppe.de\/en\/wp-json\/wp\/v2\/pages\/52277\/"}],"collection":[{"href":"https:\/\/www.villa-koeppe.de\/en\/wp-json\/wp\/v2\/pages\/"}],"about":[{"href":"https:\/\/www.villa-koeppe.de\/en\/wp-json\/wp\/v2\/types\/page\/"}],"author":[{"embeddable":true,"href":"https:\/\/www.villa-koeppe.de\/en\/wp-json\/wp\/v2\/users\/3\/"}],"replies":[{"embeddable":true,"href":"https:\/\/www.villa-koeppe.de\/en\/wp-json\/wp\/v2\/comments\/?post=52277"}],"version-history":[{"count":1,"href":"https:\/\/www.villa-koeppe.de\/en\/wp-json\/wp\/v2\/pages\/52277\/revisions\/"}],"predecessor-version":[{"id":52291,"href":"https:\/\/www.villa-koeppe.de\/en\/wp-json\/wp\/v2\/pages\/52277\/revisions\/52291\/"}],"up":[{"embeddable":true,"href":"https:\/\/www.villa-koeppe.de\/en\/wp-json\/wp\/v2\/pages\/51001\/"}],"wp:attachment":[{"href":"https:\/\/www.villa-koeppe.de\/en\/wp-json\/wp\/v2\/media\/?parent=52277"}],"curies":[{"name":"wp","href":"https:\/\/api.w.org\/{rel}","templated":true}]}}