{"id":52282,"date":"2015-10-01T11:07:07","date_gmt":"2015-10-01T09:07:07","guid":{"rendered":"https:\/\/www.villa-koeppe.de\/artists\/henri_haake\/"},"modified":"2019-01-02T12:30:27","modified_gmt":"2019-01-02T11:30:27","slug":"henri_haake","status":"publish","type":"page","link":"https:\/\/www.villa-koeppe.de\/en\/artists\/henri_haake\/","title":{"rendered":"Henri Haake"},"content":{"rendered":"<div class=\"wpb-content-wrapper\">[vc_row][vc_column]<div class='eltd_image_gallery_no_space  dark on_hover'><div class='eltd_image_gallery_holder' style='height: 500px;'><ul ><li><div style=\"height: 500px; width:378px;\"><a class=\"lightbox_single_portfolio\" rel=\"prettyPhoto[rel-1012938692]\" href=\"https:\/\/www.villa-koeppe.de\/wp-content\/uploads\/2015\/10\/Turmspringerinnen.jpeg\"><span class=\"holder\" style=\"background-color: rgba(255,255,255,0.3);\"><span class=\"outer\"><span class=\"inner\"><span class=\"title\" style=\"color:#000000;font-size:20px;\">Turmspringerinnen | 40 x 30 cm, \u00d6l auf Leinwand, 2015<\/span><span class=\"separator\" style=\"background-color:#000000;opacity:1;\"><\/span><span class=\"description\" style=\"color:#000000;font-size:14px;\"><\/span><\/span><\/span><\/span><img decoding=\"async\" src=\"https:\/\/www.villa-koeppe.de\/wp-content\/uploads\/2015\/10\/Turmspringerinnen.jpeg\" alt=\"Turmspringerinnen | 40 x 30 cm, \u00d6l auf Leinwand, 2015\"  \/><\/a><\/div><\/li><li><div style=\"height: 500px; width:419px;\"><a class=\"lightbox_single_portfolio\" rel=\"prettyPhoto[rel-1012938692]\" href=\"https:\/\/www.villa-koeppe.de\/wp-content\/uploads\/2015\/10\/o.T.-MM-II.jpeg\"><span class=\"holder\" style=\"background-color: rgba(255,255,255,0.3);\"><span class=\"outer\"><span class=\"inner\"><span class=\"title\" style=\"color:#000000;font-size:20px;\">Henri Haake | O.T. (MM I) \u2013 60 x 50 cm, \u00d6l auf L., 2016<\/span><span class=\"separator\" style=\"background-color:#000000;opacity:1;\"><\/span><span class=\"description\" style=\"color:#000000;font-size:14px;\"><\/span><\/span><\/span><\/span><img decoding=\"async\" src=\"https:\/\/www.villa-koeppe.de\/wp-content\/uploads\/2015\/10\/o.T.-MM-II.jpeg\" alt=\"Henri Haake | O.T. (MM I) \u2013 60 x 50 cm, \u00d6l auf L., 2016\"  \/><\/a><\/div><\/li><li><div style=\"height: 500px; width:615px;\"><a class=\"lightbox_single_portfolio\" rel=\"prettyPhoto[rel-1012938692]\" href=\"https:\/\/www.villa-koeppe.de\/wp-content\/uploads\/2015\/10\/Mittagsschlaf.jpeg\"><span class=\"holder\" style=\"background-color: rgba(255,255,255,0.3);\"><span class=\"outer\"><span class=\"inner\"><span class=\"title\" style=\"color:#000000;font-size:20px;\">Mittagsschlaf \u2013 65 x 80 cm, \u00d6l auf Leinwand, 2015<\/span><span class=\"separator\" style=\"background-color:#000000;opacity:1;\"><\/span><span class=\"description\" style=\"color:#000000;font-size:14px;\"><\/span><\/span><\/span><\/span><img decoding=\"async\" src=\"https:\/\/www.villa-koeppe.de\/wp-content\/uploads\/2015\/10\/Mittagsschlaf.jpeg\" alt=\"Mittagsschlaf \u2013 65 x 80 cm, \u00d6l auf Leinwand, 2015\"  \/><\/a><\/div><\/li><\/ul><\/div><div class=\"controls\"><a class=\"prev-slide\" href=\"#\"><span class=\"arrow_carrot-left\"><\/span><\/a><a class=\"next-slide\" href=\"#\"><span class=\"arrow_carrot-right\"><\/span><\/a><\/div><\/div>[vc_empty_space height=&#8221;75&#8243;][\/vc_column][\/vc_row][vc_row type=&#8221;grid&#8221; padding_bottom=&#8221;50&#8243;][vc_column][vc_column_text]\n<p><a href=\"#text\">Text<\/a> \/ <a href=\"#biografie\">Biografie<\/a> \/ <a href=\"#katalog\">Katalog<\/a><\/p>\n[\/vc_column_text][\/vc_column][\/vc_row][vc_row type=&#8221;grid&#8221;][vc_column][vc_column_text]\n<h1 style=\"text-align: left;\"><a id=\"text\"><\/a>Henri Haake<\/h1>\n[\/vc_column_text][vc_empty_space height=&#8221;30&#8243;][vc_column_text]<strong>Abgesunken in der Zeit <\/strong><\/p>\n<p style=\"text-align: justify;\">Henri Haake, 1989 in L\u00fcbeck geboren und ausgebildet an der Universit\u00e4t der K\u00fcnste, Berlin, geh\u00f6rt zur jungen Berliner K\u00fcnstlergeneration. \u201eMensch und Raum\u201c ist das zentrale Thema des K\u00fcnstlers. Wir blicken auf Szenerien, die wie zuf\u00e4llig gew\u00e4hlt scheinen. Es sind Momentaufnahmen aus dem Alltag, Versatzst\u00fccke der Realit\u00e4t aus unterschiedlichen, manchmal extremen Perspektiven heraus gesehen. Ein Mann mit einem Hund auf dem Arm, eine Figurengruppe auf einem Sportplatz oder einer Stra\u00dfe. Ein Panoramablick auf einen Palmenstrand, ein Blick in einen Friseursalon und ein anderer, von oben gesehen auf sich sonnende Mensch an einem Strand. Die Figurationen sind zumeist stark stilisiert, die Situationen in die sie eingebunden sind oft nur angedeutet. Der Ort des Geschehens bleibt unklar. Auch bleibt ungewiss, ob das was sich abspielt, gerade erst geschehen ist oder weit zur\u00fcckliegt. Alles bleibt in einem r\u00e4tselhaften Zwischenzustand von Realit\u00e4t und Erinnerung.<\/p>\n<p style=\"text-align: justify;\">Was die Gem\u00e4lde Henri Haakes eint, ist die Widergabe fl\u00fcchtiger Momente und die besondere zeitlose Atmosph\u00e4re. Eine poetische Entfernung von der Wirklichkeit scheint auf \u2013 ein Abgesunkensein in der Zeit. Haakes Gem\u00e4lde vermitteln keine Wirklichkeit sondern sie evozieren Erinnerungen in unseren K\u00f6pfen oder innere Reflexionen von Erlebtem. Es sind Szenerien, die ihre Positionierung in unserem Ged\u00e4chtnis dadurch finden, dass wir sie selbst alle einmal auf \u00e4hnliche Weise im Alltag erlebt haben, auf der Stra\u00dfe, auf Jahrm\u00e4rkten, beim Friseurbesuch, auf Reisen und im Urlaub oder in der fl\u00fcchtigen Betrachtung anderer Menschen.<\/p>\n<p style=\"text-align: justify;\">Manchmal dienen Henri Haake Fotos aus Zeitungen und Magazinen als Inspirationsquelle f\u00fcr seine Sujets, oft auch eigene Fotos. Das malerische Ergebnis erinnert allerdings nur noch entfernt an die Vorlage. Der K\u00fcnstler malt \u00fcberwiegend in \u00d6l, benutzt aber auch Spr\u00fchfarben. Das Kolorit seiner Bilder ist bestimmt durch gedeckte Farben, Smaragdgr\u00fcn, Dunkelblau, Karminrot beispielsweise. Die Kombination von malerischen und grafischen Elementen, ungew\u00f6hnlichen Raumanschnitten und geometrischen Mustern sind charakteristisch f\u00fcr die Kunst von Henri Haake, sie erzeugen Spannung und Dynamik. Die von Henri Haake entwickelte Malerei l\u00e4sst dem Betrachter mit ihren markanten Chiffren, ihren malerischen Raffinessen und freien Formen, viel Freiheit f\u00fcr eigene Assoziationen.<\/p>\n<p style=\"text-align: right;\">Andr\u00e9 Lindhorst, 2015<\/p>\n[\/vc_column_text][vc_empty_space height=&#8221;50&#8243;][vc_column_text]\n[\/vc_column_text][\/vc_column][\/vc_row][vc_row type=&#8221;grid&#8221;][vc_column][vc_column_text]\n<h1 style=\"text-align: left;\"><a id=\"biografie\"><\/a>Biografie<\/h1>\n[\/vc_column_text][vc_empty_space height=&#8221;50&#8243;][vc_column_text]\n<h2 style=\"text-align: left;\">Vita<\/h2>\n<p><span id=\"_ctl0_mainContentPlaceHolder_ucBiography_repTimeline__ctl0_lblBiographyDate\"><strong>1989<\/strong><br \/>\n<\/span><span id=\"_ctl0_mainContentPlaceHolder_ucBiography_repTimeline__ctl0_lblBiographyDescription\">Geboren in L\u00fcbeck<br \/>\n<\/span><\/p>\n<p><span id=\"_ctl0_mainContentPlaceHolder_ucBiography_repTimeline__ctl1_lblBiographyDate\"><strong>2015<br \/>\n<\/strong>Absolvent der UdK Berlin<strong><br \/>\n<\/strong><\/span><\/p>\n<p><span id=\"_ctl0_mainContentPlaceHolder_ucBiography_repTimeline__ctl1_lblBiographyDate\"><strong>2010-2015<\/strong><br \/>\n<\/span><span id=\"_ctl0_mainContentPlaceHolder_ucBiography_repTimeline__ctl1_lblBiographyDescription\">Universit\u00e4t der K\u00fcnste, Berlin \u2013 Klasse Robert Lucander<br \/>\n<\/span><\/p>\n<p><span id=\"_ctl0_mainContentPlaceHolder_ucBiography_repTimeline__ctl2_lblBiographyDate\"><strong>2013<\/strong><br \/>\n<\/span><span id=\"_ctl0_mainContentPlaceHolder_ucBiography_repTimeline__ctl2_lblBiographyDescription\">MFA Hunter College, New York City<\/span><\/p>\n<p>Lebt<span id=\"_ctl0_mainContentPlaceHolder_ucBiography_repTimeline__ctl4_lblBiographyDescription\"> und arbeitet in Berlin<\/span>[\/vc_column_text][vc_empty_space height=&#8221;50&#8243;][vc_column_text]\n<h2 style=\"text-align: left;\">Ausstellungen<\/h2>\n<p data-canvas-width=\"766.2647050000002\"><strong>2015<\/strong><br \/>\nRundgang an der Universit\u00e4t der K\u00fcnste, Berlin<br \/>\nAbsolventenausstellung, Universit\u00e4t der K\u00fcnste, Berlin<br \/>\n\u201c_ndo\u201d Gruppenausstellung im Museum Jorge Rando, Malaga, Spanien<\/p>\n<p data-canvas-width=\"766.2479799999999\"><strong>2014<\/strong><br \/>\nRundgang an der Universit\u00e4t der K\u00fcnste, Berlin<br \/>\n\u201cUmwandlung\u201d, Gruppenausstellung an der Universit\u00e4t der K\u00fcnste, Berlin<\/p>\n<p data-canvas-width=\"767.9033333333334\"><strong>2013<\/strong><br \/>\nHunters MFA Open Studio, 205 Hudson St, Studio 358, New York, USA<br \/>\nRundgang an der Universit\u00e4t der K\u00fcnste, Berlin<br \/>\n\u201cNachschlag\u201d, Uferhallen Wedding, Uferstr. 6-8, Berlin<br \/>\n\u201cQuer\u201d, Gruppenausstellung an der Universit\u00e4t der K\u00fcnste, Berlin<\/p>\n<p data-canvas-width=\"766.2866666666666\"><strong>2012<\/strong><br \/>\n\u201cRoter Rauch\u201d, Galerie Manzoni Sch\u00e4per, Potsdamer Str. 77-87 Haus H, Berlin<br \/>\nRundgang an der Universit\u00e4t der K\u00fcnste, Berlin<\/p>\n<p data-canvas-width=\"766.2480816666668\"><strong>2011<\/strong><br \/>\n\u201cBerlin &#8211; London\u201d, Gutshaus Erlenbach, Z\u00fcrich, Ch<br \/>\nRundgang an der Universit\u00e4t der K\u00fcnste Berlin, Berlin<br \/>\n\u201cGleichzeitigkeit\u201d, Atelier Colour Works &#8211; Essig Fabrik, Kanalstr. 26 &#8211; 28, L\u00fcbeck<\/p>\n[\/vc_column_text][vc_empty_space height=&#8221;50&#8243;][vc_column_text]\n<h2>Preise<\/h2>\n<p>Knispel Preis f\u00fcr Malerei und Grafik[\/vc_column_text][\/vc_column][\/vc_row]\n<\/div>","protected":false},"excerpt":{"rendered":"<p>[vc_row][vc_column][vc_empty_space height=&#8221;75&#8243;][\/vc_column][\/vc_row][vc_row type=&#8221;grid&#8221; padding_bottom=&#8221;50&#8243;][vc_column][vc_column_text] Text \/ Biografie \/ Katalog [\/vc_column_text][\/vc_column][\/vc_row][vc_row&#8230;<\/p>\n","protected":false},"author":3,"featured_media":0,"parent":51001,"menu_order":1,"comment_status":"closed","ping_status":"closed","template":"full_width.php","meta":{"footnotes":""},"class_list":["post-52282","page","type-page","status-publish","hentry"],"_links":{"self":[{"href":"https:\/\/www.villa-koeppe.de\/en\/wp-json\/wp\/v2\/pages\/52282\/"}],"collection":[{"href":"https:\/\/www.villa-koeppe.de\/en\/wp-json\/wp\/v2\/pages\/"}],"about":[{"href":"https:\/\/www.villa-koeppe.de\/en\/wp-json\/wp\/v2\/types\/page\/"}],"author":[{"embeddable":true,"href":"https:\/\/www.villa-koeppe.de\/en\/wp-json\/wp\/v2\/users\/3\/"}],"replies":[{"embeddable":true,"href":"https:\/\/www.villa-koeppe.de\/en\/wp-json\/wp\/v2\/comments\/?post=52282"}],"version-history":[{"count":3,"href":"https:\/\/www.villa-koeppe.de\/en\/wp-json\/wp\/v2\/pages\/52282\/revisions\/"}],"predecessor-version":[{"id":55204,"href":"https:\/\/www.villa-koeppe.de\/en\/wp-json\/wp\/v2\/pages\/52282\/revisions\/55204\/"}],"up":[{"embeddable":true,"href":"https:\/\/www.villa-koeppe.de\/en\/wp-json\/wp\/v2\/pages\/51001\/"}],"wp:attachment":[{"href":"https:\/\/www.villa-koeppe.de\/en\/wp-json\/wp\/v2\/media\/?parent=52282"}],"curies":[{"name":"wp","href":"https:\/\/api.w.org\/{rel}","templated":true}]}}