{"id":52335,"date":"2015-08-26T12:14:46","date_gmt":"2015-08-26T10:14:46","guid":{"rendered":"https:\/\/www.villa-koeppe.de\/artists\/karin_bandelin\/"},"modified":"2024-12-18T16:29:20","modified_gmt":"2024-12-18T15:29:20","slug":"karin_bandelin","status":"publish","type":"page","link":"https:\/\/www.villa-koeppe.de\/en\/artists\/karin_bandelin\/","title":{"rendered":"Karin Bandelin"},"content":{"rendered":"<div class=\"wpb-content-wrapper\">[vc_row type=&#8221;grid&#8221; padding_bottom=&#8221;20&#8243;][vc_column][vc_column_text css=&#8221;&#8221;]<a href=\"#werke\">Werke<\/a>\u00a0 |\u00a0 <a href=\"#text\">Text<\/a>\u00a0 |\u00a0 <a href=\"#biografie\">Vita<\/a>\u00a0 | \u00a0<a href=\"#ausstellungen\">Ausstellungen<\/a>[\/vc_column_text][vc_empty_space][\/vc_column][\/vc_row][vc_row type=&#8221;grid&#8221;][vc_column][vc_column_text css=&#8221;&#8221;]<a id=\"werke\"><\/a><\/p>\n<h2>Videoprojekte | Skulpturen | Malerei<\/h2>\n[\/vc_column_text][\/vc_column][\/vc_row][vc_row type=&#8221;grid&#8221; padding_top=&#8221;30&#8243;][vc_column][vc_column_text css=&#8221;&#8221;]\u201cKarin Bandelins bisherige Video-Arbeiten umfassen Motive rund um den Globus, dennoch ist der spezifische detailorientierte Blick bei allen \u00e4hnlich, sei es eine Dokumentation \u00fcber die Berliner Mauer, die unbedingt im Winter nachts gedreht werden musste, sei es das Heimweh der Seeleute, das diese in \u00fcber zehn Sprachen zum Ausdruck bringen, sei es marokkanisches Verkehrsget\u00fcmmel, das mit der Stille der antiken St\u00e4tten kontrastiert.., immer gibt es das beharrliche Verweilen auf dem Wahrgenommenen, das Geschaute soll in seiner Eigent\u00fcmlichkeit respektiert werden.\u201d[\/vc_column_text][\/vc_column][\/vc_row][vc_row][vc_column][vc_empty_space height=&#8221;75&#8243;][\/vc_column][\/vc_row][vc_row type=&#8221;grid&#8221; padding_bottom=&#8221;50&#8243;][vc_column width=&#8221;1\/2&#8243;][vc_raw_html css=&#8221;&#8221;]JTNDZGl2JTIwc3R5bGUlM0QlMjJwYWRkaW5nJTNBNTYuMjUlMjUlMjAwJTIwMCUyMDAlM0Jwb3NpdGlvbiUzQXJlbGF0aXZlJTNCJTIyJTNFJTNDaWZyYW1lJTIwc3JjJTNEJTIyaHR0cHMlM0ElMkYlMkZwbGF5ZXIudmltZW8uY29tJTJGdmlkZW8lMkYyMDYwMTYzOTklM0ZiYWRnZSUzRDAlMjZhbXAlM0JhdXRvcGF1c2UlM0QwJTI2YW1wJTNCcGxheWVyX2lkJTNEMCUyNmFtcCUzQmFwcF9pZCUzRDU4NDc5JTIyJTIwZnJhbWVib3JkZXIlM0QlMjIwJTIyJTIwYWxsb3clM0QlMjJhdXRvcGxheSUzQiUyMGZ1bGxzY3JlZW4lM0IlMjBwaWN0dXJlLWluLXBpY3R1cmUlM0IlMjBjbGlwYm9hcmQtd3JpdGUlMjIlMjBzdHlsZSUzRCUyMnBvc2l0aW9uJTNBYWJzb2x1dGUlM0J0b3AlM0EwJTNCbGVmdCUzQTAlM0J3aWR0aCUzQTEwMCUyNSUzQmhlaWdodCUzQTEwMCUyNSUzQiUyMiUyMHRpdGxlJTNEJTIyQmFieSUyMEklMjBwcm9taXNlJTIyJTNFJTNDJTJGaWZyYW1lJTNFJTNDJTJGZGl2JTNFJTNDc2NyaXB0JTIwc3JjJTNEJTIyaHR0cHMlM0ElMkYlMkZwbGF5ZXIudmltZW8uY29tJTJGYXBpJTJGcGxheWVyLmpzJTIyJTNFJTNDJTJGc2NyaXB0JTNF[\/vc_raw_html][vc_column_text css=&#8221;&#8221;]<strong>Jahr:<\/strong>\u00a02016<br \/>\n<strong>Produktion:<\/strong>\u00a0v. Praun Productions<br \/>\n<strong>Schnitt:<\/strong>\u00a0Jan Stark<br \/>\n<strong>Musik:<\/strong>\u00a0Jan Stark<br \/>\n<strong>L\u00e4nge:<\/strong> 9:21 min[\/vc_column_text][\/vc_column][vc_column width=&#8221;1\/2&#8243;][vc_raw_html css=&#8221;&#8221;]JTNDZGl2JTIwc3R5bGUlM0QlMjJwYWRkaW5nJTNBNTYuMjUlMjUlMjAwJTIwMCUyMDAlM0Jwb3NpdGlvbiUzQXJlbGF0aXZlJTNCJTIyJTNFJTNDaWZyYW1lJTIwc3JjJTNEJTIyaHR0cHMlM0ElMkYlMkZwbGF5ZXIudmltZW8uY29tJTJGdmlkZW8lMkYyNjQzOTgyMzIlM0ZiYWRnZSUzRDAlMjZhbXAlM0JhdXRvcGF1c2UlM0QwJTI2YW1wJTNCcGxheWVyX2lkJTNEMCUyNmFtcCUzQmFwcF9pZCUzRDU4NDc5JTIyJTIwZnJhbWVib3JkZXIlM0QlMjIwJTIyJTIwYWxsb3clM0QlMjJhdXRvcGxheSUzQiUyMGZ1bGxzY3JlZW4lM0IlMjBwaWN0dXJlLWluLXBpY3R1cmUlM0IlMjBjbGlwYm9hcmQtd3JpdGUlMjIlMjBzdHlsZSUzRCUyMnBvc2l0aW9uJTNBYWJzb2x1dGUlM0J0b3AlM0EwJTNCbGVmdCUzQTAlM0J3aWR0aCUzQTEwMCUyNSUzQmhlaWdodCUzQTEwMCUyNSUzQiUyMiUyMHRpdGxlJTNEJTIyVFJFVUUlMjIlM0UlM0MlMkZpZnJhbWUlM0UlM0MlMkZkaXYlM0UlM0NzY3JpcHQlMjBzcmMlM0QlMjJodHRwcyUzQSUyRiUyRnBsYXllci52aW1lby5jb20lMkZhcGklMkZwbGF5ZXIuanMlMjIlM0UlM0MlMkZzY3JpcHQlM0U=[\/vc_raw_html][vc_column_text css=&#8221;&#8221;]<strong>Jahr:<\/strong>\u00a02017<br \/>\n<strong>Produktion:<\/strong>\u00a0v. Praun Productions<br \/>\n<strong>Schnitt:<\/strong>\u00a0Jan Stark<br \/>\n<strong>L\u00e4nge:<\/strong> 2:19 min[\/vc_column_text][\/vc_column][\/vc_row][vc_row type=&#8221;grid&#8221;][vc_column width=&#8221;1\/2&#8243;][vc_column_text css=&#8221;&#8221;]\n<div class=\"clearfix divider-common divider-line\"><strong>Baby I promise<\/strong><\/div>\n<div class=\"column2 column_space\">\n<p>Die n\u00e4chtliche Vereinzelung des vernetzten Menschen, dessen Bezugssystem sich im Display des Rechners \u00f6ffnet und nicht mehr an den real Vorhandenen nebenan orientiert f\u00fchrt zu Kontakten eigener Struktur.<br \/>\nNirgends offenbart sich der Hang nach Statussymbolen und Selbstdarstellung so schamlos und fragw\u00fcrdig wie im Netz, die \u00dcberh\u00f6hung der Person durch Materialismus und vorgegebenen gesellschaftlichen Rang ist nach oben offen \u2026<\/p>\n<p>Der Verlauf der so angebahnten Beziehungen folgt ebenfalls eigenen Gesetzen: Angebot und Nachfrage sind nicht selten ungleich gewichtet. Die daraus resultierenden Vorteile sind durchaus nicht immer nur emotionaler oder sexueller Art.<\/p>\n<p>Manche Kommunikation entwickelt sich schnell und eindeutig in Richtung Gesch\u00e4ftsmodell zum Herauspressen von Geldbetr\u00e4gen.<\/p>\n<p>Begegnungen \u00fcber das Virtuelle und die Werbung hinaus werden zum Gl\u00fccksfall, auch wenn dieses Ziel das von Herzen angestrebte ist.<\/p>\n<p>Die Einsamkeit bleibt.<\/p>\n<\/div>\n[\/vc_column_text][\/vc_column][vc_column width=&#8221;1\/2&#8243;][vc_column_text css=&#8221;&#8221;]\n<div><strong>Treue<\/strong><\/div>\n<div class=\"column2 column_space\">\n<p>Die Zugeh\u00f6rigkeit zu jemandem, zu einer Gruppe, jemanden zu haben, der Nahrung und Gef\u00fchle teilt, ist ein wichtiger Faktor f\u00fcr das gl\u00fcckliche und gelungene Leben.<\/p>\n<p>Was tun wenn da pl\u00f6tzlich niemand mehr ist, die Leere sich schmerzhaft in den Brustkorb frisst, die Stra\u00dfe einsam und leer sich ausbreitet, im Hausflur der Geruch fremder Parf\u00fcms weht, der Aufzug nicht wartet, die Etagen verlassen daliegen?<br \/>\nDie Suche bannt alle Kr\u00e4fte.<\/p>\n<p>Da \u2013 doch die ersehnte T\u00fcr?<\/p>\n<p>Ein Fu\u00dftritt beendet diesen Traum.<\/p>\n<\/div>\n[\/vc_column_text][\/vc_column][\/vc_row][vc_row type=&#8221;grid&#8221;][vc_column][vc_separator css=&#8221;&#8221; up=&#8221;20&#8243; down=&#8221;20&#8243;][\/vc_column][\/vc_row][vc_row type=&#8221;grid&#8221; padding_bottom=&#8221;50&#8243;][vc_column width=&#8221;1\/2&#8243;][vc_raw_html css=&#8221;&#8221;]JTNDZGl2JTIwc3R5bGUlM0QlMjJwYWRkaW5nJTNBNTYuMjUlMjUlMjAwJTIwMCUyMDAlM0Jwb3NpdGlvbiUzQXJlbGF0aXZlJTNCJTIyJTNFJTNDaWZyYW1lJTIwc3JjJTNEJTIyaHR0cHMlM0ElMkYlMkZwbGF5ZXIudmltZW8uY29tJTJGdmlkZW8lMkYyMDUzNDk3NjYlM0ZiYWRnZSUzRDAlMjZhbXAlM0JhdXRvcGF1c2UlM0QwJTI2YW1wJTNCcGxheWVyX2lkJTNEMCUyNmFtcCUzQmFwcF9pZCUzRDU4NDc5JTIyJTIwZnJhbWVib3JkZXIlM0QlMjIwJTIyJTIwYWxsb3clM0QlMjJhdXRvcGxheSUzQiUyMGZ1bGxzY3JlZW4lM0IlMjBwaWN0dXJlLWluLXBpY3R1cmUlM0IlMjBjbGlwYm9hcmQtd3JpdGUlMjIlMjBzdHlsZSUzRCUyMnBvc2l0aW9uJTNBYWJzb2x1dGUlM0J0b3AlM0EwJTNCbGVmdCUzQTAlM0J3aWR0aCUzQTEwMCUyNSUzQmhlaWdodCUzQTEwMCUyNSUzQiUyMiUyMHRpdGxlJTNEJTIybWVpbiUyMGxhbmQlMjAtJTIwbXklMjB0ZXJyaXRvcnklMjAtJTIwbW9uJTIwY29udGluZW50JTIyJTNFJTNDJTJGaWZyYW1lJTNFJTNDJTJGZGl2JTNFJTNDc2NyaXB0JTIwc3JjJTNEJTIyaHR0cHMlM0ElMkYlMkZwbGF5ZXIudmltZW8uY29tJTJGYXBpJTJGcGxheWVyLmpzJTIyJTNFJTNDJTJGc2NyaXB0JTNF[\/vc_raw_html][\/vc_column][vc_column width=&#8221;1\/2&#8243;][vc_raw_html css=&#8221;&#8221;]JTNDZGl2JTIwc3R5bGUlM0QlMjJwYWRkaW5nJTNBNTYuMjUlMjUlMjAwJTIwMCUyMDAlM0Jwb3NpdGlvbiUzQXJlbGF0aXZlJTNCJTIyJTNFJTNDaWZyYW1lJTIwc3JjJTNEJTIyaHR0cHMlM0ElMkYlMkZwbGF5ZXIudmltZW8uY29tJTJGdmlkZW8lMkYxMTc5OTM5OTQlM0ZiYWRnZSUzRDAlMjZhbXAlM0JhdXRvcGF1c2UlM0QwJTI2YW1wJTNCcGxheWVyX2lkJTNEMCUyNmFtcCUzQmFwcF9pZCUzRDU4NDc5JTIyJTIwZnJhbWVib3JkZXIlM0QlMjIwJTIyJTIwYWxsb3clM0QlMjJhdXRvcGxheSUzQiUyMGZ1bGxzY3JlZW4lM0IlMjBwaWN0dXJlLWluLXBpY3R1cmUlM0IlMjBjbGlwYm9hcmQtd3JpdGUlMjIlMjBzdHlsZSUzRCUyMnBvc2l0aW9uJTNBYWJzb2x1dGUlM0J0b3AlM0EwJTNCbGVmdCUzQTAlM0J3aWR0aCUzQTEwMCUyNSUzQmhlaWdodCUzQTEwMCUyNSUzQiUyMiUyMHRpdGxlJTNEJTIyV2VubiUyMG1lbmdlbGUlMjBrb21tdC4uLiUyMiUzRSUzQyUyRmlmcmFtZSUzRSUzQyUyRmRpdiUzRSUzQ3NjcmlwdCUyMHNyYyUzRCUyMmh0dHBzJTNBJTJGJTJGcGxheWVyLnZpbWVvLmNvbSUyRmFwaSUyRnBsYXllci5qcyUyMiUzRSUzQyUyRnNjcmlwdCUzRQ==[\/vc_raw_html][\/vc_column][\/vc_row][vc_row type=&#8221;grid&#8221;][vc_column width=&#8221;1\/2&#8243;][vc_column_text css=&#8221;&#8221;]<strong>Jahr:<\/strong>\u00a02016<br \/>\n<strong>Produktion:<\/strong>\u00a0v. Praun Productions<br \/>\n<strong>Schnitt:<\/strong>\u00a0Jan Stark<br \/>\n<strong>Musik:\u00a0<\/strong>Jan Stark<br \/>\n<strong>L\u00e4nge:<\/strong> 8:34 min<\/p>\n[\/vc_column_text][\/vc_column][vc_column width=&#8221;1\/2&#8243;][vc_column_text css=&#8221;&#8221;]<strong>Jahr:<\/strong>\u00a02014<br \/>\n<strong>Produktion:<\/strong>\u00a0v. Praun Productions<br \/>\n<strong>Schnitt:<\/strong>\u00a0Andr\u00e9 Schume<br \/>\n<strong>Sprecher:<\/strong>\u00a0Robert Acklen, Sanjin Beckovic, Robert Brecko, Katherine Campana, Sofia Gilyazova, Elitsa Nikolova, Benjamin Scetbon, Sis Timberg, Dominik W\u00f3jcik<br \/>\n<strong>L\u00e4nge:<\/strong> 8:23 min<\/p>\n[\/vc_column_text][\/vc_column][vc_column][vc_separator css=&#8221;&#8221; up=&#8221;20&#8243; down=&#8221;20&#8243;][\/vc_column][\/vc_row][vc_row type=&#8221;grid&#8221; padding_top=&#8221;20&#8243;][vc_column width=&#8221;1\/2&#8243;][vc_column_text css=&#8221;&#8221;]\n<div><strong>mein land \u2013 my territory \u2013 mon continent<\/strong><\/div>\n<div class=\"column2 column_space\">\n<p>Geh\u00f6rt die Erde sich allein?<\/p>\n<p>Die darauf lebenden Wesen sind territoriale G\u00e4ste und k\u00f6nnen tempor\u00e4r an Reichtum, der Fruchtbarkeit, der Naturkraft partizipieren, mit dem Geschenk des Lebens \u2013 oder? Sind das Ansichten unwissender Naturv\u00f6lker, die bald in Vergessenheit gesunken sein werden weil niemand sie braucht ? Geht es nur um das Gesetz des St\u00e4rkeren, den vordergr\u00fcndigen Sieg \u00fcber Widersacher im Kampf um Nahrung, Lebensraum, Sex und Fortpflanzung? Die blinde Gewalt gebiert Vernichtung und damit das Ende der Sieger ebenso wie das der Besiegten.<br \/>\nGeh\u00f6rt die Erde den Menschen?<\/p>\n<p>Einst war das st\u00e4rkste Raubtier der Tyrannosaurus Rex, aber geh\u00f6rte ihm die Erde mehr als der Fliege? Kann entgegen der Ansichten der Urv\u00f6lker die Erde den Menschen geh\u00f6ren? Welche Teile der Erde welchen Menschen, was bleibt \u00fcbrig, Menschen ohne Erde, Erde ohne Besitzer, was wird aus den Besitzlosen, aus der unbesessenen Erde? Von den Menschen wissen wir um den blinden Kampf, alles zerschmetternd, Lebensraum nannte man das einst, das Boot ist voll auch, und die Beseitigung der Konkurrenten war der kurzfristige Sieg. Und die unbesessene Erde lie\u00df nicht mehr Aneignung zu, W\u00fcsten, Vulkanausbr\u00fcche, Seuchen und Ausl\u00f6schung sind ihre Waffen. Und der Mensch? Braucht er neue st\u00e4rkere Waffen f\u00fcr weitere Siege? \u00dcber wen? Die Naturgewalten sind sein Kaliber nicht \u2013 und die anderen Menschen? Dem Wasser geh\u00f6ren sie nicht, dem Feuer oder der Luft ebenso wenig, es geht darum sich einzurichten miteinander auf der Erde, den Raubtierkampf hinter sich zu lassen, eine Koexistenz zu finden.<br \/>\nGeh\u00f6rt der Mensch dem Menschen?<\/p>\n<p>Ist Mein und Dein ein wichtiges Unterscheidungskriterium, trotz der kurzen Spanne, die der Mensch auf Erden ist? Es beginnt bei Themen und Dimensionen wie Spielzeugautos und findet auch in interstellaren Ausdehnungen kein Ende. Es ist keine dunkle Macht oder der b\u00f6se Kapitalismus, die dieses Begehren wecken, auch tief im Inneren von Hy\u00e4nen, Haushamstern oder Hirschen gibt es diesen Trieb nach Differenz und Begrenzung. Eklatante Beispiele, die als Trigger dienen, sind Nahrung, Sexus und Territorium.<\/p>\n<p>Die st\u00e4rkste Anziehung der Menschen untereinander, die Liebe, berechtigt sie zu einer Aneignung? Bist Du mein weil unsere Begegnung nach mehr und \u00f6fter und immer verlangt? Oder gibt es auf der Erde und bei den Menschen nicht immer nur das Jetzt, das der gelungene gl\u00fcckliche Moment sein sollte? Ist in diesem Rahmen friedliche Koexistenz m\u00f6glich?<\/p>\n<p>How long is now?<\/p>\n<\/div>\n[\/vc_column_text][\/vc_column][vc_column width=&#8221;1\/2&#8243;][vc_column_text css=&#8221;&#8221;]\n<div><strong>Wenn Mengele kommt\u2026<\/strong>AUSCHWITZ<\/div>\n<div class=\"column2 column_space\">\n<p>Die Ankunft auf der Rampe<br \/>\nNach langer Bahnfahrt im Viehwaggon aussteigen, getrieben und gehetzt, das Ziel der langen Reise:<\/p>\n<p>DIE SELEKTION<\/p>\n<p>Der SS Offizier, dunkel, sein stechender Blick auf die Menschen gerichtet,<br \/>\nder Fingerzeig nach rechts oder links entscheidet \u00fcber Leben oder Tod.<\/p>\n<p>Familien getrennt, auseinandergerissen in dem einen entscheidenden Moment,<br \/>\nverzweifelte Hoffnung.<\/p>\n<p>Es geht weiter: nur mit einer Pistole bewaffnet geht der Todesengel durch das Lager,<br \/>\nvon Tausenden gef\u00fcrchtet, keiner greift ihn je an.<br \/>\nDie Faszination der Macht, des \u00fcberm\u00e4chtig B\u00f6sen.<\/p>\n<p>Carl Laszlo hat \u00fcberlebt mit Wenigen, ein Buch geschrieben \u00fcber die Lagerzeit, sein Text findet hier seine Sprecher, 11 Sprachen exemplarisch f\u00fcr die Vielzahl der Verstummten.<\/p>\n<p>Mengele ist pr\u00e4sent und doch anonym, eines der Opfer verbirgt sich unter der Maske, kann man zugleich T\u00e4ter und Opfer sein?<br \/>\nJeder kann alles sein!!!<\/p>\n<p>HEUTE<\/p>\n<p>Welcher Ort heute, die Selektion findet weiter statt, im Leben und Sterben, gerettet werden oder ertrinken, Kopf ab oder weiter berichten, Verhungern oder \u00dcberf\u00fcttern, in sein oder out.<br \/>\nDas Berghain als Symbol f\u00fcr die Macht des Kerberos, zerst\u00f6rte Hoffnungen, nur der sch\u00f6ne S\u00e4nger kann den Fluch \u00fcberwinden.<\/p>\n<\/div>\n[\/vc_column_text][\/vc_column][\/vc_row][vc_row type=&#8221;grid&#8221; padding_top=&#8221;10&#8243; padding_bottom=&#8221;10&#8243;][vc_column][vc_separator css=&#8221;&#8221;][\/vc_column][\/vc_row][vc_row type=&#8221;grid&#8221; padding_bottom=&#8221;50&#8243;][vc_column width=&#8221;1\/2&#8243;][vc_raw_html css=&#8221;&#8221;]JTNDZGl2JTIwc3R5bGUlM0QlMjJwYWRkaW5nJTNBNTYuMjUlMjUlMjAwJTIwMCUyMDAlM0Jwb3NpdGlvbiUzQXJlbGF0aXZlJTNCJTIyJTNFJTNDaWZyYW1lJTIwc3JjJTNEJTIyaHR0cHMlM0ElMkYlMkZwbGF5ZXIudmltZW8uY29tJTJGdmlkZW8lMkY4NzU1Mzc0OCUzRmJhZGdlJTNEMCUyNmFtcCUzQmF1dG9wYXVzZSUzRDAlMjZhbXAlM0JwbGF5ZXJfaWQlM0QwJTI2YW1wJTNCYXBwX2lkJTNENTg0NzklMjIlMjBmcmFtZWJvcmRlciUzRCUyMjAlMjIlMjBhbGxvdyUzRCUyMmF1dG9wbGF5JTNCJTIwZnVsbHNjcmVlbiUzQiUyMHBpY3R1cmUtaW4tcGljdHVyZSUzQiUyMGNsaXBib2FyZC13cml0ZSUyMiUyMHN0eWxlJTNEJTIycG9zaXRpb24lM0FhYnNvbHV0ZSUzQnRvcCUzQTAlM0JsZWZ0JTNBMCUzQndpZHRoJTNBMTAwJTI1JTNCaGVpZ2h0JTNBMTAwJTI1JTNCJTIyJTIwdGl0bGUlM0QlMjJEZXIlMjBTdCVDMyVCNnJlciUyMC0lMjBUaGUlMjBUcm91YmxlLU1ha2VyJTIyJTNFJTNDJTJGaWZyYW1lJTNFJTNDJTJGZGl2JTNFJTNDc2NyaXB0JTIwc3JjJTNEJTIyaHR0cHMlM0ElMkYlMkZwbGF5ZXIudmltZW8uY29tJTJGYXBpJTJGcGxheWVyLmpzJTIyJTNFJTNDJTJGc2NyaXB0JTNF[\/vc_raw_html][\/vc_column][vc_column width=&#8221;1\/2&#8243;][vc_raw_html css=&#8221;&#8221;]JTNDZGl2JTIwc3R5bGUlM0QlMjJwYWRkaW5nJTNBNTYuMjUlMjUlMjAwJTIwMCUyMDAlM0Jwb3NpdGlvbiUzQXJlbGF0aXZlJTNCJTIyJTNFJTNDaWZyYW1lJTIwc3JjJTNEJTIyaHR0cHMlM0ElMkYlMkZwbGF5ZXIudmltZW8uY29tJTJGdmlkZW8lMkY4MzI3MDMzMTElM0ZiYWRnZSUzRDAlMjZhbXAlM0JhdXRvcGF1c2UlM0QwJTI2YW1wJTNCcGxheWVyX2lkJTNEMCUyNmFtcCUzQmFwcF9pZCUzRDU4NDc5JTIyJTIwZnJhbWVib3JkZXIlM0QlMjIwJTIyJTIwYWxsb3clM0QlMjJhdXRvcGxheSUzQiUyMGZ1bGxzY3JlZW4lM0IlMjBwaWN0dXJlLWluLXBpY3R1cmUlM0IlMjBjbGlwYm9hcmQtd3JpdGUlMjIlMjBzdHlsZSUzRCUyMnBvc2l0aW9uJTNBYWJzb2x1dGUlM0J0b3AlM0EwJTNCbGVmdCUzQTAlM0J3aWR0aCUzQTEwMCUyNSUzQmhlaWdodCUzQTEwMCUyNSUzQiUyMiUyMHRpdGxlJTNEJTIyUEFaSUVOWkElMjIlM0UlM0MlMkZpZnJhbWUlM0UlM0MlMkZkaXYlM0UlM0NzY3JpcHQlMjBzcmMlM0QlMjJodHRwcyUzQSUyRiUyRnBsYXllci52aW1lby5jb20lMkZhcGklMkZwbGF5ZXIuanMlMjIlM0UlM0MlMkZzY3JpcHQlM0U=[\/vc_raw_html][\/vc_column][\/vc_row][vc_row type=&#8221;grid&#8221;][vc_column width=&#8221;1\/2&#8243;][vc_column_text css=&#8221;&#8221;]<strong>Jahr:<\/strong>\u00a02012<br \/>\n<strong>Produktion:<\/strong>\u00a0v. Praun Productions<br \/>\n<strong>Schnitt:<\/strong>\u00a0Andr\u00e9 Schume<br \/>\n<strong>L\u00e4nge:<\/strong> 2:05 min[\/vc_column_text][\/vc_column][vc_column width=&#8221;1\/2&#8243;][vc_column_text css=&#8221;&#8221;]<strong>Jahr:<\/strong>\u00a02023<br \/>\n<strong>Produktion:<\/strong>\u00a0v. Praun Productions<br \/>\n<strong>Schnitt:<\/strong>\u00a0J\u00e9r\u00e9my V\u00e9ron<br \/>\n<strong>L\u00e4nge:<\/strong> 3:43 min[\/vc_column_text][\/vc_column][\/vc_row][vc_row type=&#8221;grid&#8221;][vc_column width=&#8221;1\/2&#8243;][vc_column_text css=&#8221;&#8221;]\n<div class=\"clearfix divider-common divider-line\"><strong>Der St\u00f6rer<\/strong><\/div>\n<div class=\"column2 column_space\">\n<p>Eingepfercht sein, nichts bewegt sich, kein Ausweg in Sicht.<\/p>\n<p>In der Stasizentrale die Erhaltung des Status Quo mit allen Mitteln, jede Bewegung wird unterdr\u00fcckt, Ver\u00e4nderung verboten.<\/p>\n<p>Das Leben l\u00e4sst diese Situation nicht zu, beharrlich summt es gegen die Todesstille, Mordanschl\u00e4ge k\u00f6nnen nicht immer gelingen.<\/p>\n<p>Hinter der Trennscheibe ruft die Unterst\u00fctzung<br \/>\nEines Tages \u00f6ffnet sich die Zellent\u00fcr<br \/>\nFlieg in die Freiheit!<\/p>\n<\/div>\n[\/vc_column_text][\/vc_column][vc_column width=&#8221;1\/2&#8243;][vc_column_text css=&#8221;&#8221;]\n<div class=\"clearfix divider-common divider-line\"><strong>Pazienza<\/strong><\/div>\n<div class=\"column2 column_space\">\n<p>Pl\u00f6tzlich herausgeworfen aus dem Gleichgewicht<br \/>\ngezwungen in die Horizontale<br \/>\nangewiesen auf Hilfe bei allen Verrichtungen<br \/>\nungern gesehen<br \/>\ndie Ruhe der anderen st\u00f6rend<br \/>\nkeine Ruhe<br \/>\nnachts Geschrei<br \/>\ndie Herrschaft \u00fcber die Fernbedienung haben die anderen<br \/>\nauch \u00fcber die Sprache<br \/>\ndurchhalten<br \/>\nschweigen<br \/>\nund irgendwann ist es vorbei<\/p>\n<\/div>\n[\/vc_column_text][\/vc_column][\/vc_row][vc_row type=&#8221;grid&#8221;][vc_column][vc_separator css=&#8221;&#8221; up=&#8221;20&#8243; down=&#8221;20&#8243;][\/vc_column][\/vc_row][vc_row full_height=&#8221;yes&#8221; content_placement=&#8221;middle&#8221; type=&#8221;grid&#8221; padding_top=&#8221;20&#8243; padding_bottom=&#8221;20&#8243;][vc_column width=&#8221;1\/3&#8243;][vc_single_image image=&#8221;58816&#8243; img_size=&#8221;306&#215;400&#8243; css=&#8221;&#8221;][\/vc_column][vc_column width=&#8221;1\/3&#8243;][vc_single_image image=&#8221;58818&#8243; img_size=&#8221;300&#215;400&#8243; css=&#8221;&#8221;][\/vc_column][vc_column width=&#8221;1\/3&#8243;][vc_single_image image=&#8221;58820&#8243; img_size=&#8221;298&#215;400&#8243; css=&#8221;&#8221;][\/vc_column][\/vc_row][vc_row type=&#8221;grid&#8221;][vc_column][vc_separator css=&#8221;&#8221; up=&#8221;20&#8243; down=&#8221;20&#8243;][\/vc_column][\/vc_row][vc_row type=&#8221;grid&#8221; padding_top=&#8221;40&#8243;][vc_column][vc_column_text css=&#8221;&#8221;]\n<h1 style=\"text-align: left;\"><a id=\"biografie\"><\/a>Biografie<\/h1>\n[\/vc_column_text][vc_empty_space height=&#8221;50&#8243;][vc_column_text]Geboren in Hamburg<\/p>\n<p><strong>1970er<br \/>\n<\/strong>Studium am Hochschulfilmreferat der FU Berlin, Medizinstudium<\/p>\n<p><strong>1977<br \/>\n<\/strong>Kurzspielfilm &#8220;Student in Berlin&#8221; Erstauff\u00fchrung im Cinema Ostertor,<br \/>\nBremen, Mitarbeit an verschiedenen experimentellen Kurzfilmprojekten<\/p>\n<p><strong>1977 \u2013 1978<br \/>\n<\/strong>Dreh und Fertigstellung des Filmes &#8220;Achtung, Sie verlassen jetzt West-<br \/>\nBerlin&#8221; (ca. 15min, 16mm, s\/w ) Erstauff\u00fchrung im &#8220;Arsenal 2&#8221;, Berlin<\/p>\n<p><strong>1978<br \/>\n<\/strong>Dreharbeiten f\u00fcr &#8220;Lil Picard bei Werner Kunze&#8221;<\/p>\n<p><strong>1979 \u2013 1980<br \/>\n<\/strong>Assistenzarbeiten f\u00fcr Jan Dawson (Berliner Filmfestspiele)<\/p>\n<p><strong>1979<br \/>\n<\/strong>Filmschneidearbeiten f\u00fcr das Hochschulfilmreferat der FU Berlin, anatomische Lehrfilme, 16mm und Video, Farbe) sowie f\u00fcr Ulrike<br \/>\nOttinger (Super 8 Format)<\/p>\n<p><strong>1981<br \/>\n<\/strong>Assistentin bei Hans C. Blumenberg in Kalifornien, Dokumentarfilm \u00fcber alte Hollywood-Regisseure<\/p>\n<p><strong>1982<br \/>\n<\/strong>Regieassistentin bei Niklaus Schilling, &#8220;Der Westen leuchtet&#8221;, Spielfilm mit Armin M\u00fcller-Stahl<\/p>\n<p><strong>seit 1982<br \/>\n<\/strong>Wissenschaftliche Lehrfilme, Praxis- und Vortragst\u00e4tigkeit in Berlin, Wien und anderen St\u00e4dten, \u00c4rztin f\u00fcr Hom\u00f6opathie<\/p>\n<p><strong>seit 2000<br \/>\n<\/strong>Schwerpunkt auf Videokunst<\/p>\n<p>lebt und arbeitet in Berlin[\/vc_column_text][vc_empty_space height=&#8221;50&#8243;][vc_column_text css=&#8221;&#8221;]<a id=\"ausstellungen\"><\/a><\/p>\n<h3>Ausstellungen (Auswahl)<\/h3>\n<div class=\"bg-margin-for-link\"><input type='hidden' bg_collapse_expand='69e063db7fdc18034020095' value='69e063db7fdc18034020095'><input type='hidden' id='bg-show-more-text-69e063db7fdc18034020095' value='Ausklappen'><input type='hidden' id='bg-show-less-text-69e063db7fdc18034020095' value='Einklappen'><a id='bg-showmore-action-69e063db7fdc18034020095' class='bg-showmore-plg-link  '  style=\" color:#e0310d;;\" href='#'>Ausklappen<\/a><div id='bg-showmore-hidden-69e063db7fdc18034020095' >\n<p><strong>2024<br \/>\n<\/strong>FemaleArtWeek, Avus-Trib\u00fcnen, Berlin<strong><br \/>\n<\/strong><\/p>\n<p><strong>2023<br \/>\n<\/strong>Contemporary Fine Arts Berlin, Einzelausstellung<\/p>\n<p><strong>2021<br \/>\n<\/strong>REFLEX-Ausstellung \u201eWer nicht denken will fliegt raus\u201c, Kamen, (G)<\/p>\n<p><strong>2019<br \/>\n<\/strong>Raketa Studio, Berlin, Gallery Weekend, 2019 \u00a0(G)<br \/>\nco-creagency, Berlin, (E) \u2013 Gallery Weekend, 2019 (E)<\/p>\n<p><strong>2018<br \/>\n<\/strong>Soeht 7, Berlin, (G)<br \/>\nKanyaKage, Berlin, (E)<br \/>\n\u201eITS LIQUID International Art Show \u2013 The Body Language\u201c, THE ROOM Contemporary Art Space, Venedig<\/p>\n<p><strong>2017<\/strong><br \/>\nWassergalerie, Berlin, (G)<br \/>\nGalerie K\u00f6ppe Contemporary, Berlin, (E)<br \/>\nSuper-8-Abend, Breminale, Bremen,<br \/>\nKing Size, Berlin<br \/>\nLoophole, Berlin<\/p>\n<p><strong>2016<br \/>\n<\/strong>Museum der Zukunft, Berlin, (E)<br \/>\n\u201eScreenings I\u201c, Galerie Crone, Berlin, (E)<br \/>\n\u201eHelter Skelter\u201c, Kulturpalast Wedding, Berlin<br \/>\n\u201eVenice Experimental Video and Performance Art Festival\u201c, Palazzo Ca\u00b4Zanardi, Venedig<br \/>\n\u201ePixels of identities \u2013 The Body Language\u201c, BAC Gallery, Bogot\u00e1<br \/>\n3am \u2013 abandoned works \u2013 Flutgraben, Berlin<br \/>\nVideo Art Festival, The Underground Cinema, Kent<\/p>\n<p><strong>2015<br \/>\n<\/strong>\u201eInternational Video Art Limousine Festival\u201c, XY Atelier Contemporary Art Gallery, New York<br \/>\n\u201eVenice Experimental Video and Performance Art Festival\u201c, Palazzo Ca\u00b4Zanardi, Venedig<br \/>\nGalerie Terzo, Berlin<br \/>\n\u201eWenn Mengele kommt\u2026\u201c, King Size, Berlin, (E)<\/p>\n<p><strong>2014<br \/>\n<\/strong>LOOP Festival 2014, Barcelona, (G)<br \/>\n\u201eEL TIEMPO OBSERVADO\u201c, galeria <strong>H2O<\/strong>, Barcelona, (E)<br \/>\n\u201eHidden Rooms\u201c, International Video\u00a0 Art Experimental Dance and Performance Festival, Venedig<\/p>\n<p><strong>2013<br \/>\n<\/strong>\u201eS2S\u201c, Berlin-NewYork, Knockdown Center Queens<\/p>\n<p><strong>2012<br \/>\n<\/strong>\u201eInternational ArtExpo\u201c; \u201eID \/ Identities\u201c, Istanbul (T\u00fcrkei); Video art \/ Photography \/ Computer graphics \/ Installation \/ Performing art<br \/>\n\u201eSeemann, lass das Tr\u00e4umen\u2026\u201c, Videoinstallation, Hafenmuseum Speicher XI, Bremen, (E)<br \/>\n\u201eHidden Cities\u201c, International Videoart Festival and Photo Exhibition,\u00a0Istanbul<\/p>\n<p><strong>2011<br \/>\n<\/strong>\u201eRaumerinnerungen \u2013 Erinnerungsr\u00e4ume\u201c,\u00a0 Galerie Ratskeller, Berlin-Friedrichshain<br \/>\n\u201eWarten und Hoffen\u201c, Internet Ausstellung der Wandergalerie Barcelona<\/p>\n<p><strong>2010<br \/>\n<\/strong>New Media Room: On Our Minds and In Our Lenses, Gallery Aferro, Newark USA<br \/>\n\u201eStadt f\u00fcr eine Nacht\u201c, Galerie Ruhnke, Potsdam<br \/>\n\u201eStille Zeit\u201c, Galerie Festl &amp; Maas in der Villa K\u00f6ppe<\/p>\n<p><strong>2009<br \/>\n<\/strong>\u201ebannen und erinnern\u201c, galerie son, Berlin, (E)<br \/>\n\u201eAchtung, Sie verlassen jetzt West-Berlin\u201c im Rahmen von Ars Sacrow<br \/>\n\u201eFischers Traum\u201c und andere Videokunst, Galerie Ruhnke, Potsdam, (E)<br \/>\nKean University (NJ) Department of Art and Art History Video Gallery \u201eOn our Minds\u201c<\/p>\n<\/div><\/div>[\/vc_column_text][vc_empty_space height=&#8221;50px&#8221;][vc_separator][\/vc_column][\/vc_row]\n<\/div>","protected":false},"excerpt":{"rendered":"<p>[vc_row type=&#8221;grid&#8221; padding_bottom=&#8221;20&#8243;][vc_column][vc_column_text css=&#8221;&#8221;]Werke\u00a0 |\u00a0 Text\u00a0 |\u00a0 Vita\u00a0 | \u00a0Ausstellungen[\/vc_column_text][vc_empty_space][\/vc_column][\/vc_row][vc_row&#8230;<\/p>\n","protected":false},"author":3,"featured_media":0,"parent":51001,"menu_order":1,"comment_status":"closed","ping_status":"closed","template":"full_width.php","meta":{"footnotes":""},"class_list":["post-52335","page","type-page","status-publish","hentry"],"_links":{"self":[{"href":"https:\/\/www.villa-koeppe.de\/en\/wp-json\/wp\/v2\/pages\/52335\/"}],"collection":[{"href":"https:\/\/www.villa-koeppe.de\/en\/wp-json\/wp\/v2\/pages\/"}],"about":[{"href":"https:\/\/www.villa-koeppe.de\/en\/wp-json\/wp\/v2\/types\/page\/"}],"author":[{"embeddable":true,"href":"https:\/\/www.villa-koeppe.de\/en\/wp-json\/wp\/v2\/users\/3\/"}],"replies":[{"embeddable":true,"href":"https:\/\/www.villa-koeppe.de\/en\/wp-json\/wp\/v2\/comments\/?post=52335"}],"version-history":[{"count":62,"href":"https:\/\/www.villa-koeppe.de\/en\/wp-json\/wp\/v2\/pages\/52335\/revisions\/"}],"predecessor-version":[{"id":58840,"href":"https:\/\/www.villa-koeppe.de\/en\/wp-json\/wp\/v2\/pages\/52335\/revisions\/58840\/"}],"up":[{"embeddable":true,"href":"https:\/\/www.villa-koeppe.de\/en\/wp-json\/wp\/v2\/pages\/51001\/"}],"wp:attachment":[{"href":"https:\/\/www.villa-koeppe.de\/en\/wp-json\/wp\/v2\/media\/?parent=52335"}],"curies":[{"name":"wp","href":"https:\/\/api.w.org\/{rel}","templated":true}]}}