{"id":52355,"date":"2015-08-27T15:03:37","date_gmt":"2015-08-27T13:03:37","guid":{"rendered":"https:\/\/www.villa-koeppe.de\/artists\/martin_engelman\/"},"modified":"2016-02-22T13:44:47","modified_gmt":"2016-02-22T12:44:47","slug":"martin_engelman","status":"publish","type":"page","link":"https:\/\/www.villa-koeppe.de\/en\/artists\/martin_engelman\/","title":{"rendered":"Martin Engelman"},"content":{"rendered":"<div class=\"wpb-content-wrapper\">[vc_row row_type=&#8221;row&#8221; use_row_as_full_screen_section=&#8221;no&#8221; type=&#8221;full_width&#8221; header_style=&#8221;&#8221; anchor=&#8221;&#8221; in_content_menu=&#8221;&#8221; content_menu_title=&#8221;&#8221; icon_pack=&#8221;font_awesome&#8221; content_menu_fa_icon=&#8221;&#8221; content_menu_fe_icon=&#8221;&#8221; content_menu_ion_icon=&#8221;&#8221; content_menu_linea_icon=&#8221;&#8221; text_align=&#8221;left&#8221; video=&#8221;&#8221; video_overlay=&#8221;&#8221; video_overlay_image=&#8221;&#8221; video_webm=&#8221;&#8221; video_mp4=&#8221;&#8221; video_ogv=&#8221;&#8221; video_image=&#8221;&#8221; background_image=&#8221;&#8221; pattern_background=&#8221;&#8221; full_screen_section_height=&#8221;no&#8221; vertically_align_content_in_middle=&#8221;no&#8221; section_height=&#8221;&#8221; use_as_box=&#8221;&#8221; parallax_speed=&#8221;&#8221; background_color=&#8221;&#8221; logo_in_content_menu=&#8221;&#8221; custom_widget_area=&#8221;&#8221; content_menu_border_bottom=&#8221;&#8221; content_menu_border_color=&#8221;&#8221; content_menu_border_style=&#8221;solid&#8221; border_top_color=&#8221;&#8221; border_color=&#8221;&#8221; side_padding=&#8221;&#8221; padding_top=&#8221;&#8221; padding_bottom=&#8221;&#8221; color=&#8221;&#8221; hover_color=&#8221;&#8221; more_button_label=&#8221;&#8221; less_button_label=&#8221;&#8221; button_position=&#8221;&#8221; css_animation=&#8221;&#8221; transition_delay=&#8221;&#8221; box_shadow_on_row=&#8221;no&#8221; box_shadow_color=&#8221;&#8221; horizontal_offset=&#8221;&#8221; vertical_offset=&#8221;&#8221; box_shadow_blur=&#8221;&#8221; box_shadow_spread=&#8221;&#8221;][vc_column width=&#8221;1\/1&#8243;]<div class='eltd_image_gallery_no_space  dark on_hover'><div class='eltd_image_gallery_holder' style='height: 500px;'><ul ><li><div style=\"height: 500px; width:362px;\"><a class=\"lightbox_single_portfolio\" rel=\"prettyPhoto[rel-1946156250]\" href=\"https:\/\/www.villa-koeppe.de\/wp-content\/uploads\/2015\/08\/martin_engelman_bild-8.jpg\"><span class=\"holder\" style=\"background-color: rgba(255,255,255,0.3);\"><span class=\"outer\"><span class=\"inner\"><span class=\"title\" style=\"color:#000000;font-size:20px;\">Martin Engelman | R on 5th avenue<\/span><span class=\"separator\" style=\"background-color:#000000;opacity:1;\"><\/span><span class=\"description\" style=\"color:#000000;font-size:14px;\">New York 1990, 80 x 45 cm, \u00d6l auf Leinwand<\/span><\/span><\/span><\/span><img decoding=\"async\" src=\"https:\/\/www.villa-koeppe.de\/wp-content\/uploads\/2015\/08\/martin_engelman_bild-8.jpg\" alt=\"Martin Engelman | R on 5th avenue\"  \/><\/a><\/div><\/li><li><div style=\"height: 500px; width:404px;\"><a class=\"lightbox_single_portfolio\" rel=\"prettyPhoto[rel-1946156250]\" href=\"https:\/\/www.villa-koeppe.de\/wp-content\/uploads\/2015\/08\/martin_engelman_bild-2.jpg\"><span class=\"holder\" style=\"background-color: rgba(255,255,255,0.3);\"><span class=\"outer\"><span class=\"inner\"><span class=\"title\" style=\"color:#000000;font-size:20px;\">Martin Engelman | A trois<\/span><span class=\"separator\" style=\"background-color:#000000;opacity:1;\"><\/span><span class=\"description\" style=\"color:#000000;font-size:14px;\">Paris 1963, 162 x 103 cm, \u00d6l auf Leinwand<\/span><\/span><\/span><\/span><img decoding=\"async\" src=\"https:\/\/www.villa-koeppe.de\/wp-content\/uploads\/2015\/08\/martin_engelman_bild-2.jpg\" alt=\"Martin Engelman | A trois\"  \/><\/a><\/div><\/li><li><div style=\"height: 500px; width:376px;\"><a class=\"lightbox_single_portfolio\" rel=\"prettyPhoto[rel-1946156250]\" href=\"https:\/\/www.villa-koeppe.de\/wp-content\/uploads\/2015\/08\/martin_engelman_bild-7.jpg\"><span class=\"holder\" style=\"background-color: rgba(255,255,255,0.3);\"><span class=\"outer\"><span class=\"inner\"><span class=\"title\" style=\"color:#000000;font-size:20px;\">Martin Engelman | OT<\/span><span class=\"separator\" style=\"background-color:#000000;opacity:1;\"><\/span><span class=\"description\" style=\"color:#000000;font-size:14px;\">Provence 1988, 61 x 46 cm, \u00d6l auf Leinwand<\/span><\/span><\/span><\/span><img decoding=\"async\" src=\"https:\/\/www.villa-koeppe.de\/wp-content\/uploads\/2015\/08\/martin_engelman_bild-7.jpg\" alt=\"Martin Engelman | OT\"  \/><\/a><\/div><\/li><\/ul><\/div><div class=\"controls\"><a class=\"prev-slide\" href=\"#\"><span class=\"arrow_carrot-left\"><\/span><\/a><a class=\"next-slide\" href=\"#\"><span class=\"arrow_carrot-right\"><\/span><\/a><\/div><\/div>[vc_empty_space height=&#8221;75&#8243; image_repeat=&#8221;no-repeat&#8221;][\/vc_column][\/vc_row][vc_row row_type=&#8221;row&#8221; use_row_as_full_screen_section=&#8221;no&#8221; type=&#8221;grid&#8221; header_style=&#8221;&#8221; anchor=&#8221;&#8221; in_content_menu=&#8221;&#8221; content_menu_title=&#8221;&#8221; icon_pack=&#8221;font_awesome&#8221; content_menu_fa_icon=&#8221;&#8221; content_menu_fe_icon=&#8221;&#8221; content_menu_ion_icon=&#8221;&#8221; content_menu_linea_icon=&#8221;&#8221; text_align=&#8221;left&#8221; video=&#8221;&#8221; video_overlay=&#8221;&#8221; video_overlay_image=&#8221;&#8221; video_webm=&#8221;&#8221; video_mp4=&#8221;&#8221; video_ogv=&#8221;&#8221; video_image=&#8221;&#8221; background_image=&#8221;&#8221; pattern_background=&#8221;&#8221; full_screen_section_height=&#8221;no&#8221; vertically_align_content_in_middle=&#8221;no&#8221; section_height=&#8221;&#8221; use_as_box=&#8221;&#8221; parallax_speed=&#8221;&#8221; background_color=&#8221;&#8221; logo_in_content_menu=&#8221;&#8221; custom_widget_area=&#8221;&#8221; content_menu_border_bottom=&#8221;&#8221; content_menu_border_color=&#8221;&#8221; content_menu_border_style=&#8221;solid&#8221; border_top_color=&#8221;&#8221; border_color=&#8221;&#8221; side_padding=&#8221;&#8221; padding_top=&#8221;&#8221; padding_bottom=&#8221;50&#8243; color=&#8221;&#8221; hover_color=&#8221;&#8221; more_button_label=&#8221;&#8221; less_button_label=&#8221;&#8221; button_position=&#8221;&#8221; css_animation=&#8221;&#8221; transition_delay=&#8221;&#8221; box_shadow_on_row=&#8221;no&#8221; box_shadow_color=&#8221;&#8221; horizontal_offset=&#8221;&#8221; vertical_offset=&#8221;&#8221; box_shadow_blur=&#8221;&#8221; box_shadow_spread=&#8221;&#8221;][vc_column width=&#8221;1\/1&#8243;][vc_column_text]\n<p><a href=\"#text\">Text<\/a> \/ <a href=\"#biografie\">Biografie<\/a> \/ <a href=\"#katalog\">Katalog<\/a><\/p>\n[\/vc_column_text][\/vc_column][\/vc_row][vc_row row_type=&#8221;row&#8221; use_row_as_full_screen_section=&#8221;no&#8221; type=&#8221;grid&#8221; in_content_menu=&#8221;&#8221; icon_pack=&#8221;font_awesome&#8221; text_align=&#8221;left&#8221; pattern_background=&#8221;&#8221; full_screen_section_height=&#8221;no&#8221; vertically_align_content_in_middle=&#8221;no&#8221; use_as_box=&#8221;&#8221; logo_in_content_menu=&#8221;&#8221; content_menu_border_bottom=&#8221;&#8221; content_menu_border_style=&#8221;solid&#8221; box_shadow_on_row=&#8221;no&#8221;][vc_column width=&#8221;1\/1&#8243;][vc_column_text]\n<h1 style=\"text-align: left;\"><a id=\"text\"><\/a>Martin Engelman<\/h1>\n[\/vc_column_text][vc_empty_space height=&#8221;50&#8243; image_repeat=&#8221;no-repeat&#8221;][vc_column_text]\n<p>Martin Engelman (1924-1992) geh\u00f6rte zu den einflussreichsten K\u00fcnstler im Berlin der sp\u00e4ten 1960er und 1970er Jahre. Der k\u00fcnstlerische Werdegang des geb\u00fcrtigen Niederl\u00e4nders begann Ende der 50er Jahre in Paris. \u00dcber internationale Ausstellungen, die Beteiligung an der documenta III und ein DAAD Stipendium f\u00fchrte sein Weg nach Berlin, wo er 1970 bis 1989 eine Professur f\u00fcr freie Malerei an der Hochschule der K\u00fcnste, der heutigen Universit\u00e4t der K\u00fcnste (UdK), inne hatte. Engelmans expressive Formensprache, seine vielschichtige Symbolik und k\u00fchne Farbigkeit zieht sich durch alle Perioden seines Werkes<\/p>\n[\/vc_column_text][vc_empty_space height=&#8221;100&#8243; image_repeat=&#8221;no-repeat&#8221;][\/vc_column][\/vc_row][vc_row row_type=&#8221;row&#8221; use_row_as_full_screen_section=&#8221;no&#8221; type=&#8221;grid&#8221; in_content_menu=&#8221;&#8221; icon_pack=&#8221;font_awesome&#8221; text_align=&#8221;left&#8221; pattern_background=&#8221;&#8221; full_screen_section_height=&#8221;no&#8221; vertically_align_content_in_middle=&#8221;no&#8221; use_as_box=&#8221;&#8221; logo_in_content_menu=&#8221;&#8221; content_menu_border_bottom=&#8221;&#8221; content_menu_border_style=&#8221;solid&#8221; box_shadow_on_row=&#8221;no&#8221;][vc_column width=&#8221;1\/1&#8243;][vc_column_text]\n<h1 style=\"text-align: left;\"><a id=\"biografie\"><\/a>Biografie<\/h1>\n[\/vc_column_text][vc_empty_space height=&#8221;50&#8243; image_repeat=&#8221;no-repeat&#8221;][vc_column_text]\n<h2 style=\"text-align: left;\">Vita<\/h2>\n<p><strong>1924 \u00a0\u00a0\u00a0<\/strong><br \/>\ngeboren in den Niederlanden<\/p>\n<p>Studium der Kunst in Amsterdam und Maastricht<\/p>\n<p><strong>1948 \u00a0\u00a0\u00a0<\/strong><br \/>\nUmzug nach Paris, Mitarbeiter des B\u00fchnenbildners A.M. Cassendre<\/p>\n<p><strong>1954-1957<\/strong><br \/>\nFreischaffender Designer, B\u00fchnenbildner und Ausstellungsarchitekt<br \/>\nin Mailand<br \/>\nAuszeichnung mit der Goldmedaille bei der Mail\u00e4nder Triennale<\/p>\n<p><strong>1957<\/strong><br \/>\nR\u00fcckkehr nach Paris<\/p>\n<p><strong>1960<\/strong><br \/>\nerste gro\u00dfe Einzelausstellung in Paris<\/p>\n<p><strong>1964<\/strong><br \/>\nTeilnahme an der documenta III in Kassel und am Prix Marzotto in Italien<\/p>\n<p><strong>1965<\/strong><br \/>\nAufenthalte in den USA und Mexiko<\/p>\n<p><strong>1967-1968<\/strong><br \/>\nGastprofessur, Staatlichen Hochschule f\u00fcr Bildende Kunst Hamburg<\/p>\n<p><strong>1969 \u00a0\u00a0\u00a0\u00a0\u00a0\u00a0\u00a0\u00a0\u00a0<\/strong><br \/>\nDAAD-Stipendiat in Berlin<\/p>\n<p><strong>1970-1989<\/strong><br \/>\nHochschullehrer an der Hochschule der K\u00fcnste Berlin, jetzige UdK<\/p>\n<p><strong>1992<\/strong><br \/>\ngestorben in M\u00fcnchen<\/p>\n[\/vc_column_text][vc_empty_space height=&#8221;50&#8243; image_repeat=&#8221;no-repeat&#8221;][vc_column_text]\n<h2 style=\"text-align: left;\">Ausstellungen<\/h2>\n<p style=\"text-align: left;\">(E) Einzel\u00a0\u00a0\u00a0 (G) Gruppe<\/p>\n[\/vc_column_text][vc_empty_space height=&#8221;100&#8243; image_repeat=&#8221;no-repeat&#8221;][\/vc_column][\/vc_row][vc_row row_type=&#8221;row&#8221; use_row_as_full_screen_section=&#8221;no&#8221; type=&#8221;grid&#8221; in_content_menu=&#8221;&#8221; icon_pack=&#8221;font_awesome&#8221; text_align=&#8221;left&#8221; pattern_background=&#8221;&#8221; full_screen_section_height=&#8221;no&#8221; vertically_align_content_in_middle=&#8221;no&#8221; use_as_box=&#8221;&#8221; background_color=&#8221;#000000&#8243; logo_in_content_menu=&#8221;&#8221; content_menu_border_bottom=&#8221;&#8221; content_menu_border_style=&#8221;solid&#8221; box_shadow_on_row=&#8221;no&#8221; padding_top=&#8221;50&#8243; padding_bottom=&#8221;50&#8243;][vc_column width=&#8221;1\/1&#8243;][vc_column_text]\n<h1 style=\"text-align: left;\"><span style=\"color: #ffffff;\">Katalog<a id=\"katalog\"><\/a><\/span><\/h1>\n[\/vc_column_text][no_elements_holder number_of_columns=&#8221;one_column&#8221; items_float_left=&#8221;&#8221;][no_elements_holder_item aligment=&#8221;left&#8221; advanced_animations=&#8221;no&#8221; start_position=&#8221;bottom&#8221; end_position=&#8221;center&#8221;][vc_single_image image=&#8221;51869&#8243; border_color=&#8221;grey&#8221; img_link_large=&#8221;&#8221; img_link_target=&#8221;_self&#8221; link=&#8221;http:\/\/issuu.com\/galerievillakoeppe\/docs\/martin_engelman_le-pavillon-noir?e=7787003\/3871995&#8243;][\/no_elements_holder_item][\/no_elements_holder][\/vc_column][\/vc_row]\n<\/div>","protected":false},"excerpt":{"rendered":"<p>[vc_row row_type=&#8221;row&#8221; use_row_as_full_screen_section=&#8221;no&#8221; type=&#8221;full_width&#8221; header_style=&#8221;&#8221; anchor=&#8221;&#8221; in_content_menu=&#8221;&#8221; content_menu_title=&#8221;&#8221; icon_pack=&#8221;font_awesome&#8221; content_menu_fa_icon=&#8221;&#8221;&#8230;<\/p>\n","protected":false},"author":3,"featured_media":0,"parent":51001,"menu_order":1,"comment_status":"closed","ping_status":"closed","template":"full_width.php","meta":{"footnotes":""},"class_list":["post-52355","page","type-page","status-publish","hentry"],"_links":{"self":[{"href":"https:\/\/www.villa-koeppe.de\/en\/wp-json\/wp\/v2\/pages\/52355\/"}],"collection":[{"href":"https:\/\/www.villa-koeppe.de\/en\/wp-json\/wp\/v2\/pages\/"}],"about":[{"href":"https:\/\/www.villa-koeppe.de\/en\/wp-json\/wp\/v2\/types\/page\/"}],"author":[{"embeddable":true,"href":"https:\/\/www.villa-koeppe.de\/en\/wp-json\/wp\/v2\/users\/3\/"}],"replies":[{"embeddable":true,"href":"https:\/\/www.villa-koeppe.de\/en\/wp-json\/wp\/v2\/comments\/?post=52355"}],"version-history":[{"count":1,"href":"https:\/\/www.villa-koeppe.de\/en\/wp-json\/wp\/v2\/pages\/52355\/revisions\/"}],"predecessor-version":[{"id":52426,"href":"https:\/\/www.villa-koeppe.de\/en\/wp-json\/wp\/v2\/pages\/52355\/revisions\/52426\/"}],"up":[{"embeddable":true,"href":"https:\/\/www.villa-koeppe.de\/en\/wp-json\/wp\/v2\/pages\/51001\/"}],"wp:attachment":[{"href":"https:\/\/www.villa-koeppe.de\/en\/wp-json\/wp\/v2\/media\/?parent=52355"}],"curies":[{"name":"wp","href":"https:\/\/api.w.org\/{rel}","templated":true}]}}