{"id":52360,"date":"2015-06-08T10:23:36","date_gmt":"2015-06-08T08:23:36","guid":{"rendered":"https:\/\/www.villa-koeppe.de\/artists\/christian-roeckenschuss\/"},"modified":"2022-03-08T15:22:33","modified_gmt":"2022-03-08T14:22:33","slug":"christian-roeckenschuss","status":"publish","type":"page","link":"https:\/\/www.villa-koeppe.de\/en\/artists\/christian-roeckenschuss\/","title":{"rendered":"Christian Roeckenschuss"},"content":{"rendered":"<div class=\"wpb-content-wrapper\">[vc_row type=&#8221;grid&#8221; padding_bottom=&#8221;50&#8243;][vc_column][vc_column_text]<a href=\"#text\">Text<\/a> \/ <a href=\"#vita\">Biografie<\/a> \/ <a href=\"#Publikationen\">Publikationen<\/a>[\/vc_column_text][\/vc_column][\/vc_row][vc_row][vc_column]<div class='eltd_image_gallery_no_space  dark on_hover'><div class='eltd_image_gallery_holder' style='height: 500px;'><ul ><li><div style=\"height: 500px; width:502px;\"><a class=\"lightbox_single_portfolio\" rel=\"prettyPhoto[rel-1609382992]\" href=\"https:\/\/www.villa-koeppe.de\/wp-content\/uploads\/2021\/02\/christian_roeckenschuss-K333-1957-122x122cm.jpg\"><span class=\"holder\" style=\"background-color: rgba(255,255,255,0.3);\"><span class=\"outer\"><span class=\"inner\"><span class=\"title\" style=\"color:#000000;font-size:14px;\">Christian Roeckenschuss &#8211; K333, 1957, 122 x 122 cm, Holz, farbig gefasst<\/span><span class=\"separator\" style=\"background-color:#000000;opacity:1;\"><\/span><span class=\"description\" style=\"color:#000000;font-size:14px;\"><\/span><\/span><\/span><\/span><img decoding=\"async\" src=\"https:\/\/www.villa-koeppe.de\/wp-content\/uploads\/2021\/02\/christian_roeckenschuss-K333-1957-122x122cm.jpg\" alt=\"Christian Roeckenschuss - K333, 1957, 122 x 122 cm, Holz, farbig gefasst\"  \/><\/a><\/div><\/li><li><div style=\"height: 500px; width:250px;\"><a class=\"lightbox_single_portfolio\" rel=\"prettyPhoto[rel-1609382992]\" href=\"https:\/\/www.villa-koeppe.de\/wp-content\/uploads\/2021\/02\/Christian_Roeckenschuss-K516-38x79cm-1955-Holz_farbig_gefasst.jpg\"><span class=\"holder\" style=\"background-color: rgba(255,255,255,0.3);\"><span class=\"outer\"><span class=\"inner\"><span class=\"title\" style=\"color:#000000;font-size:14px;\">Christian Roeckenschuss | K518 \u2013 40 x 80 cm, 1955, Lack auf Holz<\/span><span class=\"separator\" style=\"background-color:#000000;opacity:1;\"><\/span><span class=\"description\" style=\"color:#000000;font-size:14px;\"><\/span><\/span><\/span><\/span><img decoding=\"async\" src=\"https:\/\/www.villa-koeppe.de\/wp-content\/uploads\/2021\/02\/Christian_Roeckenschuss-K516-38x79cm-1955-Holz_farbig_gefasst.jpg\" alt=\"Christian Roeckenschuss | K518 \u2013 40 x 80 cm, 1955, Lack auf Holz\"  \/><\/a><\/div><\/li><li><div style=\"height: 500px; width:499px;\"><a class=\"lightbox_single_portfolio\" rel=\"prettyPhoto[rel-1609382992]\" href=\"https:\/\/www.villa-koeppe.de\/wp-content\/uploads\/2021\/02\/Christian_Roeckenschuss-K370-140x140cm-Alkydharzfarbe_auf_Phenapan.jpg\"><span class=\"holder\" style=\"background-color: rgba(255,255,255,0.3);\"><span class=\"outer\"><span class=\"inner\"><span class=\"title\" style=\"color:#000000;font-size:14px;\">Christian Roeckenschuss | K370 \u2013 140 x 140 cm, Alkydharzfarbe auf Phenapan<\/span><span class=\"separator\" style=\"background-color:#000000;opacity:1;\"><\/span><span class=\"description\" style=\"color:#000000;font-size:14px;\"><\/span><\/span><\/span><\/span><img decoding=\"async\" src=\"https:\/\/www.villa-koeppe.de\/wp-content\/uploads\/2021\/02\/Christian_Roeckenschuss-K370-140x140cm-Alkydharzfarbe_auf_Phenapan.jpg\" alt=\"Christian Roeckenschuss | K370 \u2013 140 x 140 cm, Alkydharzfarbe auf Phenapan\"  \/><\/a><\/div><\/li><li><div style=\"height: 500px; width:502px;\"><a class=\"lightbox_single_portfolio\" rel=\"prettyPhoto[rel-1609382992]\" href=\"https:\/\/www.villa-koeppe.de\/wp-content\/uploads\/2021\/02\/Christian_Roeckenschuss-K371-140x140cm.jpg\"><span class=\"holder\" style=\"background-color: rgba(255,255,255,0.3);\"><span class=\"outer\"><span class=\"inner\"><span class=\"title\" style=\"color:#000000;font-size:14px;\">Christian Roeckenschuss | K371 \u2013 140 x 140 cm, Alkydharzfarbe auf Phenapan<\/span><span class=\"separator\" style=\"background-color:#000000;opacity:1;\"><\/span><span class=\"description\" style=\"color:#000000;font-size:14px;\"><\/span><\/span><\/span><\/span><img decoding=\"async\" src=\"https:\/\/www.villa-koeppe.de\/wp-content\/uploads\/2021\/02\/Christian_Roeckenschuss-K371-140x140cm.jpg\" alt=\"Christian Roeckenschuss | K371 \u2013 140 x 140 cm, Alkydharzfarbe auf Phenapan\"  \/><\/a><\/div><\/li><li><div style=\"height: 500px; width:501px;\"><a class=\"lightbox_single_portfolio\" rel=\"prettyPhoto[rel-1609382992]\" href=\"https:\/\/www.villa-koeppe.de\/wp-content\/uploads\/2021\/02\/Christian_Roeckenschuss-K375-140x140cm-gerahmt.jpg\"><span class=\"holder\" style=\"background-color: rgba(255,255,255,0.3);\"><span class=\"outer\"><span class=\"inner\"><span class=\"title\" style=\"color:#000000;font-size:14px;\">Christian Roeckenschuss | K375 \u2013 140 x 140 cm, Alkydharzfarbe auf Phenapan-K375-140x140cm-gerahmt<\/span><span class=\"separator\" style=\"background-color:#000000;opacity:1;\"><\/span><span class=\"description\" style=\"color:#000000;font-size:14px;\"><\/span><\/span><\/span><\/span><img decoding=\"async\" src=\"https:\/\/www.villa-koeppe.de\/wp-content\/uploads\/2021\/02\/Christian_Roeckenschuss-K375-140x140cm-gerahmt.jpg\" alt=\"Christian Roeckenschuss | K375 \u2013 140 x 140 cm, Alkydharzfarbe auf Phenapan\"  \/><\/a><\/div><\/li><li><div style=\"height: 500px; width:327px;\"><a class=\"lightbox_single_portfolio\" rel=\"prettyPhoto[rel-1609382992]\" href=\"https:\/\/www.villa-koeppe.de\/wp-content\/uploads\/2021\/02\/roeckenschuss_1975.jpg\"><span class=\"holder\" style=\"background-color: rgba(255,255,255,0.3);\"><span class=\"outer\"><span class=\"inner\"><span class=\"title\" style=\"color:#000000;font-size:14px;\">Christian Roeckenschuss &#8211; Portrait, 1975<\/span><span class=\"separator\" style=\"background-color:#000000;opacity:1;\"><\/span><span class=\"description\" style=\"color:#000000;font-size:14px;\"><\/span><\/span><\/span><\/span><img decoding=\"async\" src=\"https:\/\/www.villa-koeppe.de\/wp-content\/uploads\/2021\/02\/roeckenschuss_1975.jpg\" alt=\"Christian Roeckenschuss - Portrait, 1975\"  \/><\/a><\/div><\/li><\/ul><\/div><div class=\"controls\"><a class=\"prev-slide\" href=\"#\"><span class=\"arrow_carrot-left\"><\/span><\/a><a class=\"next-slide\" href=\"#\"><span class=\"arrow_carrot-right\"><\/span><\/a><\/div><\/div>[vc_empty_space height=&#8221;75&#8243;][\/vc_column][\/vc_row][vc_row type=&#8221;grid&#8221;][vc_column][vc_column_text]\n<h1 style=\"text-align: left;\"><a id=\"text\"><\/a>Christian Roeckenschuss<\/h1>\n[\/vc_column_text][vc_empty_space height=&#8221;20&#8243;][vc_column_text]Christian Roeckenschuss geh\u00f6rt zur ersten Generation der Nachkriegskonkreten. Sp\u00e4testens ab Mitte der 1970er Jahre kreiste mit seinen Farbstreifen\u00adverl\u00e4ufen \u2013 den S\u00e9quences Chromatiques \u2013 alles um die Erforschung von Farbwirkungen. Zunehmend verband Roeckenschuss die S\u00e9quences Chromatiques mit individualistischen Denkans\u00e4tzen. Dieser pers\u00f6nliche Aspekt r\u00e4umt den S\u00e9quences Chromatiques eine Sonderstellung in der Konkreten Kunst ein.<\/p>\n<div id=\"pressrelease-link-52360\" class=\"sh-link pressrelease-link sh-hide\"><a href=\"#\" onclick=\"showhide_toggle('pressrelease', 52360, 'Weiterlesen ...', 'Einklappen'); return false;\" aria-expanded=\"false\"><span id=\"pressrelease-toggle-52360\">Weiterlesen ...<\/span><\/a><\/div><div id=\"pressrelease-content-52360\" class=\"sh-content pressrelease-content sh-hide\" style=\"display: none;\">\n<p>Bereits an der Hochschule f\u00fcr Bildende K\u00fcnste formte Roeckenschuss Mitte der 50er Jahre sein vom Gegenstand befreites minimalistisches Kunstkonzept aus. Wesentliche Anst\u00f6\u00dfe dazu erhielt er durch Kontakte zur Avantgarde in Deutschland, Frankreich und Italien.<\/p>\n<p>Roeckenschuss\u2018 k\u00fcnstlerisches Anliegen zielte darauf ab, \u201e\u00fcber das Ger\u00fcst von Geometrie und serieller Gestaltformen einen pers\u00f6nlichen Ausdruck\u201c zu finden. Roeckenschuss sprach von einer \u201eVision des Universalen\u201c. Schon zu Beginn seiner Karriere stellte er gemeinsam mit K\u00fcnstlern wie Georg Baselitz, Heinz Mack, Otto Piene, G\u00fcnther Uecker, Sigmar Polke und Gerhard Richter aus.<\/p>\n<p>Christian Roeckenschuss erreichte infolge zahlreicher Auslands\u00adaus\u00adstel\u00adlungen und durch die Aufnahme seiner Arbeiten in bedeutende Sammlungen internationale Anerkennung. Seine Bedeutung f\u00fcr die Konkrete Kunst und den Minimalismus wurde unter anderem durch Aus\u00adstel\u00adlungen im Mies-van-der-Rohe-Haus Berlin, der Daimler Art Collection Berlin sowie durch Ank\u00e4ufe \u2013 unter anderem durch das Museum of Modern Art (New York), das Museum f\u00fcr Konkrete Kunst (Ingolstadt) und durch die Daimler Art Collection (Berlin) \u2013 hervorgehoben. <\/div>\n<p>Andr\u00e9 Lindhorst, 2018[\/vc_column_text][vc_empty_space height=&#8221;50&#8243;][\/vc_column][\/vc_row][vc_row type=&#8221;grid&#8221;][vc_column][vc_column_text]\n<h1 style=\"text-align: left;\"><a id=\"vita\"><\/a>Biografie<\/h1>\n[\/vc_column_text][vc_empty_space height=&#8221;50&#8243;][vc_column_text]\n<h2 style=\"text-align: left;\">Vita<\/h2>\n<div id=\"c1d72inlineContent\" class=\"s9inlineContent\" data-reactid=\".0.$SITE_ROOT.$desktop_siteRoot.$PAGES_CONTAINER.1.1.$SITE_PAGES.$c1d72.1\"><\/div>\n<div id=\"i0xytxxy\" class=\"s1\" data-reactid=\".0.$SITE_ROOT.$desktop_siteRoot.$PAGES_CONTAINER.1.1.$SITE_PAGES.$c1d72.1.$i0xytxxy\">\n<p class=\"font_8\"><strong>1929<\/strong><br \/>\nIn Dresden geboren<\/p>\n<p class=\"font_8\"><strong>1948\/51<\/strong><br \/>\nMusikstudium in Dresden<\/p>\n<p class=\"font_8\"><strong>1951\/57<\/strong><br \/>\nStudium der Malerei an der Hochschule f\u00fcr Bildende K\u00fcnste, Berlin bei Hans Uhlmann und Alexander Camaro<\/p>\n<p class=\"font_8\"><strong>1956<\/strong><br \/>\nStipendium des Institut Fran\u00e7ais, Berlin f\u00fcr einen Studienaufenthalt in Paris<\/p>\n<p class=\"font_7\"><strong>1963<\/strong><br \/>\nKunstpreis vom Kulturkreis im Bundesverband derDeutschen Industrie, K\u00f6ln, anl\u00e4sslich der ,ars viva&#8217;<\/p>\n<p class=\"font_7\"><strong>1964<\/strong><br \/>\nEinladung in die USA und Studienreise nach Mexiko<\/p>\n<p class=\"font_8\"><strong>2011<\/strong><br \/>\nIn Berlin gestorben<\/p>\n<\/div>\n[\/vc_column_text][vc_empty_space height=&#8221;50&#8243;][vc_column_text]\n<h2 style=\"text-align: left;\">Ausstellungen<\/h2>\n<p>siehe <a href=\"https:\/\/www.roeckenschuss.com\/ausstellungen\" target=\"_blank\" rel=\"noopener noreferrer\">www.roeckenschuss.com<\/a>[\/vc_column_text][vc_empty_space height=&#8221;70&#8243;][\/vc_column][\/vc_row][vc_row type=&#8221;grid&#8221;][vc_column][vc_column_text]\n<h2><span style=\"color: #000000;\"><a id=\"Publikationen\"><\/a>Publikationen<\/span><\/h2>\n[\/vc_column_text][\/vc_column][\/vc_row][vc_row][vc_column][vc_empty_space height=&#8221;30&#8243;][\/vc_column][\/vc_row][vc_row type=&#8221;grid&#8221;][vc_column width=&#8221;1\/5&#8243;][vc_single_image image=&#8221;56786&#8243; onclick=&#8221;custom_link&#8221; img_link_target=&#8221;_blank&#8221; link=&#8221;https:\/\/www.villa-koeppe.de\/wp-content\/uploads\/2021\/02\/Christian_Roeckenschuss-KoeppeContemporary-2020-web.pdf&#8221;][vc_column_text]<strong>Roeckenschuss<\/strong><\/p>\n<p>Brosch\u00fcre<br \/>\n(Erschienen Dez. 2020)<\/p>\n<p><a href=\"https:\/\/www.villa-koeppe.de\/wp-content\/uploads\/2021\/02\/Christian_Roeckenschuss-KoeppeContemporary-2020-web.pdf\" target=\"_blank\" rel=\"noopener\">PDF (Download)<\/a><\/p>\n<p><a href=\"https:\/\/online.fliphtml5.com\/ensic\/bkfa\/\">Online-Publikation<\/a>[\/vc_column_text][\/vc_column][vc_column width=&#8221;1\/5&#8243;][vc_single_image image=&#8221;56796&#8243; img_size=&#8221;141&#215;200&#8243; onclick=&#8221;custom_link&#8221; img_link_target=&#8221;_blank&#8221; link=&#8221;https:\/\/issuu.com\/galerievillakoeppe\/docs\/christian_roeckenschuss-daswerk-i-2_f8e2710eb48ef0&#8243;][vc_column_text]<strong>Roeckenschuss<\/strong><\/p>\n<p>Das Werk I<br \/>\n(1948\u20131970)<\/p>\n<p><a href=\"https:\/\/www.villa-koeppe.de\/wp-content\/uploads\/2021\/02\/Christian_Roeckenschuss-KoeppeContemporary-2020-web.pdf\">PDF<\/a> (Download: 9 MB)<\/p>\n<p><a href=\"https:\/\/issuu.com\/galerievillakoeppe\/docs\/christian_roeckenschuss-daswerk-i-2_f8e2710eb48ef0\">Online-Publikation<\/a>[\/vc_column_text][\/vc_column][vc_column width=&#8221;1\/5&#8243;][vc_single_image image=&#8221;56794&#8243; img_size=&#8221;141&#215;200&#8243; onclick=&#8221;custom_link&#8221; link=&#8221;https:\/\/issuu.com\/galerievillakoeppe\/docs\/christian_roeckenschuss-daswerk-i-2&#8243;][vc_column_text]<strong>Roeckenschuss<\/strong><\/p>\n<p>Das Werk II<br \/>\n(1970\u20132011)<\/p>\n<p><a href=\"https:\/\/www.villa-koeppe.de\/wp-content\/uploads\/2018\/06\/Christian_Roeckenschuss-DasWerk-II-20180604-OnlinePub-DS.pdf\">PDF<\/a> (Download: 6 MB)<\/p>\n<p><a href=\"https:\/\/issuu.com\/galerievillakoeppe\/docs\/christian_roeckenschuss-daswerk-i-2\">Online-Publikation<\/a>[\/vc_column_text][\/vc_column][vc_column width=&#8221;1\/5&#8243;][vc_single_image image=&#8221;56798&#8243; img_size=&#8221;141&#215;200&#8243; onclick=&#8221;custom_link&#8221; link=&#8221;https:\/\/issuu.com\/galerievillakoeppe\/docs\/christian_roeckenschuss-kunstimoeff&#8221;][vc_column_text]<strong>Roeckenschuss<\/strong><\/p>\n<p class=\"font_8\">\u200b\u200b\u200b\u200b\u200b\u200b\u200b\u200b\u200b\u200bKunst Im \u00d6ffentlichen Raum<\/p>\n<p><a href=\"http:\/\/www.villa-koeppe.de\/wp-content\/uploads\/2018\/05\/Christian_Roeckenschuss-KunstImOeffentlichenRaum-OnlinePub-DS.pdf\">PDF<\/a> (Download: 8 MB)<\/p>\n<p><a href=\"https:\/\/issuu.com\/galerievillakoeppe\/docs\/christian_roeckenschuss-kunstimoeff\">Online-Publikation<\/a>[\/vc_column_text][\/vc_column][vc_column width=&#8221;1\/5&#8243;][vc_single_image image=&#8221;56800&#8243; img_size=&#8221;141&#215;200&#8243; onclick=&#8221;custom_link&#8221; link=&#8221;https:\/\/issuu.com\/galerievillakoeppe\/docs\/christian_roeckenschuss-vom_entwurf_zum_werk-es&#8221;][vc_column_text]<strong>Roeckenschuss<\/strong><\/p>\n<p class=\"font_8\">Vom Entwurf zum Werk<\/p>\n<p><a href=\"https:\/\/www.villa-koeppe.de\/wp-content\/uploads\/2019\/12\/Christian_Roeckenschuss-Vom_Entwurf_zum_Werk-.pdf\">PDF<\/a> (Download: 15MB)<\/p>\n<p><a href=\"https:\/\/issuu.com\/galerievillakoeppe\/docs\/christian_roeckenschuss-vom_entwurf_zum_werk-es\">Online-Publikation<\/a>[\/vc_column_text][\/vc_column][\/vc_row][vc_row][vc_column][vc_empty_space height=&#8221;100px&#8221;][\/vc_column][\/vc_row]\n<\/div>","protected":false},"excerpt":{"rendered":"<p>[vc_row type=&#8221;grid&#8221; padding_bottom=&#8221;50&#8243;][vc_column][vc_column_text]Text \/ Biografie \/ Publikationen[\/vc_column_text][\/vc_column][\/vc_row][vc_row][vc_column][vc_empty_space height=&#8221;75&#8243;][\/vc_column][\/vc_row][vc_row type=&#8221;grid&#8221;][vc_column][vc_column_text] Christian&#8230;<\/p>\n","protected":false},"author":1,"featured_media":52362,"parent":51001,"menu_order":2,"comment_status":"closed","ping_status":"closed","template":"full_width.php","meta":{"footnotes":""},"class_list":["post-52360","page","type-page","status-publish","has-post-thumbnail","hentry"],"_links":{"self":[{"href":"https:\/\/www.villa-koeppe.de\/en\/wp-json\/wp\/v2\/pages\/52360\/"}],"collection":[{"href":"https:\/\/www.villa-koeppe.de\/en\/wp-json\/wp\/v2\/pages\/"}],"about":[{"href":"https:\/\/www.villa-koeppe.de\/en\/wp-json\/wp\/v2\/types\/page\/"}],"author":[{"embeddable":true,"href":"https:\/\/www.villa-koeppe.de\/en\/wp-json\/wp\/v2\/users\/1\/"}],"replies":[{"embeddable":true,"href":"https:\/\/www.villa-koeppe.de\/en\/wp-json\/wp\/v2\/comments\/?post=52360"}],"version-history":[{"count":30,"href":"https:\/\/www.villa-koeppe.de\/en\/wp-json\/wp\/v2\/pages\/52360\/revisions\/"}],"predecessor-version":[{"id":57746,"href":"https:\/\/www.villa-koeppe.de\/en\/wp-json\/wp\/v2\/pages\/52360\/revisions\/57746\/"}],"up":[{"embeddable":true,"href":"https:\/\/www.villa-koeppe.de\/en\/wp-json\/wp\/v2\/pages\/51001\/"}],"wp:featuredmedia":[{"embeddable":true,"href":"https:\/\/www.villa-koeppe.de\/en\/wp-json\/wp\/v2\/media\/52362\/"}],"wp:attachment":[{"href":"https:\/\/www.villa-koeppe.de\/en\/wp-json\/wp\/v2\/media\/?parent=52360"}],"curies":[{"name":"wp","href":"https:\/\/api.w.org\/{rel}","templated":true}]}}