{"id":52370,"date":"2015-08-25T16:24:33","date_gmt":"2015-08-25T14:24:33","guid":{"rendered":"https:\/\/www.villa-koeppe.de\/artists\/jim_avignon\/"},"modified":"2021-06-05T15:00:44","modified_gmt":"2021-06-05T13:00:44","slug":"jim_avignon","status":"publish","type":"page","link":"https:\/\/www.villa-koeppe.de\/en\/artists\/jim_avignon\/","title":{"rendered":"Jim Avignon"},"content":{"rendered":"<div class=\"wpb-content-wrapper\">[vc_row type=&#8221;grid&#8221; padding_bottom=&#8221;50&#8243;][vc_column][vc_column_text]<a href=\"#showroom\">Showroom<\/a> | <a href=\"#text\">Text<\/a> |\u00a0<a href=\"#biografie\">Vita<\/a> |\u00a0<a href=\"#Publikationen\">Publikationen<\/a>[\/vc_column_text][\/vc_column][\/vc_row][vc_row][vc_column]<div class='eltd_image_gallery_no_space  dark on_hover'><div class='eltd_image_gallery_holder' style='height: 500px;'><ul ><li><div style=\"height: 500px; width:747px;\"><a class=\"lightbox_single_portfolio\" rel=\"prettyPhoto[rel-1337375655]\" href=\"https:\/\/www.villa-koeppe.de\/wp-content\/uploads\/2018\/12\/remains-of-the-night.jpg\"><span class=\"holder\" style=\"background-color: rgba(255,255,255,0.3);\"><span class=\"outer\"><span class=\"inner\"><span class=\"title\" style=\"color:#000000;font-size:20px;\">Jim Avignon | remains of the night, Mischtechnik \/ Papier, 2018<\/span><span class=\"separator\" style=\"background-color:#000000;opacity:1;\"><\/span><span class=\"description\" style=\"color:#000000;font-size:14px;\"><\/span><\/span><\/span><\/span><img decoding=\"async\" src=\"https:\/\/www.villa-koeppe.de\/wp-content\/uploads\/2018\/12\/remains-of-the-night.jpg\" alt=\"Jim Avignon | remains of the night, Mischtechnik \/ Papier, 2018\"  \/><\/a><\/div><\/li><li><div style=\"height: 500px; width:335px;\"><a class=\"lightbox_single_portfolio\" rel=\"prettyPhoto[rel-1337375655]\" href=\"https:\/\/www.villa-koeppe.de\/wp-content\/uploads\/2021\/06\/catwalk.jpg\"><span class=\"holder\" style=\"background-color: rgba(255,255,255,0.3);\"><span class=\"outer\"><span class=\"inner\"><span class=\"title\" style=\"color:#000000;font-size:20px;\">Jim Avignon \u2013 Catwalk \u2013 2020, 41 x 27 cm, Acryl und Bleistift \/ Karton<\/span><span class=\"separator\" style=\"background-color:#000000;opacity:1;\"><\/span><span class=\"description\" style=\"color:#000000;font-size:14px;\"><\/span><\/span><\/span><\/span><img decoding=\"async\" src=\"https:\/\/www.villa-koeppe.de\/wp-content\/uploads\/2021\/06\/catwalk.jpg\" alt=\"Jim Avignon \u2013 Catwalk \u2013 2020, 41 x 27 cm, Acryl und Bleistift \/ Karton\"  \/><\/a><\/div><\/li><li><div style=\"height: 500px; width:704px;\"><a class=\"lightbox_single_portfolio\" rel=\"prettyPhoto[rel-1337375655]\" href=\"https:\/\/www.villa-koeppe.de\/wp-content\/uploads\/2021\/02\/Nachtwache-300x235cm-2014-Mischtechnik_Papier_web.jpg\"><span class=\"holder\" style=\"background-color: rgba(255,255,255,0.3);\"><span class=\"outer\"><span class=\"inner\"><span class=\"title\" style=\"color:#000000;font-size:20px;\">Jim Avignon | Nachtwache &#8211; 300 x 235 cm, 2014, Mischtechnik auf Papier<\/span><span class=\"separator\" style=\"background-color:#000000;opacity:1;\"><\/span><span class=\"description\" style=\"color:#000000;font-size:14px;\"><\/span><\/span><\/span><\/span><img decoding=\"async\" src=\"https:\/\/www.villa-koeppe.de\/wp-content\/uploads\/2021\/02\/Nachtwache-300x235cm-2014-Mischtechnik_Papier_web.jpg\" alt=\"Jim Avignon | Nachtwache - 300 x 235 cm, 2014, Mischtechnik auf Papier\"  \/><\/a><\/div><\/li><li><div style=\"height: 500px; width:344px;\"><a class=\"lightbox_single_portfolio\" rel=\"prettyPhoto[rel-1337375655]\" href=\"https:\/\/www.villa-koeppe.de\/wp-content\/uploads\/2021\/02\/Karriereleiter.jpg\"><span class=\"holder\" style=\"background-color: rgba(255,255,255,0.3);\"><span class=\"outer\"><span class=\"inner\"><span class=\"title\" style=\"color:#000000;font-size:20px;\">Jim Avignon | Karriereleiter \u2013 220 x 150 cm, 2018, Mischtechnik auf Papier<\/span><span class=\"separator\" style=\"background-color:#000000;opacity:1;\"><\/span><span class=\"description\" style=\"color:#000000;font-size:14px;\"><\/span><\/span><\/span><\/span><img decoding=\"async\" src=\"https:\/\/www.villa-koeppe.de\/wp-content\/uploads\/2021\/02\/Karriereleiter.jpg\" alt=\"Jim Avignon | Karriereleiter \u2013 220 x 150 cm, 2018, Mischtechnik auf Papier\"  \/><\/a><\/div><\/li><li><div style=\"height: 500px; width:343px;\"><a class=\"lightbox_single_portfolio\" rel=\"prettyPhoto[rel-1337375655]\" href=\"https:\/\/www.villa-koeppe.de\/wp-content\/uploads\/2021\/02\/The-american-way-of-life-web.jpg\"><span class=\"holder\" style=\"background-color: rgba(255,255,255,0.3);\"><span class=\"outer\"><span class=\"inner\"><span class=\"title\" style=\"color:#000000;font-size:20px;\">The American Way Of Life \u2013 220 x 150 cm, 2018, Mischtechnik auf Papier<\/span><span class=\"separator\" style=\"background-color:#000000;opacity:1;\"><\/span><span class=\"description\" style=\"color:#000000;font-size:14px;\"><\/span><\/span><\/span><\/span><img decoding=\"async\" src=\"https:\/\/www.villa-koeppe.de\/wp-content\/uploads\/2021\/02\/The-american-way-of-life-web.jpg\" alt=\"The American Way Of Life \u2013 220 x 150 cm, 2018, Mischtechnik auf Papier\"  \/><\/a><\/div><\/li><li><div style=\"height: 500px; width:355px;\"><a class=\"lightbox_single_portfolio\" rel=\"prettyPhoto[rel-1337375655]\" href=\"https:\/\/www.villa-koeppe.de\/wp-content\/uploads\/2021\/02\/portraitweb.jpg\"><span class=\"holder\" style=\"background-color: rgba(255,255,255,0.3);\"><span class=\"outer\"><span class=\"inner\"><span class=\"title\" style=\"color:#000000;font-size:20px;\">Jim Avignon | Portrait<\/span><span class=\"separator\" style=\"background-color:#000000;opacity:1;\"><\/span><span class=\"description\" style=\"color:#000000;font-size:14px;\"><\/span><\/span><\/span><\/span><img decoding=\"async\" src=\"https:\/\/www.villa-koeppe.de\/wp-content\/uploads\/2021\/02\/portraitweb.jpg\" alt=\"\"  \/><\/a><\/div><\/li><\/ul><\/div><div class=\"controls\"><a class=\"prev-slide\" href=\"#\"><span class=\"arrow_carrot-left\"><\/span><\/a><a class=\"next-slide\" href=\"#\"><span class=\"arrow_carrot-right\"><\/span><\/a><\/div><\/div>[vc_empty_space height=&#8221;75&#8243;][\/vc_column][\/vc_row][vc_row type=&#8221;grid&#8221;][vc_column][vc_column_text]\n<h1 style=\"text-align: left;\"><a id=\"showroom\"><\/a>Jim Avignon | Showroom<\/h1>\n[\/vc_column_text][vc_empty_space height=&#8221;20&#8243;][vc_column_text]Hier finden Sie eine Auswahl von Arbeiten des K\u00fcnstlers Jim Avignon. Sie k\u00f6nnen \u00fcber den Men\u00fc Button oben rechts im Bild auch auf Vollbild umschalten, eine Tour starten oder sich die Liste der Arbeiten anzeigen lassen.[\/vc_column_text][vc_empty_space height=&#8221;20&#8243;][vc_column_text]\n[\/vc_column_text][\/vc_column][\/vc_row][vc_row type=&#8221;grid&#8221;][vc_column][vc_raw_html]JTNDJTIxLS1iZWdpbiUyMGt1bnN0bWF0cml4LS0lM0UlMjAlM0NpZnJhbWUlMjBhbGxvd2Z1bGxzY3JlZW4lM0QlMjJ0cnVlJTIyJTIwZnJhbWVib3JkZXIlM0QlMjIwJTIyJTIwc2Nyb2xsaW5nJTNEJTIybm8lMjIlMjBzcmMlM0QlMjJodHRwcyUzQSUyRiUyRmFydC5rdW5zdG1hdHJpeC5jb20lMkZhcHBzJTJGYXJ0c3BhY2VzJTJGaW5kZXguaHRtbCUzRmV4dGVybmFsJTNEdHJ1ZSUyNnNwbGFzaHNjcmVlbiUzRHRydWUlMjZsYW5ndWFnZSUzRGRlJTI2dWlkJTNENDE3OTclMjZleGhpYml0aW9uJTNENDQ1NzM4MiUyMiUyMHdpZHRoJTNEJTIyMTAwJTI1JTIyJTIwaGVpZ2h0JTNEJTIyNDAwJTIyJTNFJTNDJTJGaWZyYW1lJTNFJTNDJTIxLS1lbmQlMjBrdW5zdG1hdHJpeC0tJTNF[\/vc_raw_html][vc_empty_space][\/vc_column][\/vc_row][vc_row type=&#8221;grid&#8221;][vc_column][vc_empty_space height=&#8221;30&#8243;][vc_column_text]\n<h1 style=\"text-align: left;\"><a id=\"text\"><\/a>Jim Avignon<\/h1>\n[\/vc_column_text][vc_empty_space height=&#8221;15&#8243;][vc_column_text]Als echter Allround-K\u00fcnstler \u2013 als Maler, Zeichner, Musiker, Trickfilmer, Performer, Veranstalter von Aktionskunst-Projekten und Happenings unter anderem in New York und Berlin \u2013 hat sich Avignon in nur wenigen Jahren international einen Namen gemacht.<\/p>\n<div id=\"pressrelease-link-52370\" class=\"sh-link pressrelease-link sh-hide\"><a href=\"#\" onclick=\"showhide_toggle('pressrelease', 52370, 'Weiterlesen ...', 'Einklappen'); return false;\" aria-expanded=\"false\"><span id=\"pressrelease-toggle-52370\">Weiterlesen ...<\/span><\/a><\/div><div id=\"pressrelease-content-52370\" class=\"sh-content pressrelease-content sh-hide\" style=\"display: none;\">\n<p>Jim Avignon z\u00e4hlt zu den ungew\u00f6hnlichsten Akteuren der Kunstszene. In seinen Motiven und Themen spiegelt sich ein offenes und vorbehaltloses Interesse an allen Aspekten des Alltagslebens. Mit seiner eigenwilligen Bildsprache thematisiert Avignon ab den 1990er Jahren als Shooting-Star das Lebensgef\u00fchl einer multinationalen Gesellschaft. \u201eKaum ein K\u00fcnstler wird so mit Berlin identifiziert wie Jim Avignon\u201c, schrieb 2019 der Tagesspiegel.<\/p>\n<p>Der etablierte Kunstbetrieb und eine lineare Karriere interessieren den K\u00fcnstler herzlich wenig. Er bezeichnet sich selbst als einen Abenteurer, der in erster Linie seiner Neugier folgt. Kunst ist f\u00fcr ihn Kommunikation und Austausch. Symptomatisch sind beispielsweise die interaktiven Elemente seiner Kunst, etwa die seiner weltweiten Street-Art-Aktivit\u00e4ten.<\/p>\n<p>Seine Themen realisiert Jim Avignon mit Mitteln der Groteske, der Satire und der Karikatur zwischen schwarzem Humor, Poesie und politischem Ernst. Dabei mischt der K\u00fcnstler unbek\u00fcmmert Stilistiken der Werbung, der Plakatkunst, des Comics, des Graffiti und der klassischen Malerei zu einer \u201eenergetischen und farbenfrohen (Aktions-)Kunst, die den Nerv unserer Zeit trifft\u201c (Art Profil, 2014, Nr. 102). Jim Avignon ist Chronist des urbanen Lebens. In seinen Themen spiegeln sich die Lust und die Zw\u00e4nge des Gro\u00dfstadtlebens ebenso wie die politischen Nuancen globaler oder deutsch-europ\u00e4ischer Verh\u00e4ltnisse und Konflikten, die die Welt ersch\u00fctterten.<\/p>\n<p>Motivkreisen wie Liebe, Sexualit\u00e4t und Tod stehen Themen des gesellschaftlichen Wandels gegen\u00fcber. Neben den Milieustudien und der Besch\u00e4ftigung mit der eigenen Biografie sowie den politischen Serien, steht die Auseinandersetzung mit der Kunstgeschichte und der Comic-Kultur. Das \u00dcberschreiten der Grenzen durch erweiterte Formen der k\u00fcnstlerischen \u00d6ffentlichkeit zeichnet Jim Avignon aus. Er ist ein multitalentierter Kommunikator, der mit klaren Botschaften ein kunstinteressiertes Publikum ebenso erreicht wie kunstferne Besucherschichten.<\/p>\n<p>Andr\u00e9 Lindhorst, 2020<br \/>\n(unter Verwendung von Texten Jim Avignons)<\/p>\n<\/div>[\/vc_column_text][vc_empty_space height=&#8221;50&#8243;][\/vc_column][\/vc_row][vc_row type=&#8221;grid&#8221;][vc_column][vc_column_text]\n<h2 style=\"text-align: left;\"><a id=\"biografie\"><\/a>Vita<\/h2>\n<p class=\"bodytext\"><b>1966<br \/>\n<\/b>geboren in M\u00fcnchen<\/p>\n<p class=\"bodytext\"><b>2006-2012<br \/>\n<\/b>Umzug nach New York, Brooklyn<\/p>\n<p class=\"bodytext\">Lebt und arbeitet in Berlin<\/p>\n[\/vc_column_text][vc_empty_space height=&#8221;50&#8243;][vc_column_text]\n<h3>Ausstellungen \/ Live Paintings<\/h3>\n[\/vc_column_text][vc_empty_space height=&#8221;30&#8243;][vc_column_text]<div class=\"bg-margin-for-link\"><input type='hidden' bg_collapse_expand='69de08bd960585004682080' value='69de08bd960585004682080'><input type='hidden' id='bg-show-more-text-69de08bd960585004682080' value='Ausklappen'><input type='hidden' id='bg-show-less-text-69de08bd960585004682080' value='Einklappen'><a id='bg-showmore-action-69de08bd960585004682080' class='bg-showmore-plg-link  '  style=\" color:#e0310d;;\" href='#'>Ausklappen<\/a><div id='bg-showmore-hidden-69de08bd960585004682080' >\n<p style=\"text-align: left\"><strong>Einzelausstellungen (Auswahl) \/ Solo Exhibitions (selection)<\/strong><\/p>\n<p>1995<br \/>\nGet rich with art \/ Kunsthalle Schirn Frankfurt<\/p>\n<p>1997<br \/>\nPlug in \/ National Art Club, New York<\/p>\n<p>2002<br \/>\nThe sudden end of new economy, Galerie Wewerka, Berlin<\/p>\n<p>2003<br \/>\nAt home with me \/Museum of modern Art, Jyv\u00e4skyl\u00e4, Finland<\/p>\n<p>2004<br \/>\nIt&#8217;s not easy being easy \/Galerie Asperger, Berlin<\/p>\n<p>2005<br \/>\nCrazy patterns of life \/ Galerie Sch\u00fcppenhauer, K\u00f6ln<\/p>\n<p>2006<br \/>\nLa Quenta por favor\/ Art factory , Paris<\/p>\n<p>2007<br \/>\nMuseum junge Kunst, Klagenfurt<br \/>\nWittgensteins wallet \/ Gallery Iguapop, Barcelona<\/p>\n<p>2008<br \/>\nUnreal Estate \/ Galerie Heitsch, M\u00fcnchen<br \/>\nSmall World-big cities\/ Rojo Artspace Sao Paulo<\/p>\n<p>2009<br \/>\nDer Aufstand der Dinge\/ Galerie Sakamoto-contemporary, Berlin<br \/>\nAnxiety room \/ Factory Fresh w Jon Burgerman, New York<\/p>\n<p>2011<br \/>\nMe &amp; the Establishment \/ Haus am L\u00fctzowplatz, Berlin<\/p>\n<p>2013<br \/>\ndie Stimme der Unvernunft, Galerie teapot, K\u00f6ln<\/p>\n<p>2014<br \/>\nDer Kontrakt des Zeichners, Galerie Heitsch, M\u00fcnchen<br \/>\nCity of strangers, Galerie Neurotitan Berlin<\/p>\n<p>2015<br \/>\nFamous for 15 seconds \/ Galerie Feinkunst Kr\u00fcger, Hamburg<br \/>\nWhy so serious \/ Galerie Krebs<\/p>\n<p>2017<br \/>\n24 hour arty people \/ 24 Stunden Live-Malperformance<br \/>\nHighway to Hello \/ Die Kunstagentin, K\u00f6ln<br \/>\nPermanent Jetlag \/ Urban Spree, Berlin<br \/>\nNeo : interpretiert \/ St\u00e4dt. Galerie B\u00f6blingen<\/p>\n<p>2018<br \/>\nRemains of the night \/ Galerie K\u00f6ppe Contemporary, Berlin<br \/>\nHeadlines &amp; Deadlines \/ Kunsthalle Ravensburg<br \/>\nA bigger brother \/ Museum f\u00fcr Kommunikation, Frankfurt<\/p>\n<p>2019<br \/>\nBlackmarket \/ 5 Tage Mal-Performance, Kunstmesse Karlsruhe<br \/>\nPortraits v Exzentrikern \/ Literaturhaus Stuttgart<\/p>\n<p>2020<br \/>\nTomorrow Never Know, mit Julia Benz, K\u00f6ppe Contemporary Berlin<\/p>\n<p><strong><br \/>\nGruppenausstellungen (Auswahl) \/ Group Shows (selection)<\/strong><\/p>\n<p>1994<br \/>\nX 94 \/Akademie der K\u00fcnste Berlin<\/p>\n<p>1997<br \/>\nMutanten \/ NRW Forum D\u00fcsseldorf<\/p>\n<p>2007<br \/>\nEurope-Blinddate Festival f\u00fcr Goethe Institut New York<\/p>\n<p>2009<br \/>\nBrooklyn Bailout Burlesque\/ factory fresh New York<\/p>\n<p>2010<br \/>\nBack from Black \/ MADRE Museum Naples<br \/>\nBerlin Blinddate \/ MCD LAB Sao Paulo<\/p>\n<p>2011<br \/>\nOne man show \/ Cityleaksfestival Cologne<\/p>\n<p>2012<br \/>\nDe mi barrio a tu barrio \/ Streetarttour durch Mittelamerika<\/p>\n<p>2015<br \/>\nHALMA with 44 flavours \/ Galerie Montez \/ Frankfurt<br \/>\n#BYOA #Proudcollector, Woeske Gallery, Berlin<\/p>\n<p>2016<br \/>\n20 Jahre Galerie Tobias Schrade, Galerie Tobias Schrade, Ulm<br \/>\nMillerntor Gallery #6Millerntor Gallery, Hamburg<\/p>\n<p>2017<br \/>\nFlughafen &#8211; T2, Heitsch Gallery, Munich<br \/>\nCowboyland &#8211; Celebrating The First 15 Years Of The Heliumcowboy Artspace, Heliumcowboy Hamburg<\/p>\n<p>2018<br \/>\nKunstmarkt 18, Kunsthalle Ravensburg, Ravensburg,<br \/>\nPart Of The Art &#8211; Contemporary, Art von Frei Gallery, Rome<br \/>\nHighlights, Heitsch Gallery, Munich<\/p>\n<p>2019<br \/>\nCheapart Deluxe, Fabrik 45, Bonn<br \/>\nHighlights, Heitsch Gallery, Munich<\/p>\n<p>2020<br \/>\nYellow Christmas &#8211; A Window Installation, Galerie Istanbul, Berlin<br \/>\n100 Artists. 1 Mission, Berlinische Galerie, Berlin<br \/>\nGarten Eden- K\u00fcnstler blicken ins Paradies, Stadtgalerie Bad Soden<br \/>\nHEART &#8211; 100 artists. 1 mission, Hamburger Kunsthalle, Hamburg<br \/>\nHEART &#8211; 100 artists. 1 mission, Kunstmuseum Bonn, Bonn<\/p>\n<p><strong><br \/>\nLive-Paintings<\/strong><\/p>\n<p>ICA London, Museum of modern art Barcelona, ZDF Aspekte Studio<\/p>\n<p><strong>Walls<\/strong><\/p>\n<p>New York, Rome, Sao Paulo, Athens , Berlin, Tel Aviv, Guatemala, Lima, Beirut and Bangkok<br \/>\n<\/div><\/div>[\/vc_column_text][vc_empty_space height=&#8221;100&#8243;][\/vc_column][\/vc_row][vc_row type=&#8221;grid&#8221;][vc_column][vc_column_text]\n<h2><a id=\"Publikationen\"><\/a>Publikationen<\/h2>\n<p>&nbsp;<\/p>\n[\/vc_column_text][vc_empty_space][\/vc_column][\/vc_row][vc_row type=&#8221;grid&#8221;][vc_column width=&#8221;1\/6&#8243;][no_elements_holder][no_elements_holder_item][vc_single_image image=&#8221;56473&#8243; onclick=&#8221;custom_link&#8221; img_link_target=&#8221;_blank&#8221; link=&#8221;https:\/\/www.villa-koeppe.de\/wp-content\/uploads\/2021\/02\/Jim_Avignon-KoeppeContemporary-2020-web.pdf&#8221;][\/no_elements_holder_item][\/no_elements_holder][\/vc_column][vc_column width=&#8221;2\/3&#8243;][vc_column_text]Brosch\u00fcre der Galerie K\u00d6PPE CONTEMPORARY.<\/p>\n<p>Dezember 2020<\/p>\n<p><a href=\"https:\/\/www.villa-koeppe.de\/wp-content\/uploads\/2021\/02\/Jim_Avignon-KoeppeContemporary-2020-web.pdf\">PDF<\/a> (Download, 6 MB)[\/vc_column_text][\/vc_column][vc_column width=&#8221;1\/6&#8243;][\/vc_column][vc_column][\/vc_column][\/vc_row]\n<\/div>","protected":false},"excerpt":{"rendered":"<p>[vc_row type=&#8221;grid&#8221; padding_bottom=&#8221;50&#8243;][vc_column][vc_column_text]Showroom | Text |\u00a0Vita |\u00a0Publikationen[\/vc_column_text][\/vc_column][\/vc_row][vc_row][vc_column][vc_empty_space height=&#8221;75&#8243;][\/vc_column][\/vc_row][vc_row type=&#8221;grid&#8221;][vc_column][vc_column_text] Jim&#8230;<\/p>\n","protected":false},"author":3,"featured_media":0,"parent":51001,"menu_order":2,"comment_status":"closed","ping_status":"closed","template":"full_width.php","meta":{"footnotes":""},"class_list":["post-52370","page","type-page","status-publish","hentry"],"_links":{"self":[{"href":"https:\/\/www.villa-koeppe.de\/en\/wp-json\/wp\/v2\/pages\/52370\/"}],"collection":[{"href":"https:\/\/www.villa-koeppe.de\/en\/wp-json\/wp\/v2\/pages\/"}],"about":[{"href":"https:\/\/www.villa-koeppe.de\/en\/wp-json\/wp\/v2\/types\/page\/"}],"author":[{"embeddable":true,"href":"https:\/\/www.villa-koeppe.de\/en\/wp-json\/wp\/v2\/users\/3\/"}],"replies":[{"embeddable":true,"href":"https:\/\/www.villa-koeppe.de\/en\/wp-json\/wp\/v2\/comments\/?post=52370"}],"version-history":[{"count":22,"href":"https:\/\/www.villa-koeppe.de\/en\/wp-json\/wp\/v2\/pages\/52370\/revisions\/"}],"predecessor-version":[{"id":57277,"href":"https:\/\/www.villa-koeppe.de\/en\/wp-json\/wp\/v2\/pages\/52370\/revisions\/57277\/"}],"up":[{"embeddable":true,"href":"https:\/\/www.villa-koeppe.de\/en\/wp-json\/wp\/v2\/pages\/51001\/"}],"wp:attachment":[{"href":"https:\/\/www.villa-koeppe.de\/en\/wp-json\/wp\/v2\/media\/?parent=52370"}],"curies":[{"name":"wp","href":"https:\/\/api.w.org\/{rel}","templated":true}]}}