{"id":52381,"date":"2015-08-26T15:15:37","date_gmt":"2015-08-26T13:15:37","guid":{"rendered":"https:\/\/www.villa-koeppe.de\/artists\/barbara_quandt\/"},"modified":"2024-09-25T16:59:15","modified_gmt":"2024-09-25T14:59:15","slug":"barbara_quandt","status":"publish","type":"page","link":"https:\/\/www.villa-koeppe.de\/en\/artists\/barbara_quandt\/","title":{"rendered":"Barbara Quandt"},"content":{"rendered":"<div class=\"wpb-content-wrapper\">[vc_row type=&#8221;grid&#8221; padding_bottom=&#8221;50&#8243;][vc_column][vc_column_text]<a href=\"#showroom\">Showroom<\/a> | <a href=\"#text\">Text<\/a> |\u00a0<a href=\"#vita\">Vita<\/a> |\u00a0<a href=\"#Publikationen\">Publikationen<\/a>[\/vc_column_text][\/vc_column][\/vc_row][vc_row][vc_column]<div class='eltd_image_gallery_no_space  dark on_hover'><div class='eltd_image_gallery_holder' style='height: 500px;'><ul ><li><div style=\"height: 500px; width:371px;\"><a class=\"lightbox_single_portfolio\" rel=\"prettyPhoto[rel-1249062347]\" href=\"https:\/\/www.villa-koeppe.de\/wp-content\/uploads\/2015\/08\/barbara_quandt_bild-11.jpg\"><span class=\"holder\" style=\"background-color: rgba(255,255,255,0.3);\"><span class=\"outer\"><span class=\"inner\"><span class=\"title\" style=\"color:#000000;font-size:20px;\">Barbara Quandt | Aufw\u00e4rts<\/span><span class=\"separator\" style=\"background-color:#000000;opacity:1;\"><\/span><span class=\"description\" style=\"color:#000000;font-size:14px;\"><\/span><\/span><\/span><\/span><img decoding=\"async\" src=\"https:\/\/www.villa-koeppe.de\/wp-content\/uploads\/2015\/08\/barbara_quandt_bild-11.jpg\" alt=\"Barbara Quandt | Aufw\u00e4rts\"  \/><\/a><\/div><\/li><li><div style=\"height: 500px; width:672px;\"><a class=\"lightbox_single_portfolio\" rel=\"prettyPhoto[rel-1249062347]\" href=\"https:\/\/www.villa-koeppe.de\/wp-content\/uploads\/2021\/02\/1987-28_Wake-up-sleeping-man_1987_Acryl-Leinwand_170-x-224-cm.jpg\"><span class=\"holder\" style=\"background-color: rgba(255,255,255,0.3);\"><span class=\"outer\"><span class=\"inner\"><span class=\"title\" style=\"color:#000000;font-size:20px;\">Barbara Quandt | Wake up sleeping man, 1987, Acryl auf Leinwand, 170 x 224 cm<\/span><span class=\"separator\" style=\"background-color:#000000;opacity:1;\"><\/span><span class=\"description\" style=\"color:#000000;font-size:14px;\"><\/span><\/span><\/span><\/span><img decoding=\"async\" src=\"https:\/\/www.villa-koeppe.de\/wp-content\/uploads\/2021\/02\/1987-28_Wake-up-sleeping-man_1987_Acryl-Leinwand_170-x-224-cm.jpg\" alt=\"Barbara Quandt | Wake up sleeping man, 1987, Acryl auf Leinwand, 170 x 224 cm\"  \/><\/a><\/div><\/li><li><div style=\"height: 500px; width:346px;\"><a class=\"lightbox_single_portfolio\" rel=\"prettyPhoto[rel-1249062347]\" href=\"https:\/\/www.villa-koeppe.de\/wp-content\/uploads\/2021\/02\/1984-4_Berlin-bei-Nacht-Paar_1984_Acryl-Nessel_250x170.jpg\"><span class=\"holder\" style=\"background-color: rgba(255,255,255,0.3);\"><span class=\"outer\"><span class=\"inner\"><span class=\"title\" style=\"color:#000000;font-size:20px;\">Barbara Quandt | Berlin bei Nacht &#8211; Paar, 1984, Acryl \/ Nessel, 250 x 170 cm<\/span><span class=\"separator\" style=\"background-color:#000000;opacity:1;\"><\/span><span class=\"description\" style=\"color:#000000;font-size:14px;\"><\/span><\/span><\/span><\/span><img decoding=\"async\" src=\"https:\/\/www.villa-koeppe.de\/wp-content\/uploads\/2021\/02\/1984-4_Berlin-bei-Nacht-Paar_1984_Acryl-Nessel_250x170.jpg\" alt=\"Barbara Quandt | Berlin bei Nacht - Paar, 1984, Acryl \/ Nessel, 250 x 170 cm\"  \/><\/a><\/div><\/li><li><div style=\"height: 500px; width:393px;\"><a class=\"lightbox_single_portfolio\" rel=\"prettyPhoto[rel-1249062347]\" href=\"https:\/\/www.villa-koeppe.de\/wp-content\/uploads\/2021\/02\/1983-37_Trio-mit-Saxs_1983_Acryl-Nessel_190-x-150-cm.jpg\"><span class=\"holder\" style=\"background-color: rgba(255,255,255,0.3);\"><span class=\"outer\"><span class=\"inner\"><span class=\"title\" style=\"color:#000000;font-size:20px;\">Barbara Quandt | Trio mit Saxs, 1983, Acryl auf Nessel, 190 x 150 cm<\/span><span class=\"separator\" style=\"background-color:#000000;opacity:1;\"><\/span><span class=\"description\" style=\"color:#000000;font-size:14px;\"><\/span><\/span><\/span><\/span><img decoding=\"async\" src=\"https:\/\/www.villa-koeppe.de\/wp-content\/uploads\/2021\/02\/1983-37_Trio-mit-Saxs_1983_Acryl-Nessel_190-x-150-cm.jpg\" alt=\"Barbara Quandt | Trio mit Saxs, 1983, Acryl auf Nessel, 190 x 150 cm\"  \/><\/a><\/div><\/li><li><div style=\"height: 500px; width:455px;\"><a class=\"lightbox_single_portfolio\" rel=\"prettyPhoto[rel-1249062347]\" href=\"https:\/\/www.villa-koeppe.de\/wp-content\/uploads\/2021\/09\/Barbara_Quandt-Stein_ins_Rollen_bringen-1984_28-110x100cm-Acryl_Leinwand-web.jpg\"><span class=\"holder\" style=\"background-color: rgba(255,255,255,0.3);\"><span class=\"outer\"><span class=\"inner\"><span class=\"title\" style=\"color:#000000;font-size:20px;\">Barbara Quandt | Stein ins Rollen bringen, 1984-28, 110 x 100 cm, Acryl auf Leinwand<\/span><span class=\"separator\" style=\"background-color:#000000;opacity:1;\"><\/span><span class=\"description\" style=\"color:#000000;font-size:14px;\"><\/span><\/span><\/span><\/span><img decoding=\"async\" src=\"https:\/\/www.villa-koeppe.de\/wp-content\/uploads\/2021\/09\/Barbara_Quandt-Stein_ins_Rollen_bringen-1984_28-110x100cm-Acryl_Leinwand-web.jpg\" alt=\"Barbara Quandt | Stein ins Rollen bringen, 1984-28, 110 x 100 cm, Acryl auf Leinwand\"  \/><\/a><\/div><\/li><li><div style=\"height: 500px; width:412px;\"><a class=\"lightbox_single_portfolio\" rel=\"prettyPhoto[rel-1249062347]\" href=\"https:\/\/www.villa-koeppe.de\/wp-content\/uploads\/2021\/09\/Barbara_Quandt-Sunday_Afternoon-1982_23-240x200cm-Acryl_auf_Dropcloth-web.jpg\"><span class=\"holder\" style=\"background-color: rgba(255,255,255,0.3);\"><span class=\"outer\"><span class=\"inner\"><span class=\"title\" style=\"color:#000000;font-size:20px;\">Barbara Quandt | Sunday Afternoon, 1982-23, 240 x 200 cm, Acryl auf Dropcloth<\/span><span class=\"separator\" style=\"background-color:#000000;opacity:1;\"><\/span><span class=\"description\" style=\"color:#000000;font-size:14px;\"><\/span><\/span><\/span><\/span><img decoding=\"async\" src=\"https:\/\/www.villa-koeppe.de\/wp-content\/uploads\/2021\/09\/Barbara_Quandt-Sunday_Afternoon-1982_23-240x200cm-Acryl_auf_Dropcloth-web.jpg\" alt=\"Barbara Quandt | Sunday Afternoon, 1982-23, 240 x 200 cm, Acryl auf Dropcloth\"  \/><\/a><\/div><\/li><li><div style=\"height: 500px; width:590px;\"><a class=\"lightbox_single_portfolio\" rel=\"prettyPhoto[rel-1249062347]\" href=\"https:\/\/www.villa-koeppe.de\/wp-content\/uploads\/2021\/02\/2014_me.jpg\"><span class=\"holder\" style=\"background-color: rgba(255,255,255,0.3);\"><span class=\"outer\"><span class=\"inner\"><span class=\"title\" style=\"color:#000000;font-size:20px;\">Barbara Quandt Portrait<\/span><span class=\"separator\" style=\"background-color:#000000;opacity:1;\"><\/span><span class=\"description\" style=\"color:#000000;font-size:14px;\"><\/span><\/span><\/span><\/span><img decoding=\"async\" src=\"https:\/\/www.villa-koeppe.de\/wp-content\/uploads\/2021\/02\/2014_me.jpg\" alt=\"\"  \/><\/a><\/div><\/li><\/ul><\/div><div class=\"controls\"><a class=\"prev-slide\" href=\"#\"><span class=\"arrow_carrot-left\"><\/span><\/a><a class=\"next-slide\" href=\"#\"><span class=\"arrow_carrot-right\"><\/span><\/a><\/div><\/div>[vc_empty_space height=&#8221;75&#8243;][\/vc_column][\/vc_row][vc_row type=&#8221;grid&#8221;][vc_column][vc_column_text]\n<h1 style=\"text-align: left;\"><a id=\"showroom\"><\/a>Barbara Quandt | Showroom<\/h1>\n[\/vc_column_text][vc_empty_space height=&#8221;20&#8243;][vc_column_text]Hier finden Sie eine Auswahl von Arbeiten der K\u00fcnstlerin Barbara Quandt. Sie k\u00f6nnen \u00fcber den Men\u00fc Button oben rechts im Bild auch auf Vollbild umschalten, eine Tour starten oder sich die Liste der Arbeiten anzeigen lassen.[\/vc_column_text][vc_empty_space height=&#8221;20&#8243;][vc_column_text]\n[\/vc_column_text][\/vc_column][\/vc_row][vc_row type=&#8221;grid&#8221;][vc_column][vc_raw_html]JTNDJTIxLS1iZWdpbiUyMGt1bnN0bWF0cml4LS0lM0UlMjAlM0NpZnJhbWUlMjBhbGxvd2Z1bGxzY3JlZW4lM0QlMjJ0cnVlJTIyJTIwZnJhbWVib3JkZXIlM0QlMjIwJTIyJTIwc2Nyb2xsaW5nJTNEJTIybm8lMjIlMjBzcmMlM0QlMjJodHRwcyUzQSUyRiUyRmFydC5rdW5zdG1hdHJpeC5jb20lMkZhcHBzJTJGYXJ0c3BhY2VzJTJGaW5kZXguaHRtbCUzRmV4dGVybmFsJTNEdHJ1ZSUyNnNwbGFzaHNjcmVlbiUzRHRydWUlMjZsYW5ndWFnZSUzRGRlJTI2dWlkJTNENDE3OTclMjZleGhpYml0aW9uJTNENDI4NTcxMSUyMiUyMHdpZHRoJTNEJTIyMTAwJTI1JTIyJTIwaGVpZ2h0JTNEJTIyNDAwJTIyJTNFJTNDJTJGaWZyYW1lJTNFJTNDJTIxLS1lbmQlMjBrdW5zdG1hdHJpeC0tJTNF[\/vc_raw_html][vc_empty_space][vc_separator up=&#8221;10&#8243; down=&#8221;30&#8243;][\/vc_column][\/vc_row][vc_row type=&#8221;grid&#8221;][vc_column][vc_column_text]\n<h1 style=\"text-align: left;\"><a id=\"text\"><\/a>Barbara Quandt<\/h1>\n[\/vc_column_text][vc_empty_space height=&#8221;20&#8243;][vc_column_text]Viele Themen spiegeln Barbara Quandts Begeisterung f\u00fcr das pralle Leben, f\u00fcr die Kunst, f\u00fcr die Liebe, f\u00fcr Musik und Tanz. Ihr \u00e4sthetisches Konzept widersetzt sich mit seinem unbek\u00fcmmerten Esprit jeder Einschr\u00e4nkung des kreativen Denkens und jedem formalen \u00c4sthetizismus.<\/p>\n<div id=\"pressrelease-link-52381\" class=\"sh-link pressrelease-link sh-hide\"><a href=\"#\" onclick=\"showhide_toggle('pressrelease', 52381, 'Weiterlesen ...', 'Einklappen'); return false;\" aria-expanded=\"false\"><span id=\"pressrelease-toggle-52381\">Weiterlesen ...<\/span><\/a><\/div><div id=\"pressrelease-content-52381\" class=\"sh-content pressrelease-content sh-hide\" style=\"display: none;\">\n<p>Barbara Quandt (*1947) studierte bei den Professoren Karl Horst H\u00f6dicke und Hans Kuhn an der Berliner Hochschule der K\u00fcnste (1970-1976). Sie wird Meistersch\u00fclerin von Karl Horst H\u00f6dicke, in dessen Malklasse auch die sp\u00e4teren \u201eNeue-Wilden-K\u00fcnstler\u201c Rainer Fetting oder Salom\u00e8 studiert haben. Wie diese K\u00fcnstler orientierte sich Barbara Quandt an einer von Karl Horst H\u00f6dicke angeregten, sehr dynamisch-bewegten, figurativen Malerei von expressiver Farbigkeit, in der sich Reflexionen zur Alltagskultur und autobiografische Bez\u00fcge gegenseitig durchdrangen.<\/p>\n<p>Das Fr\u00fchwerk von Barbara Quandt war noch stark vom kritischen Realismus H\u00f6dickes beeinflusst. Ihr sozialkritisches Engagement zeigt sich beispielsweise in den existenziellen Portr\u00e4ts Jugendlicher, sowie in den Darstellungen von Stadtlandschaften und in Milieustudien und Motiven, die die Melancholie und Eint\u00f6nigkeit des gro\u00dfst\u00e4dtischen Alltags reflektieren. Unverbl\u00fcmt thematisiert die K\u00fcnstlerin dar\u00fcber hinaus heuchlerische Konventionen und g\u00e4ngige Moralvorstellungen. Einen wichtigen Themenkomplex nehmen Bilder ein, die um die Themen K\u00f6rper, Sexualit\u00e4t und Liebe kreisen.<\/p>\n<p>Zwischen 1979 und 1986 entwickelt Barbara Quandt \u00fcber Mal- und Materialexperimente ihren pers\u00f6nlichen und unverwechselbaren Stil. Ausl\u00f6ser ihrer vielen Mal- und Materialexperimente, die dahin f\u00fchrten, sind ihre Aufenthalte in den USA (New York und Chicago) sowie in Afrika. In New York hat sie endlich das Atelier, um auf gro\u00dfen Leinw\u00e4nden zu arbeiten. Sie nutzt bedruckte Textilstoffe als Leinwand und tr\u00e4gt Farben auch aus der Spr\u00fchdose auf. Eine Vielfalt von Ausdrucksmitteln, Acryl- und \u00d6lmalerei, Mischtechniken auf Papier, Aquarelle, Zeichnungen, Druckgrafiken und auch B\u00fchnenbilder kennzeichnet bald ihr \u0152uvre.<\/p>\n<p>Eigene Erlebnisse, fl\u00fcchtige Momente, Gl\u00fccksempfindungen, Eindr\u00fccke von Reisen durch die Welt, phantastische Visionen, mischen sich in Bildern, in denen die Farbe und Form oft rauschhaft gesteigert werden. <\/div>\n<p><em>\u00a9 Andr\u00e9 Lindhorst, Galerie Villa K\u00f6ppe, 2020<\/em>[\/vc_column_text][vc_empty_space height=&#8221;50&#8243;][\/vc_column][\/vc_row][vc_row type=&#8221;grid&#8221;][vc_column][vc_column_text]\n<h1 style=\"text-align: left;\"><a id=\"vita\"><\/a>Vita<\/h1>\n[\/vc_column_text][vc_column_text]<strong>1947\u00a0\u00a0<\/strong><br \/>\nIn Berlin geboren<\/p>\n<p><strong>1970 &#8211; 76\u00a0\u00a0\u00a0\u00a0<\/strong><br \/>\nStudium an der Hochschule der bildenden K\u00fcnste in Berlin bei Prof. Hans Kuhn und Prof.K.H.H\u00f6dicke<\/p>\n<p><strong>1978 &#8211; 79<\/strong><br \/>\nDAAD-Stipendium in London an der St. Martins School of Art<\/p>\n<p><strong>1982<\/strong><br \/>\nPS1-Stipendium in New York, Studioausstellung<\/p>\n<p><strong>1983 &#8211; 84<\/strong><br \/>\nK\u00fcnstlerhaus Bethanien, Berlin, Atelierstipendium,<\/p>\n<p><strong>1986<\/strong><br \/>\nTansania, Arbeitsaufenthalt , Goethe-Institut, Daressalam\/Tansania<\/p>\n<p><strong>1987<\/strong><br \/>\nStipendium des Senators f\u00fcr Kulturelle Angelegenheiten, Berlin<\/p>\n<p><strong>1987 &#8211; 88<\/strong><br \/>\nChicago Arbeitsaufenthalt<\/p>\n<p><strong>1988<\/strong><br \/>\nStipendium der Walter Bischoff Gallery in San Jose\/CA.<\/p>\n<p><strong>1990<\/strong><br \/>\nBuenos Aires Arbeitsaufenthalt<\/p>\n<p><strong>1992<\/strong><br \/>\nMadrid, Arbeitsaufenthalt<\/p>\n<p><strong>1996<\/strong><br \/>\nStipendium Artifice in Apt\/Frankreich<\/p>\n<p><strong>1997<\/strong><br \/>\nAlaska, Arbeitsaufenthalt<\/p>\n<p>Barbara Quandt lebt und arbeitet in Berlin und Lehnitz[\/vc_column_text][vc_empty_space height=&#8221;30&#8243;][vc_column_text]\n<h2>Ausstellungen<\/h2>\n[\/vc_column_text][vc_empty_space height=&#8221;30&#8243;][vc_column_text]<div class=\"bg-margin-for-link\"><input type='hidden' bg_collapse_expand='6a073b102bf0f1057131397' value='6a073b102bf0f1057131397'><input type='hidden' id='bg-show-more-text-6a073b102bf0f1057131397' value='Ausklappen'><input type='hidden' id='bg-show-less-text-6a073b102bf0f1057131397' value='Einklappen'><a id='bg-showmore-action-6a073b102bf0f1057131397' class='bg-showmore-plg-link  '  style=\" color:#e0310d;;\" href='#'>Ausklappen<\/a><div id='bg-showmore-hidden-6a073b102bf0f1057131397' >\n<p><strong>Einzelaustellung<\/strong><\/p>\n<p>2012<br \/>\nChicago \u2013 Californien, Galerie Villa K\u00f6ppe, Berlin-Grunewald<\/p>\n<p>2011<br \/>\n&#8220;Quandtenspr\u00fcnge\u201c, dorisberlin, Ausstellung\u00a0und Katalog, Berlin<\/p>\n<p>2008<br \/>\nRussisch Gr\u00fcn, Galerie M, Berlin<\/p>\n<p>2007<br \/>\nDas s\u00fc\u00dfe Leben, Kunstverein, KunstHaus Potsdam<\/p>\n<p>2006<br \/>\nVis-\u00e0-vis, Schlo\u00df Wustrau<\/p>\n<p>2005<br \/>\nWas im Herzen brennt, man am Bild erkennt, Galerie K\u00fchn, Lilienthal\/Bremen<\/p>\n<p>2004<br \/>\nIn Bausch und Wogen, Galerie Robert Keller, Berlin<\/p>\n<p>2003<br \/>\nTapetenwechsel, Galerie Sophienstra\u00dfe 8, Berlin<br \/>\nIch bin ein deutsches M\u00e4dchen&#8230;, Galerie K\u00fchn, Berlin-Dahlem<\/p>\n<p>2002<br \/>\nEs suchen viele&#8230;, Stuttgarter Kunstverein<br \/>\nJe weiter entfernt &#8211; je gr\u00f6\u00dfer die Sehnsucht, Kulturspeicher Oldenburg<\/p>\n<p>2001<br \/>\nEinzug der kleinen Wesen, Schering Kunstverein, Berlin<\/p>\n<p>1998<br \/>\nArt Galerie Leuchter und Peltzer, D\u00fcsseldorf<\/p>\n<p>1997<br \/>\nDie Franz\u00f6sisch-Stunde: La Chasse, Galerie Michael Schultz, Dresden<br \/>\nWarum tr\u00e4umt man von roten Wendeltreppen&#8230;, Galerie Michael Schultz, Berlin<\/p>\n<p>1996<br \/>\nLa marche des petites natures, Artifice, Apt, Frankreich<br \/>\nPaare, Galerie Rathaus Langenhagen<\/p>\n<p>1995<br \/>\nKunstverein Pirmasens<\/p>\n<p>1994<br \/>\nUnter fremden Himmeln, Galerie Huber-Nising, Frankfurt\/Main<br \/>\nOne women show, ART Frankfurt<\/p>\n<p>1993<br \/>\nZwischen den Welten, Art Galerie Leuchter und Peltzer, D\u00fcsseldorf<br \/>\nSuerte B\u00e1rbara, Galerie Manfred Giesler, Berlin<br \/>\nTAM TAM Afrika Zyklus, St\u00e4dtisches Museum, Engen<\/p>\n<p>1992<br \/>\nQue pasa mi infanta, Galerie Kunstst\u00fcck, Oldenburg<\/p>\n<p>1991<br \/>\nHerbstbl\u00e4tter, Galerie Manfred Giesler, Berlin<br \/>\nAuktionshaus Kleinhenz, Ludwigshafen<br \/>\nVerlagshaus MSP, Berlin<\/p>\n<p>1990<br \/>\nHer-zeigen &#8211; Herz-zeigen, Galerie Huber-Nising, Frankfurt\/ M<br \/>\nGalerie Leuchter und Peltzer, D\u00fcsseldorf<br \/>\nLiebe und Tod, Galerie und Edition Gutsch, Berlin<\/p>\n<p>1989<br \/>\nTAM TAM, Neuer Berliner Kunstverein<br \/>\nGoethe-Institut, San Francisco<br \/>\nGalerie Lacoste, San Jose\/USA<\/p>\n<p>1988<br \/>\nIn Between, Walter Bischoff Gallery, Chicago<\/p>\n<p>1987<br \/>\nAusstellungsraum Mora, Berlin<\/p>\n<p>1985<br \/>\nGalerie Leger, M\u00fcnchen<br \/>\nGalerie Gy\u00f6rfi, Herrenberg<br \/>\nZwischen den Monden, Galerie im K\u00f6rnerpark, Berlin<br \/>\nGoethe-Institut, Daressalam\/Tansania<br \/>\nKunstverein G\u00f6ttingen<\/p>\n<p>1984<br \/>\nStudio1 im K\u00fcnstlerhaus Bethanien, Berlin<br \/>\nGalerie Nikolaus Sonne, Berlin<\/p>\n<p>1983<br \/>\nGalerie Fundus, Berlin<\/p>\n<p>1982<br \/>\nStudio PS1, New York<br \/>\nGalerie Multiple Fahnemann, Berlin<br \/>\nGalerie Fundus, Berlin<\/p>\n<p>1981<br \/>\nGalerie Andere Zeichen, Berlin<br \/>\nGalerie am Chamissoplatz, Berlin<br \/>\nForum Aktuelle Kunst, Berlin<\/p>\n<p>1979<br \/>\nSt. Martins School of Art, London<\/p>\n<p>1976<br \/>\nGalerie am Savignyplatz, Berlin (Mit Reinhard Pods)<\/div><\/div>[\/vc_column_text][vc_empty_space height=&#8221;50&#8243;][\/vc_column][\/vc_row][vc_row type=&#8221;grid&#8221;][vc_column][vc_column_text]\n<h2><a id=\"Publikationen\"><\/a>Publikationen<\/h2>\n<p>&nbsp;<\/p>\n[\/vc_column_text][vc_empty_space][\/vc_column][\/vc_row][vc_row type=&#8221;grid&#8221;][vc_column width=&#8221;1\/6&#8243;][no_elements_holder][no_elements_holder_item][vc_single_image image=&#8221;58592&#8243; img_size=&#8221;141&#215;200&#8243; onclick=&#8221;custom_link&#8221; img_link_target=&#8221;_blank&#8221; css=&#8221;&#8221; link=&#8221;https:\/\/www.villa-koeppe.de\/wp-content\/uploads\/2024\/09\/BarbaraQuandt-KoeppeContemporary-2024-DS-final.pdf&#8221;][\/no_elements_holder_item][\/no_elements_holder][\/vc_column][vc_column width=&#8221;2\/3&#8243;][vc_column_text css=&#8221;&#8221;]Brosch\u00fcre der Galerie K\u00d6PPE CONTEMPORARY.<\/p>\n<p>September 2024<\/p>\n<p><a href=\"https:\/\/www.villa-koeppe.de\/wp-content\/uploads\/2024\/09\/BarbaraQuandt-KoeppeContemporary-2024-DS-final.pdf\">PDF<\/a> (Download)<\/p>\n<div id=\"gtx-trans\" style=\"position: absolute; left: -24px; top: 71.2px;\">\n<div class=\"gtx-trans-icon\"><\/div>\n<\/div>\n[\/vc_column_text][\/vc_column][vc_column width=&#8221;1\/6&#8243;][\/vc_column][vc_column][vc_empty_space][\/vc_column][\/vc_row][vc_row type=&#8221;grid&#8221;][vc_column width=&#8221;1\/6&#8243;][no_elements_holder][no_elements_holder_item][vc_single_image image=&#8221;56664&#8243; onclick=&#8221;custom_link&#8221; img_link_target=&#8221;_blank&#8221; link=&#8221;https:\/\/www.villa-koeppe.de\/wp-content\/uploads\/2021\/02\/BarbaraQuandt-KoeppeContemporary-2020-web.pdf&#8221;][\/no_elements_holder_item][\/no_elements_holder][\/vc_column][vc_column width=&#8221;2\/3&#8243;][vc_column_text]Brosch\u00fcre der Galerie K\u00d6PPE CONTEMPORARY.<\/p>\n<p>Dezember 2020<\/p>\n<p><a href=\"https:\/\/www.villa-koeppe.de\/wp-content\/uploads\/2021\/02\/BarbaraQuandt-KoeppeContemporary-2020-web.pdf\">PDF<\/a> (Download)[\/vc_column_text][\/vc_column][vc_column width=&#8221;1\/6&#8243;][\/vc_column][vc_column][\/vc_column][\/vc_row]\n<\/div>","protected":false},"excerpt":{"rendered":"<p>[vc_row type=&#8221;grid&#8221; padding_bottom=&#8221;50&#8243;][vc_column][vc_column_text]Showroom | Text |\u00a0Vita |\u00a0Publikationen[\/vc_column_text][\/vc_column][\/vc_row][vc_row][vc_column][vc_empty_space height=&#8221;75&#8243;][\/vc_column][\/vc_row][vc_row type=&#8221;grid&#8221;][vc_column][vc_column_text] Barbara&#8230;<\/p>\n","protected":false},"author":3,"featured_media":0,"parent":51001,"menu_order":3,"comment_status":"closed","ping_status":"closed","template":"full_width.php","meta":{"footnotes":""},"class_list":["post-52381","page","type-page","status-publish","hentry"],"_links":{"self":[{"href":"https:\/\/www.villa-koeppe.de\/en\/wp-json\/wp\/v2\/pages\/52381\/"}],"collection":[{"href":"https:\/\/www.villa-koeppe.de\/en\/wp-json\/wp\/v2\/pages\/"}],"about":[{"href":"https:\/\/www.villa-koeppe.de\/en\/wp-json\/wp\/v2\/types\/page\/"}],"author":[{"embeddable":true,"href":"https:\/\/www.villa-koeppe.de\/en\/wp-json\/wp\/v2\/users\/3\/"}],"replies":[{"embeddable":true,"href":"https:\/\/www.villa-koeppe.de\/en\/wp-json\/wp\/v2\/comments\/?post=52381"}],"version-history":[{"count":23,"href":"https:\/\/www.villa-koeppe.de\/en\/wp-json\/wp\/v2\/pages\/52381\/revisions\/"}],"predecessor-version":[{"id":58632,"href":"https:\/\/www.villa-koeppe.de\/en\/wp-json\/wp\/v2\/pages\/52381\/revisions\/58632\/"}],"up":[{"embeddable":true,"href":"https:\/\/www.villa-koeppe.de\/en\/wp-json\/wp\/v2\/pages\/51001\/"}],"wp:attachment":[{"href":"https:\/\/www.villa-koeppe.de\/en\/wp-json\/wp\/v2\/media\/?parent=52381"}],"curies":[{"name":"wp","href":"https:\/\/api.w.org\/{rel}","templated":true}]}}