{"id":52389,"date":"2015-06-08T11:51:29","date_gmt":"2015-06-08T09:51:29","guid":{"rendered":"https:\/\/www.villa-koeppe.de\/artists\/bodo-rott-3\/"},"modified":"2019-01-02T12:17:13","modified_gmt":"2019-01-02T11:17:13","slug":"bodo-rott","status":"publish","type":"page","link":"https:\/\/www.villa-koeppe.de\/en\/artists\/bodo-rott\/","title":{"rendered":"Bodo Rott"},"content":{"rendered":"<div class=\"wpb-content-wrapper\">[vc_row][vc_column]<div class='eltd_image_gallery_no_space  dark on_hover'><div class='eltd_image_gallery_holder' style='height: 500px;'><ul ><li><div style=\"height: 500px; width:599px;\"><a class=\"lightbox_single_portfolio\" rel=\"prettyPhoto[rel-345986530]\" href=\"https:\/\/www.villa-koeppe.de\/wp-content\/uploads\/2015\/06\/Wunsch_Seeraeuberzuwerden-2016-50x60OL-web.jpg\"><span class=\"holder\" style=\"background-color: rgba(255,255,255,0.3);\"><span class=\"outer\"><span class=\"inner\"><span class=\"title\" style=\"color:#000000;font-size:20px;\">Bodo Rott &#8211; Wunsch, Seer\u00e4uber zu werden, 2016, 50 x 60 cm, \u00d6l \/ Lw<\/span><span class=\"separator\" style=\"background-color:#000000;opacity:1;\"><\/span><span class=\"description\" style=\"color:#000000;font-size:14px;\"><\/span><\/span><\/span><\/span><img decoding=\"async\" src=\"https:\/\/www.villa-koeppe.de\/wp-content\/uploads\/2015\/06\/Wunsch_Seeraeuberzuwerden-2016-50x60OL-web.jpg\" alt=\"Bodo Rott - Wunsch, Seer\u00e4uber zu werden, 2016, 50 x 60 cm, \u00d6l \/ Lw\"  \/><\/a><\/div><\/li><li><div style=\"height: 500px; width:393px;\"><a class=\"lightbox_single_portfolio\" rel=\"prettyPhoto[rel-345986530]\" href=\"https:\/\/www.villa-koeppe.de\/wp-content\/uploads\/2015\/06\/Werkweise_Wand_2013_160x130OL_web.jpg\"><span class=\"holder\" style=\"background-color: rgba(255,255,255,0.3);\"><span class=\"outer\"><span class=\"inner\"><span class=\"title\" style=\"color:#000000;font-size:20px;\">Bodo Rott &#8211; Werkweise Wand, 2013, 160 x 130 cm, \u00d6l \/ Lw<\/span><span class=\"separator\" style=\"background-color:#000000;opacity:1;\"><\/span><span class=\"description\" style=\"color:#000000;font-size:14px;\"><\/span><\/span><\/span><\/span><img decoding=\"async\" src=\"https:\/\/www.villa-koeppe.de\/wp-content\/uploads\/2015\/06\/Werkweise_Wand_2013_160x130OL_web.jpg\" alt=\"Bodo Rott - Werkweise Wand, 2013, 160 x 130 cm, \u00d6l \/ Lw\"  \/><\/a><\/div><\/li><li><div style=\"height: 500px; width:403px;\"><a class=\"lightbox_single_portfolio\" rel=\"prettyPhoto[rel-345986530]\" href=\"https:\/\/www.villa-koeppe.de\/wp-content\/uploads\/2015\/06\/Bodo_Rott-Grosse_Seance-2012-160x130-OL_web.jpg\"><span class=\"holder\" style=\"background-color: rgba(255,255,255,0.3);\"><span class=\"outer\"><span class=\"inner\"><span class=\"title\" style=\"color:#000000;font-size:20px;\">Bodo Rott &#8211; Gro\u00dfe  Seance, 2012, 160 x 130 cm, \u00d6l \/ Lw<\/span><span class=\"separator\" style=\"background-color:#000000;opacity:1;\"><\/span><span class=\"description\" style=\"color:#000000;font-size:14px;\"><\/span><\/span><\/span><\/span><img decoding=\"async\" src=\"https:\/\/www.villa-koeppe.de\/wp-content\/uploads\/2015\/06\/Bodo_Rott-Grosse_Seance-2012-160x130-OL_web.jpg\" alt=\"Bodo Rott - Gro\u00dfe Seance, 2012, 160 x 130 cm, \u00d6l \/ Lw\"  \/><\/a><\/div><\/li><\/ul><\/div><div class=\"controls\"><a class=\"prev-slide\" href=\"#\"><span class=\"arrow_carrot-left\"><\/span><\/a><a class=\"next-slide\" href=\"#\"><span class=\"arrow_carrot-right\"><\/span><\/a><\/div><\/div>[vc_empty_space height=&#8221;75&#8243;][\/vc_column][\/vc_row][vc_row type=&#8221;grid&#8221; padding_bottom=&#8221;50&#8243;][vc_column][vc_column_text]\n<p><a href=\"#text\">Text<\/a> \/ <a href=\"#biografie\">Biografie<\/a> \/ <a href=\"#katalog\">Katalog<\/a><\/p>\n[\/vc_column_text][\/vc_column][\/vc_row][vc_row type=&#8221;grid&#8221;][vc_column][vc_column_text]\n<h1 style=\"text-align: left;\"><a id=\"text\"><\/a>Bodo Rott<\/h1>\n[\/vc_column_text][vc_empty_space height=&#8221;50&#8243;][vc_column_text]\n<h2>Changieren zwischen Realem und Imagin\u00e4rem<\/h2>\n<p>Bodo Rotts Motive sind allt\u00e4glichen Situationen entnommen. Der K\u00fcnstler, 1971 geboren in Ingolstadt, wirft knappe andeutungsvolle Schlaglichter auf Lebens-momente &#8211; Kinderspiele, eine Modenschau, Jahrmarkts- und Zirkusszenen beispielsweise. Was diese Bilder so beeindruckend macht sind die eigenwillige Stilistik, die der K\u00fcnstler aus dem Zusammenspiel von Abstraktion und realistischer Malweise entwickelt hat und die ebenso irritierende wie r\u00e4tselhaft-bedrohliche Atmosph\u00e4re, die sein Werk durchzieht und die den Werken ihren besonderen zeitbezogen Anspruch verleiht.<\/p>\n<p>Kennzeichnend f\u00fcr Bodo Rotts Kunst ist auch das Changieren zwischen Realem und Imagin\u00e4rem. Die Bilder des K\u00fcnstlers thematisieren beunruhigende Erfahrungen. Zumeist sind die Akteure auf den Bildern Kinder. Es dominieren figurative Szenen. Dargestellt sind oft Kinderspiele wie jeder sie kennt. Auff\u00e4llig ist die Dynamik des Geschehens. Von den Motiven gehen ebenso Momente des harmonischen Zusammenlebens wie der Konfrontation der Entfremdung und der Einsamkeit aus. Oft wirken die dargestellten Personen isoliert, wie auf sich selbst verwiesen oder mit sich alleine besch\u00e4ftigt. Nicht nur in Macht- und Aggressionsgeb\u00e4rden sind Bez\u00fcge zum Erwachsenenleben unverkennbar. Es gibt unheimliche oder zwielichte Szenerien wie in den Bildern \u201eSprung, 2014\u201c oder \u201eMensch und Tier (Dompteuse), 2014\u201c in denen das Szenario verr\u00e4tselt ist und den Betrachter im Unklaren l\u00e4sst, ob hinter den auf dem ersten Blick harmlosen Situationen nicht doch Heimt\u00fccke, Boshaftigkeit und Aggressivit\u00e4t lauert.<\/p>\n<p>In Rotts Bildern geht fast immer ein Riss durch die scheinbare Idylle. In die kindliche Lebensfreude und spielerische Eroberung der Welt, die uns der K\u00fcnstler in seinen Bildern vor Augen f\u00fchrt, mischen sich Erfahrungen von Gewalt, Unterdr\u00fcckung und Macht. Typisch f\u00fcr die j\u00fcngste Werkserie sind Texturen, Farbschlieren und -schichten, die wie Erosionsspuren auf alten Plakaten oder Fotografien in einigen Partien die zentralen Motive \u00fcberlagern. Auch das Neben- und \u00dcbereinander von Produkten der Konsumgesellschaft, die wie eine unaufhaltsam voran kriechende Masse die zentralen Motive \u00fcberwuchern, ist augenf\u00e4llig. Die Gegenst\u00e4nde, Verpackungs-material, Werkzeuge, Spielsachen, Kleidung, sind oft nur skizzenhaft angedeutet &#8211; in seltsam k\u00f6rperloser Substanz. Scheinbar unber\u00fchrt posieren die kindlichen Akteure darauf wie in \u201eModenschau 2, 2013\u201c oder sie sind mit dem Chaos und Durcheinander der weggeworfenen Gegenst\u00e4nde konfrontiert beim Durchqueren eines Gew\u00e4ssers \u201eAuf der Suche nach Elke Durak\u201c (2014). Der Eindruck eines Missverh\u00e4ltnisses in der Beziehung von Mensch und Lebensmilieu stellt sich ein.<\/p>\n<p>Immer geht es in Bodo Rotts Bildern um Begegnungen. Begegnungen zwischen Menschen. Begegnungen mit dem eigenen Ich oder mit der der Umwelt. Vergangen-heit und Gegenwart werden in Beziehung zueinander gesetzt. Der Mensch mit seinen Widerspr\u00fcchen und Anachronismen steht im Mittelpunkt einer Bildsprache, die ebenso von Werken der Bildenden Kunst beeinflusst ist als auch von Gestaltungs-prinzipien des Comics oder anderer Elemente der Alltagskultur (Plakatkunst, Illustration, Graffiti etc.). Situationen treten r\u00e4tselhaft wie aus D\u00e4mmertr\u00e4umen heraus ins Bewusstsein. Dem Reiz dieser Bilder und dem Gef\u00fchl, dass sie vielleicht auch mit ihm selbst zu tun haben, kann sich der Betrachter kaum entziehen.<\/p>\n<p style=\"text-align: right;\">\u00a9 Andr\u00e9 Lindhorst (Kunstwissenschaftler M.A.) \/ Galerie Villa K\u00f6ppe<\/p>\n[\/vc_column_text][vc_empty_space height=&#8221;50&#8243;][vc_column_text]\n<h2>Surreal, verst\u00f6rend und ungemein fesselnd zugleich<\/h2>\n<p>Die j\u00fcngsten Bilder von Bodo Rott sind erneut ein Fest der Malerei und eine Kampfansage an sie. F\u00fcr seine seltsamen Figuren, oft Mischwesen aus Erwachsenen und Kindern, macht er den Bildraum zur B\u00fchne. Hier bringt er paradoxe Narrationen ebenso zur Auff\u00fchrung wie Fragen der Malerei: das Sch\u00f6ne und das Groteske, die Figur und das gekritzelte, hingeworfene oder halb wieder abgekratzte Ungeformte treten als alchemistische Transmutationen von Farbe in Erscheinung.<\/p>\n<p>Farbe ist ihm eine \u201ebestimmte Art von Schmutz, die \u00fcber sich hinaus w\u00e4chst\u201c. Diesen \u201aSchmutz\u2019 verwandelt er in atmosph\u00e4risch dichte szenische Darstellungen mit Figuren, gegen die er gleichzeitig anmalt.<\/p>\n<p>Diese \u201eMalerei gegen Malerei\u201c sich im Spielen oder Posieren seiner \u201eNichtkinderkinder\u201c austoben zu sehen \u2013 das ist eine faszinierende Erfahrung f\u00fcr jeden Betrachter von Bodo Rotts Bildern.<\/p>\n<p style=\"text-align: right;\">Dr. Silke Feldhoff, Kunstwissenschaftlerin<\/p>\n[\/vc_column_text][vc_empty_space height=&#8221;100&#8243;][\/vc_column][\/vc_row][vc_row type=&#8221;grid&#8221;][vc_column][vc_column_text]\n<h1 style=\"text-align: left;\"><a id=\"biografie\"><\/a>Biografie<\/h1>\n[\/vc_column_text][vc_empty_space height=&#8221;50&#8243;][vc_column_text]\n<h2 style=\"text-align: left;\">Vita<\/h2>\n<div id=\"c1d72inlineContent\" class=\"s9inlineContent\" data-reactid=\".0.$SITE_ROOT.$desktop_siteRoot.$PAGES_CONTAINER.1.1.$SITE_PAGES.$c1d72.1\"><\/div>\n<div id=\"i0xytxxy\" class=\"s1\" data-reactid=\".0.$SITE_ROOT.$desktop_siteRoot.$PAGES_CONTAINER.1.1.$SITE_PAGES.$c1d72.1.$i0xytxxy\"><strong>1971<\/strong><br \/>\ngeboren in Ingolstadt<\/div>\n<p><strong>1992<\/strong><br \/>\nStudium an der Akademie der bildenden K\u00fcnste N\u00fcrnberg<\/p>\n<p><strong>1996<\/strong><br \/>\nWechsel an die Hochschule der K\u00fcnste, Berlin<\/p>\n<p><strong>1999<\/strong><br \/>\nErnennung zum Meistersch\u00fcler<\/p>\n<p>lebt und arbeitet in Berlin<\/p>\n[\/vc_column_text][vc_empty_space height=&#8221;50&#8243;][vc_column_text]\n<h2>Ausstellungen<\/h2>\n<p>(Auswahl)<\/p>\n<p><strong>1999<\/strong><br \/>\n\u201eGro\u00dfe Kunstausstellung M\u00fcnchen\u201c(GKA), Haus der Kunst, M\u00fcnchen<br \/>\n\u201eMeja na Reki\u201c\/\u201cGrenze im Flu\u00df\u201c, Bad Radkersburg\/Gornja Radgona<\/p>\n<p><strong>2001<\/strong><br \/>\n\u201ePittori di Norimberga\u201c, Galleria La Regina di Quadri, Modica, Sizilien<\/p>\n<p><strong>2002<\/strong><br \/>\n\u201eMenschenbilder\u201c , Galerie Eva Poll, Berlin<\/p>\n<p><strong>2004<\/strong><br \/>\n\u201eIntercity\u201c, Galerie Manes, Prag<br \/>\n\u201eAnachronismen\u00a0 II\u201c, Gerhart Hauptmann Museum, Berlin und Welmsb\u00fcttel<\/p>\n<p><strong>2005<\/strong><br \/>\n\u201eIntercity\u201c, Haus am Waldsee, Berlin<\/p>\n<p><strong>2006<\/strong><br \/>\n\u201eGro\u00dfe Kunstausstellung M\u00fcnchen\u201c(GKA), Haus der Kunst, M\u00fcnchen<\/p>\n<p><strong>2007<\/strong><br \/>\nSammlung Haberent, Kunsthalle Vierseithof, Luckenwalde<br \/>\n\u201eGro\u00dfe Kunstausstellung M\u00fcnchen\u201c(GKA), Haus der Kunst, M\u00fcnchen<\/p>\n<p><strong>2008<\/strong><br \/>\nSammlung Haberent, Kunsthalle Vierseithof, Luckenwalde<\/p>\n<p><strong>2009<\/strong><br \/>\n\u201e50 x 60\u201c , Goethe-Institut, M\u00fcnchen<br \/>\n\u201e20 Deutsche Jahre\u201c, Kunsthalle Brennabor, Brandenburg<br \/>\nFondazione Konrad Adenauer, Rom<\/p>\n<p><strong>2010<\/strong><br \/>\n\u201e50 x 60\u201c, St\u00e4dt. Galerie Budapest, Museum Orada, Rum\u00e4nien<br \/>\n\u201eGERMANICA HUMIRA\u201c, Forgotten Bar, Berlin<br \/>\n\u201eBel Etage\u201c, Open Art, M\u00fcnchen<br \/>\n\u201eLieblingsbilder\u201c, St\u00e4dtische Galerie, Regensburg<\/p>\n<p><strong>2011<\/strong><br \/>\n\u201eDruckgrafik_aktuelle Positionen 2\u201c, Europ\u00e4isches K\u00fcnstlerhaus Schafhof, Freising<br \/>\nEHF Trustees, Konrad-Adenauer-Stiftung, Berlin<br \/>\n\u201eTierisch\u201c, gka (Gro\u00dfe Kunstausstellung), Haus der Kunst, M\u00fcnchen<br \/>\nGrafik-Triennale, Kunstverein Frechen<br \/>\n\u201e34 zu Kleist\u201c, St\u00e4dtische Galerie, Speyer<br \/>\n\u201eDer Mensch Der Fluss\u201c, Galerie der Nationalakademie Sofia, Bulgarien<\/p>\n<p><strong>2012<\/strong><br \/>\n\u201eMalerei und Plastik\u201c Galerie Villa K\u00f6ppe[\/vc_column_text][vc_empty_space height=&#8221;50&#8243;][vc_column_text]\n<h2>Preise und Stipendien<\/h2>\n<p><strong>1995<\/strong><br \/>\n1.Preis im Wettbewerb der Danner-Stiftung<\/p>\n<p><strong>2000<\/strong><br \/>\nKatalogstipendium der Edition Junge Kunst in Berlin<\/p>\n<p><strong>2001<\/strong><br \/>\nStipendium der Konrad-Adenauer-Stiftung aus dem Else-Heiliger-Fonds<br \/>\nAtelierstipendium der Karl-Hofer-Gesellschaft, Berlin<\/p>\n<p><strong>2010<\/strong><br \/>\nLithographie- Stipendium des M\u00fcnchner K\u00fcnstlerhauses[\/vc_column_text][vc_empty_space height=&#8221;50&#8243;][vc_column_text]\n<h2>Publikationen<\/h2>\n<p><strong>1999<\/strong><br \/>\n\u201eBodo Rott\u00a0 &#8211; Arbeiten 1996 \u2013 2000\u201c, Edition Junge Kunst in Berlin, Berlin<\/p>\n<p><strong>2001<\/strong><br \/>\n\u201eI MAESTRI PITTORI DI NORIMBERGA\u201c, Commune di Modica, Sizilien<\/p>\n<p><strong>2003<\/strong><br \/>\n\u201eStipendiaten der Karl Hofer Gesellschaft 2001 \u2013 2003\u201c, Haus am Waldsee, Berlin<br \/>\n\u201eAnachronismen\u201c, Edition Timpani, Berlin<\/p>\n<p><strong>2004<\/strong><br \/>\n\u201eBodo Rott \u2013 Aquarell- und \u00d6lmalerei\u201c, KV\u00a0 Kunst u. Kultur zu\u00a0 Hohenaschau<br \/>\n\u201eINTERCITY:\u00a0 Berlin \u2013 Prag\u201c, Stiftung Tschechischer Kunstfonds<\/p>\n<p><strong>2007<\/strong><br \/>\n\u201eBodo Rott\u00a0\u00a0 Mischlicht\u201c, Edition Chromonaut, Berlin<\/p>\n<p><strong>2008<\/strong><br \/>\n\u201eBodo Rott &#8211; Leuchtender Schlamm\u201c, St\u00e4dtische Galerie, Ingolstadt<br \/>\n\u201eText und Bild\u201c, Wieland Sch\u00fctz, Berlin<br \/>\nartcollector, Berlin<\/p>\n<p><strong>2009<\/strong><br \/>\n\u201eBodo Rott &#8211; Erdschein\u201c, Edition Chromonaut, Berlin<br \/>\n\u201eBier\u201c, Eichbornverlag<\/p>\n<p><strong>2010<\/strong><br \/>\n\u201eEin Buch, das man kaufen kann, \u00fcber Dinge, die man nicht kaufen kann\u201c, B\u00fcchergilde Gutenberg, Frankfurt\/M.[\/vc_column_text][vc_empty_space height=&#8221;50&#8243;][vc_column_text]\n<h2>Sammlungen<\/h2>\n<p>Sammlung Thomas M. Kann, Monaco \/ Miami[\/vc_column_text][vc_empty_space height=&#8221;50&#8243;][vc_column_text]\n<h2>Messen<\/h2>\n<p>Preview Berlin 2011 \/ Galerie Villa K\u00f6ppe<br \/>\nSWAB Barcelona 2012 \/ Galerie Villa K\u00f6ppe<br \/>\nSCOPE Basel 2012 \/ Galerie Villa K\u00f6ppe<br \/>\nPreview Berlin 2012 \/ Galerie Villa K\u00f6ppe[\/vc_column_text][vc_empty_space height=&#8221;100&#8243;][\/vc_column][\/vc_row][vc_row type=&#8221;grid&#8221; background_color=&#8221;#000000&#8243; padding_top=&#8221;50&#8243; padding_bottom=&#8221;50&#8243;][vc_column][vc_column_text]\n<h1 style=\"text-align: left;\"><span style=\"color: #ffffff;\"><a id=\"katalog\"><\/a>Katalog<\/span><\/h1>\n[\/vc_column_text][vc_empty_space height=&#8221;20&#8243;][no_elements_holder number_of_columns=&#8221;three_columns&#8221; items_float_left=&#8221;yes&#8221;][no_elements_holder_item][vc_single_image image=&#8221;50973&#8243; onclick=&#8221;custom_link&#8221; img_link_target=&#8221;_blank&#8221; link=&#8221;http:\/\/issuu.com\/galerievillakoeppe\/docs\/bodo_rott_works_2012?e=7787003\/2606640&#8243;][vc_column_text]\n<p><span style=\"color: #ffffff;\">Neue Bilder, 2012, 24 Seiten<\/span><\/p>\n[\/vc_column_text][\/no_elements_holder_item][no_elements_holder_item][vc_single_image image=&#8221;50972&#8243;][vc_column_text]\n<p><span style=\"color: #ffffff;\">Schwarze Sahne, 2010, 28 Seiten<\/span><\/p>\n[\/vc_column_text][\/no_elements_holder_item][no_elements_holder_item]\n[\/no_elements_holder_item][\/no_elements_holder][\/vc_column][\/vc_row]\n<\/div>","protected":false},"excerpt":{"rendered":"<p>[vc_row][vc_column][vc_empty_space height=&#8221;75&#8243;][\/vc_column][\/vc_row][vc_row type=&#8221;grid&#8221; padding_bottom=&#8221;50&#8243;][vc_column][vc_column_text] Text \/ Biografie \/ Katalog [\/vc_column_text][\/vc_column][\/vc_row][vc_row&#8230;<\/p>\n","protected":false},"author":1,"featured_media":0,"parent":51001,"menu_order":3,"comment_status":"closed","ping_status":"closed","template":"full_width.php","meta":{"footnotes":""},"class_list":["post-52389","page","type-page","status-publish","hentry"],"_links":{"self":[{"href":"https:\/\/www.villa-koeppe.de\/en\/wp-json\/wp\/v2\/pages\/52389\/"}],"collection":[{"href":"https:\/\/www.villa-koeppe.de\/en\/wp-json\/wp\/v2\/pages\/"}],"about":[{"href":"https:\/\/www.villa-koeppe.de\/en\/wp-json\/wp\/v2\/types\/page\/"}],"author":[{"embeddable":true,"href":"https:\/\/www.villa-koeppe.de\/en\/wp-json\/wp\/v2\/users\/1\/"}],"replies":[{"embeddable":true,"href":"https:\/\/www.villa-koeppe.de\/en\/wp-json\/wp\/v2\/comments\/?post=52389"}],"version-history":[{"count":10,"href":"https:\/\/www.villa-koeppe.de\/en\/wp-json\/wp\/v2\/pages\/52389\/revisions\/"}],"predecessor-version":[{"id":55199,"href":"https:\/\/www.villa-koeppe.de\/en\/wp-json\/wp\/v2\/pages\/52389\/revisions\/55199\/"}],"up":[{"embeddable":true,"href":"https:\/\/www.villa-koeppe.de\/en\/wp-json\/wp\/v2\/pages\/51001\/"}],"wp:attachment":[{"href":"https:\/\/www.villa-koeppe.de\/en\/wp-json\/wp\/v2\/media\/?parent=52389"}],"curies":[{"name":"wp","href":"https:\/\/api.w.org\/{rel}","templated":true}]}}