{"id":52473,"date":"2016-03-11T11:29:40","date_gmt":"2016-03-11T10:29:40","guid":{"rendered":"https:\/\/www.villa-koeppe.de\/?page_id=52473"},"modified":"2021-02-18T13:14:54","modified_gmt":"2021-02-18T12:14:54","slug":"yotta_kippe","status":"publish","type":"page","link":"https:\/\/www.villa-koeppe.de\/en\/artists\/yotta_kippe\/","title":{"rendered":"Yotta Kippe"},"content":{"rendered":"<div class=\"wpb-content-wrapper\">[vc_row type=&#8221;grid&#8221; padding_bottom=&#8221;50&#8243;][vc_column][vc_column_text]<a href=\"#text\">Text<\/a> \/ <a href=\"#biografie\">Biografie<\/a> \/ <a href=\"#ausstellungen\">Ausstellungen<\/a>[\/vc_column_text][\/vc_column][\/vc_row][vc_row][vc_column]<div class='eltd_image_gallery_no_space  dark on_hover'><div class='eltd_image_gallery_holder' style='height: 500px;'><ul ><li><div style=\"height: 500px; width:397px;\"><a class=\"lightbox_single_portfolio\" rel=\"prettyPhoto[rel-1127889267]\" href=\"https:\/\/www.villa-koeppe.de\/wp-content\/uploads\/2016\/03\/B-n06072010f_n.jpg\"><span class=\"holder\" style=\"background-color: rgba(255,255,255,0.3);\"><span class=\"outer\"><span class=\"inner\"><span class=\"title\" style=\"color:#000000;font-size:20px;\">Yotta Kippe | C-2_b, 125 x 100 cm, Ilfojet print on metal foil \/ aludibond, graphite<\/span><span class=\"separator\" style=\"background-color:#000000;opacity:1;\"><\/span><span class=\"description\" style=\"color:#000000;font-size:14px;\"><\/span><\/span><\/span><\/span><img decoding=\"async\" src=\"https:\/\/www.villa-koeppe.de\/wp-content\/uploads\/2016\/03\/B-n06072010f_n.jpg\" alt=\"Yotta Kippe | n06072010f_n, 125 x 100 cm, Ilfojet print on metal foil \/ aludibond, graphite\"  \/><\/a><\/div><\/li><li><div style=\"height: 500px; width:397px;\"><a class=\"lightbox_single_portfolio\" rel=\"prettyPhoto[rel-1127889267]\" href=\"https:\/\/www.villa-koeppe.de\/wp-content\/uploads\/2018\/12\/0906.jpg\"><span class=\"holder\" style=\"background-color: rgba(255,255,255,0.3);\"><span class=\"outer\"><span class=\"inner\"><span class=\"title\" style=\"color:#000000;font-size:20px;\">Yotta Kippe | 0906, 125 x 100 cm, Ilfojet print on metal foil \/ aludibond, graphite<\/span><span class=\"separator\" style=\"background-color:#000000;opacity:1;\"><\/span><span class=\"description\" style=\"color:#000000;font-size:14px;\"><\/span><\/span><\/span><\/span><img decoding=\"async\" src=\"https:\/\/www.villa-koeppe.de\/wp-content\/uploads\/2018\/12\/0906.jpg\" alt=\"Yotta Kippe | 0906, 125 x 100 cm, Ilfojet print on metal foil \/ aludibond, graphite\"  \/><\/a><\/div><\/li><li><div style=\"height: 500px; width:399px;\"><a class=\"lightbox_single_portfolio\" rel=\"prettyPhoto[rel-1127889267]\" href=\"https:\/\/www.villa-koeppe.de\/wp-content\/uploads\/2017\/08\/1508.jpg\"><span class=\"holder\" style=\"background-color: rgba(255,255,255,0.3);\"><span class=\"outer\"><span class=\"inner\"><span class=\"title\" style=\"color:#000000;font-size:20px;\">Yotta Kippe | 1508 \u2013 125 x 100 cm, Ilfojet print on metal foil \/ aludibond<\/span><span class=\"separator\" style=\"background-color:#000000;opacity:1;\"><\/span><span class=\"description\" style=\"color:#000000;font-size:14px;\"><\/span><\/span><\/span><\/span><img decoding=\"async\" src=\"https:\/\/www.villa-koeppe.de\/wp-content\/uploads\/2017\/08\/1508.jpg\" alt=\"Yotta Kippe | 1508 \u2013 125 x 100 cm, Ilfojet print on metal foil \/ aludibond, graphite\"  \/><\/a><\/div><\/li><\/ul><\/div><div class=\"controls\"><a class=\"prev-slide\" href=\"#\"><span class=\"arrow_carrot-left\"><\/span><\/a><a class=\"next-slide\" href=\"#\"><span class=\"arrow_carrot-right\"><\/span><\/a><\/div><\/div>[vc_empty_space height=&#8221;75&#8243;][\/vc_column][\/vc_row][vc_row type=&#8221;grid&#8221;][vc_column][vc_column_text]\n<h1 style=\"text-align: left;\">Yotta Kippe<\/h1>\n[\/vc_column_text][vc_empty_space height=&#8221;50&#8243;][vc_column_text]\n[\/vc_column_text][\/vc_column][\/vc_row][vc_row type=&#8221;grid&#8221;][vc_column][vc_column_text]Das zentrale Thema der Kunst von Yotta Kippe ist das Portr\u00e4t. Oft in Bildzyklen behandelt, zeigen ihre Bildnisse \u2013 meist reduziert und changierend \u2013 zwischen sich aufl\u00f6senden oder sich formierenden Strukturen das Gesicht der K\u00fcnstlerin. Frontal und von eindringlich physischer Pr\u00e4senz, doch aus undefinierten R\u00e4umen heraus, stehen Yotta Kippes Portr\u00e4ts dem Betrachter gegen\u00fcber.<\/p>\n<p>Auf den ersten Blick scheinen diese Bilder verr\u00e4tselt. Dadurch wirken sie zun\u00e4chst auch weit offen f\u00fcr Interpretationen des Betrachters der vieles in die Motive hineinprojizieren kann. Bei n\u00e4herem Hinsehen offenbaren sich die Arbeiten der Berlinerin jedoch als ausgekl\u00fcgelte assoziationsreiche Bildsimulationen. Yotta Kippe spielt mit ihren Arbeiten sowohl auf das Sujet des klassischen K\u00fcnstlerportr\u00e4ts an \u2013 das seinen Gegen\u00fcber (den Bildbetrachter) \u201eAuge in Auge\u201c fragend fixiert und auffordert, sich in ein anderes Leben hinein zu versetzen.<\/p>\n<p>Andererseits setzt sich die K\u00fcnstlerin aber auch hintergr\u00fcndig mit den fotografischen Strategien der Hochglanz\u00e4sthetik von Werbe- und Modefotografie auseinander, beispielsweise in dem Yotta Kippe ihr Motiv hoch\u00e4sthetisch auf matt gl\u00e4nzenden Spiegelfolien inszeniert. Aber gerade aus der sich ergebenen Reibung zwischen medialer Werbung und k\u00fcnstlerischer Inszenierung entwickeln ihre Portr\u00e4ts eine ganz eigene Magie und eine nachdr\u00fcckliche Inhaltlichkeit, die den Oberfl\u00e4cheninszenierungen der Medienwelt kontr\u00e4r gegen\u00fcber steht.<\/p>\n<p>Yotta Kippe arbeitet mit minimalen Verschiebungen der K\u00f6rperpr\u00e4senz. Ihre \u00fcberdimensionalen Portr\u00e4ts wechseln zwischen Hell und Dunkel, changieren zwischen N\u00e4he und Distanz, zwischen Sch\u00e4rfe und Unsch\u00e4rfe. Die Strukturen der Bildnisse scheinen hin und wieder in den unbestimmten Hintergrund ihrer Bilder zu versinken \u2013 oder sie entr\u00fccken ins Ungewisse oder gar in die Unkenntlichkeit, beispielsweise dann, wenn die K\u00fcnstlerin sie \u00fcberzeichnet oder mit Schraffuren \u00fcberschichtet.<\/p>\n<p>Ob Yotta Kippe ihr \u201eIch\u201c verr\u00e4tselt, ob sie es ikonisiert oder ob uns ein von ihr fotografiertes Antlitz erschreckend desillusionistisch entgegenblickt \u2013 immer ist der Blick, den sie auf den Betrachter richtet, von eindringlicher psychischer Pr\u00e4senz. Selbst ein Portr\u00e4t, auf dem das Gesicht der K\u00fcnstlerin kaum mehr erkennbar ist und das \u00e4u\u00dferst schemenhaft vielleicht nur noch ein Augenpaar zeigt, vermag das zwiesp\u00e4ltige Gef\u00fchl im Betrachter auszul\u00f6sen, von dem Bild an der Wand eindringlich fixiert zu werden. Zu diesem zwiesp\u00e4ltigen Gef\u00fchl tr\u00e4gt die Gewissheit bei, dem Geheimnis der Pers\u00f6nlichkeit hinter der Bildoberfl\u00e4che nicht einen Schritt n\u00e4her kommen zu k\u00f6nnen.<\/p>\n<p>Yotta Kippes Portr\u00e4ts wahren ihr Geheimnis, sie bleiben imagin\u00e4r und verdichten in ihrer Bildsprache dennoch eine allgemein g\u00fcltige und zeitlosen Aussage sowie ein eindringliches Psychogramm, das vom Dasein des Menschen, seiner Anonymit\u00e4t und Fl\u00fcchtigkeit in der Zeit sowie seines Verschwindens ins Nichts handelt. In den Portr\u00e4tinszenierungen der K\u00fcnstlerin tut sich ein Raum auf, der nicht zuletzt von Fragw\u00fcrdigkeit heutiger gesellschaftlicher Realit\u00e4t handelt.<\/p>\n<p>Andr\u00e9 Lindhorst, August 2017[\/vc_column_text][vc_empty_space height=&#8221;50&#8243;][\/vc_column][\/vc_row][vc_row type=&#8221;grid&#8221;][vc_column][vc_column_text]\n<h1 style=\"text-align: left;\"><a id=\"biografie\"><\/a>Biografie<\/h1>\n[\/vc_column_text][vc_empty_space height=&#8221;50&#8243;][vc_column_text]\n<h2 style=\"text-align: left;\">Vita<\/h2>\n<p>1971<br \/>\nborn in Hamburg<\/p>\n<p>1992 \u20131998<br \/>\nstudies of Visual Arts at UdK Berlin<\/p>\n<h4>Scolarships<\/h4>\n<p>1994 \u2013 1998<br \/>\nK\u00fcnstlerf\u00f6rderung des Cusanuswerks, Bonn<\/p>\n<p>1998<br \/>\nMeistersch\u00fclerpreis der UdK Berlin<\/p>\n<p>2007\/2008<br \/>\nK\u00fcnstlerf\u00f6rderung der Konrad-Adenauer Stiftung<\/p>\n<p>lives and works in Berlin[\/vc_column_text][vc_empty_space height=&#8221;50&#8243;][vc_column_text]\n<h2 style=\"text-align: left;\"><a id=\"ausstellungen\"><\/a>Ausstellungen<\/h2>\n[\/vc_column_text][vc_empty_space height=&#8221;20&#8243;][vc_column_text]\n<h4 style=\"text-align: left;\">Einzelausstellungen (Auswahl)<\/h4>\n<p>Toyama City, Galerie &#8220;NOW&#8221;,Tokyo, Sa Mocca Foundation<br \/>\nBerlin, Galerie Blickensdorf, Hamburg, Galerie C15, Sammlung Lohman<br \/>\nOsnabr\u00fcck, Kunsthalle Dominikanerkirche<br \/>\nBratislava, Goethe Institut, Berlin<br \/>\n&#8220;yottak!_04&#8221;, Galerie Blickensdorff<br \/>\nBerlin, Villa Oppenheim<br \/>\nCastello (Spain), Canem Galeria<br \/>\nSt. Petersburg, National Centre of Photography<br \/>\nPaderborn, BKC<\/p>\n<h4 style=\"text-align: left;\">Gruppenausstellungen (Auswahl)<\/h4>\n<p>M\u00fcnster, &#8220;Gr\u00fcne Neune&#8221;, Westf\u00e4lischer Kunstverein<br \/>\nRom, \u201eKunsstadt Berlin\u201c, Opera Paese<br \/>\nLissabon, Culturgest<br \/>\nLausanne, Mus\u00e9e de l&#8217;Elys\u00e9e<br \/>\nLondon, Hayward Gallery, &#8220;About Face&#8221;<br \/>\nDarmst\u00e4dter Tage der Fotografie<br \/>\nBerlin, Konrad Adenauer Stiftung<br \/>\nSantander, Colleci\u00f3n Norte<br \/>\nPamplona (Spain), SUM<br \/>\nBamberg, Di\u00f6zesan Museum, &#8220;Ave Maria&#8221;[\/vc_column_text][vc_empty_space height=&#8221;100&#8221;][\/vc_column][\/vc_row]\n<\/div>","protected":false},"excerpt":{"rendered":"<p>[vc_row type=&#8221;grid&#8221; padding_bottom=&#8221;50&#8243;][vc_column][vc_column_text]Text \/ Biografie \/ Ausstellungen[\/vc_column_text][\/vc_column][\/vc_row][vc_row][vc_column][vc_empty_space height=&#8221;75&#8243;][\/vc_column][\/vc_row][vc_row type=&#8221;grid&#8221;][vc_column][vc_column_text] Yotta&#8230;<\/p>\n","protected":false},"author":1,"featured_media":0,"parent":51001,"menu_order":1,"comment_status":"closed","ping_status":"closed","template":"full_width.php","meta":{"footnotes":""},"class_list":["post-52473","page","type-page","status-publish","hentry"],"_links":{"self":[{"href":"https:\/\/www.villa-koeppe.de\/en\/wp-json\/wp\/v2\/pages\/52473\/"}],"collection":[{"href":"https:\/\/www.villa-koeppe.de\/en\/wp-json\/wp\/v2\/pages\/"}],"about":[{"href":"https:\/\/www.villa-koeppe.de\/en\/wp-json\/wp\/v2\/types\/page\/"}],"author":[{"embeddable":true,"href":"https:\/\/www.villa-koeppe.de\/en\/wp-json\/wp\/v2\/users\/1\/"}],"replies":[{"embeddable":true,"href":"https:\/\/www.villa-koeppe.de\/en\/wp-json\/wp\/v2\/comments\/?post=52473"}],"version-history":[{"count":10,"href":"https:\/\/www.villa-koeppe.de\/en\/wp-json\/wp\/v2\/pages\/52473\/revisions\/"}],"predecessor-version":[{"id":56997,"href":"https:\/\/www.villa-koeppe.de\/en\/wp-json\/wp\/v2\/pages\/52473\/revisions\/56997\/"}],"up":[{"embeddable":true,"href":"https:\/\/www.villa-koeppe.de\/en\/wp-json\/wp\/v2\/pages\/51001\/"}],"wp:attachment":[{"href":"https:\/\/www.villa-koeppe.de\/en\/wp-json\/wp\/v2\/media\/?parent=52473"}],"curies":[{"name":"wp","href":"https:\/\/api.w.org\/{rel}","templated":true}]}}